{"id":1574,"date":"2018-10-03T06:27:00","date_gmt":"2018-10-03T06:27:00","guid":{"rendered":"http:\/\/test.hotelspark.sk\/cennik\/"},"modified":"2026-05-01T06:28:43","modified_gmt":"2026-05-01T06:28:43","slug":"wellness-einstiegspreisliste","status":"publish","type":"page","link":"https:\/\/www.hotelspark.sk\/de\/wellness-einstiegspreisliste\/","title":{"rendered":"Wellness"},"content":{"rendered":"<div id=\"pl-1574\"  class=\"panel-layout\" ><div id=\"pg-1574-0\"  class=\"panel-grid panel-no-style\" ><div id=\"pgc-1574-0-0\"  class=\"panel-grid-cell\" ><div id=\"panel-1574-0-0-0\" class=\"so-panel widget widget_sow-editor panel-first-child panel-last-child\" data-index=\"0\" ><div\n\t\t\t\n\t\t\tclass=\"so-widget-sow-editor so-widget-sow-editor-base\"\n\t\t\t\n\t\t>\n<div class=\"siteorigin-widget-tinymce textwidget\">\n\t<h5>Wellness Einstiegspreisliste<\/h5>\n\n<table id=\"tablepress-38\" class=\"tablepress tablepress-id-38\">\n<thead>\n<tr class=\"row-1 odd\">\n\t<th class=\"column-1\">Art der Einreise <\/th><th class=\"column-2\">Erwachsener<\/th><th class=\"column-3\">Kind<\/th>\n<\/tr>\n<\/thead>\n<tbody class=\"row-hover\">\n<tr class=\"row-2 even\">\n\t<td class=\"column-1\">Schwimmbadeintritt (2 Stunden)<\/td><td class=\"column-2\">12\u20ac<\/td><td class=\"column-3\">8\u20ac<\/td>\n<\/tr>\n<tr class=\"row-3 odd\">\n\t<td class=\"column-1\">Schwimmbadeintritt (3 Stunden)<\/td><td class=\"column-2\">15\u20ac<\/td><td class=\"column-3\">9\u20ac<\/td>\n<\/tr>\n<tr class=\"row-4 even\">\n\t<td class=\"column-1\">Schwimmbadeintritt (2 Stunden) plus (Sauna und Salzinhalation)<br \/>\n<\/td><td class=\"column-2\">25\u20ac<\/td><td class=\"column-3\">-<\/td>\n<\/tr>\n<tr class=\"row-5 odd\">\n\t<td class=\"column-1\">Schwimmbadeintritt (3 Stunden) plus (Sauna und Salzinhalation)<br \/>\n<\/td><td class=\"column-2\">30\u20ac<\/td><td class=\"column-3\">-<\/td>\n<\/tr>\n<tr class=\"row-6 even\">\n\t<td class=\"column-1\">2-Stunden-Familieneintritt Schwimmbad 2+1 (Kind bis 15 Jahre)<\/td><td class=\"column-2\">29\u20ac<\/td><td class=\"column-3\">-<\/td>\n<\/tr>\n<tr class=\"row-7 odd\">\n\t<td class=\"column-1\">2-Stunden-Familieneintritt Schwimmbad 2+2 (Kinder bis 15 Jahre)<\/td><td class=\"column-2\">35\u20ac<\/td><td class=\"column-3\">-<\/td>\n<\/tr>\n<tr class=\"row-8 even\">\n\t<td class=\"column-1\">45 min. Salz Inhalationsraum + Infrasauna - as<br \/>\nseparater eintritt t\u00e4glich bis 12:00 m\u00f6glich.<\/td><td class=\"column-2\">6\u20ac<\/td><td class=\"column-3\">3\u20ac<\/td>\n<\/tr>\n<tr class=\"row-9 odd\">\n\t<td class=\"column-1\">Aufpreis f\u00fcr zus\u00e4tzliche Zeit (f\u00fcr jede angefangene 30 Min. \u2028\u00dcber die gekaufte hinaus Eintrittszeit, berechnet bei\u2028 R\u00fcckgabe des Armbands an der Rezeption) <\/td><td class=\"column-2\">2,50\u20ac<\/td><td class=\"column-3\">1\u20ac<\/td>\n<\/tr>\n<\/tbody>\n<\/table>\n<!-- #tablepress-38 from cache -->\n<p>Der Eintritt in das Wellnesscenter wird bei Ankunft an der Rezeption bezahlt, ein eventuell noch ausstehender Betrag wird bei Abreise bei Abgabe des Armbands an der Rezeption beglichen.<\/p>\n<p><b>Kinder unter 3,99 Jahren haben kostenfreien Zugang zum Pool und zum Kinderbecken.<br \/>\nDer Eintrittspreis f\u00fcr Kinder gilt f\u00fcr Kinder von 4 bis 14,99 Jahren.<br \/>\nDer Eintritt in den Salz-Inhalationsraum gilt f\u00fcr Kinder von 0-14,99 Jahren.<br \/>\nDer Eintrittspreis f\u00fcr Erwachsene gilt f\u00fcr Personen ab 15 Jahren.<\/b><\/p>\n<p><span style=\"text-decoration: underline;\"><strong>\u00d6ffnungszeiten des Wellnesscenters f\u00fcr die \u00d6ffentlichkeit vom 31.-31.5.2026:<\/strong><\/span><br \/>\nMontag: 12:15\u201316:00 Uhr und 18:30\u201320:30 Uhr<br \/>\nDienstag: 10:00\u201320:00 Uhr<br \/>\nMittwoch: 12:15\u201315:45 Uhr und 19:00\u201321:00 Uhr<br \/>\nDonnerstag: 10:00\u201320:00 Uhr, Saunen 16:00\u201320:00 Uhr<br \/>\nFreitag: 10:00\u201321:00 Uhr, Saunen 16:00\u201321:00 Uhr<br \/>\nSamstag: 10:00\u201321:00 Uhr, Saunen 16:00\u201321:00 Uhr<br \/>\nSonntag: 10:00\u201320:00 Uhr, Saunen 16:00\u201320:00 Uhr<\/p>\n<p><strong>Dienstags: 5.5., 12.5. und 19.5.: 12:00\u201320:00 Uhr<\/strong><\/p>\n<p><strong><span style=\"text-decoration: underline;\">\u00d6ffnungszeiten der Sauna:<\/span><\/strong><br \/>\nMontag bis Mittwoch: Zugang zur Infrarotsauna und zum Salzinhalationsraum, letzter Einlass 1 Stunde vor Schlie\u00dfung des Wellnesscenters.<br \/>\nDonnerstag bis Sonntag und an Feiertagen: Zugang zur Infrarotsauna und zum Salzinhalationsraum von 10:00 bis 14:00 Uhr, auch f\u00fcr Kinder.<br \/>\nZugang zur Sauna (Finnisch, Dampfbad, Infrarot) + Salzinhalationsraum von 16:00 bis 20:00 Uhr donnerstags und sonntags sowie von 16:00 bis 21:00 Uhr freitags und samstags.<br \/>\nDie Infrarotsauna wird vom Gast direkt in der Sauna eingeschaltet. Sie schaltet sich nach 15 Minuten automatisch ab.<\/p>\n<\/div>\n<\/div><\/div><\/div><\/div><div id=\"pg-1574-1\"  class=\"panel-grid panel-no-style\" ><div id=\"pgc-1574-1-0\"  class=\"panel-grid-cell\" ><div id=\"panel-1574-1-0-0\" class=\"so-panel widget widget_sow-editor panel-first-child\" data-index=\"1\" ><div\n\t\t\t\n\t\t\tclass=\"so-widget-sow-editor so-widget-sow-editor-base\"\n\t\t\t\n\t\t>\n<div class=\"siteorigin-widget-tinymce textwidget\">\n\t<h5> Mietpreisliste <\/h5>\n<p>Handt\u00fccher, Bettw\u00e4sche und Badem\u00e4ntel k\u00f6nnen gegen eine Geb\u00fchr an der Rezeption ausgeliehen werden. Bitte geben Sie gebrauchte Gegenst\u00e4nde in die Sammelk\u00f6rbe des Wellnesscenters zur\u00fcck.<\/p>\n<\/div>\n<\/div><\/div><div id=\"panel-1574-1-0-1\" class=\"so-panel widget widget_sow-editor\" data-index=\"2\" ><div\n\t\t\t\n\t\t\tclass=\"so-widget-sow-editor so-widget-sow-editor-base\"\n\t\t\t\n\t\t>\n<div class=\"siteorigin-widget-tinymce textwidget\">\n\t\n<table id=\"tablepress-28\" class=\"tablepress tablepress-id-28\">\n<thead>\n<tr class=\"row-1 odd\">\n\t<th class=\"column-1\">Mietpreisliste<br \/>\n<\/th><th class=\"column-2\">Preis<\/th>\n<\/tr>\n<\/thead>\n<tbody class=\"row-hover\">\n<tr class=\"row-2 even\">\n\t<td class=\"column-1\">Wellness Handt\u00fccher <\/td><td class=\"column-2\">3\u20ac<\/td>\n<\/tr>\n<tr class=\"row-3 odd\">\n\t<td class=\"column-1\">Saunatuch<\/td><td class=\"column-2\">3\u20ac<\/td>\n<\/tr>\n<tr class=\"row-4 even\">\n\t<td class=\"column-1\">Bademantel <\/td><td class=\"column-2\">4,50\u20ac<\/td>\n<\/tr>\n<tr class=\"row-5 odd\">\n\t<td class=\"column-1\">Hausschuhe<\/td><td class=\"column-2\">3,50\u20ac<\/td>\n<\/tr>\n<\/tbody>\n<\/table>\n<!-- #tablepress-28 from cache -->\n<\/div>\n<\/div><\/div><div id=\"panel-1574-1-0-2\" class=\"so-panel widget widget_sow-editor panel-last-child\" data-index=\"3\" ><div\n\t\t\t\n\t\t\tclass=\"so-widget-sow-editor so-widget-sow-editor-base\"\n\t\t\t\n\t\t>\n<div class=\"siteorigin-widget-tinymce textwidget\">\n\t<p>Handt\u00fccher, Bettw\u00e4sche und Hausschuhe d\u00fcrfen Sie im Wellnesscenter mitbringen. In den Saunen m\u00fcssen die Besucher das Saunatuch benutzen. Beim Kauf des Eintritts inklusive Saunen erh\u00e4lt jeder Gast ein Saunatuch. Wir bem\u00fchen uns um den Schutz der Umwelt, daher sind Handt\u00fccher, Bettw\u00e4sche und Badem\u00e4ntel nicht im Eintrittspreis enthalten und werden den G\u00e4sten nicht automatisch ausgeh\u00e4ndigt. Sie k\u00f6nnen diese gegen eine Geb\u00fchr direkt an der Rezeption ausleihen. Bitte seien Sie so nett und geben Sie gebrauchte Gegenst\u00e4nde in die Sammelk\u00f6rbe des Wellnesscenters zur\u00fcck.<\/p>\n<\/div>\n<\/div><\/div><\/div><div id=\"pgc-1574-1-1\"  class=\"panel-grid-cell\" ><div id=\"panel-1574-1-1-0\" class=\"so-panel widget widget_sow-editor panel-first-child\" data-index=\"4\" ><div\n\t\t\t\n\t\t\tclass=\"so-widget-sow-editor so-widget-sow-editor-base\"\n\t\t\t\n\t\t>\n<div class=\"siteorigin-widget-tinymce textwidget\">\n\t<h5><strong>Wellness-Pass <\/strong><\/h5>\n<p>Im Wellnesshotel SPARK k\u00f6nnen Sie einen Pass f\u00fcr das Wellnesscenter erwerben, der f\u00fcr alle Wellnessleistungen genutzt werden kann.<\/p>\n<\/div>\n<\/div><\/div><div id=\"panel-1574-1-1-1\" class=\"so-panel widget widget_sow-editor\" data-index=\"5\" ><div\n\t\t\t\n\t\t\tclass=\"so-widget-sow-editor so-widget-sow-editor-base\"\n\t\t\t\n\t\t>\n<div class=\"siteorigin-widget-tinymce textwidget\">\n\t\n<table id=\"tablepress-39\" class=\"tablepress tablepress-id-39\">\n<thead>\n<tr class=\"row-1 odd\">\n\t<th class=\"column-1\">Wert des Passes<\/th><th class=\"column-2\">Rabatt<\/th>\n<\/tr>\n<\/thead>\n<tbody class=\"row-hover\">\n<tr class=\"row-2 even\">\n\t<td class=\"column-1\">1-50\u20ac<\/td><td class=\"column-2\">ohne Rabatt<\/td>\n<\/tr>\n<tr class=\"row-3 odd\">\n\t<td class=\"column-1\">51-150\u20ac<\/td><td class=\"column-2\">5%<\/td>\n<\/tr>\n<tr class=\"row-4 even\">\n\t<td class=\"column-1\">151-280\u20ac<\/td><td class=\"column-2\">10%<\/td>\n<\/tr>\n<tr class=\"row-5 odd\">\n\t<td class=\"column-1\">281-345\u20ac<\/td><td class=\"column-2\">15%<\/td>\n<\/tr>\n<tr class=\"row-6 even\">\n\t<td class=\"column-1\">346\u20ac +<\/td><td class=\"column-2\">20%<\/td>\n<\/tr>\n<\/tbody>\n<\/table>\n<!-- #tablepress-39 from cache -->\n<\/div>\n<\/div><\/div><div id=\"panel-1574-1-1-2\" class=\"so-panel widget widget_sow-editor panel-last-child\" data-index=\"6\" ><div\n\t\t\t\n\t\t\tclass=\"so-widget-sow-editor so-widget-sow-editor-base\"\n\t\t\t\n\t\t>\n<div class=\"siteorigin-widget-tinymce textwidget\">\n\t<p>Im Wellnesshotel SPARK k\u00f6nnen Sie eine Wellness-Karte erwerben, die ausschlie\u00dflich f\u00fcr Wellness-Dienstleistungen verwendet werden kann. Die Karte ist ab Kaufdatum ein Jahr g\u00fcltig.<\/p>\n<\/div>\n<\/div><\/div><\/div><\/div><div id=\"pg-1574-2\"  class=\"panel-grid panel-no-style\" ><div id=\"pgc-1574-2-0\"  class=\"panel-grid-cell\" ><div id=\"panel-1574-2-0-0\" class=\"so-panel widget widget_sow-editor panel-first-child panel-last-child\" data-index=\"7\" ><div\n\t\t\t\n\t\t\tclass=\"so-widget-sow-editor so-widget-sow-editor-base\"\n\t\t\t\n\t\t>\n<div class=\"siteorigin-widget-tinymce textwidget\">\n\t<h4 style=\"text-align: center;\"> Die Preisliste ist g\u00fcltig ab 01.12.2025. Das Hotel beh\u00e4lt sich das Recht vor, \u00c4nderungen vorzunehmen.<\/h4>\n<\/div>\n<\/div><\/div><\/div><\/div><div id=\"pg-1574-3\"  class=\"panel-grid panel-no-style\" ><div id=\"pgc-1574-3-0\"  class=\"panel-grid-cell\" ><div id=\"panel-1574-3-0-0\" class=\"so-panel widget widget_sow-editor panel-first-child\" data-index=\"8\" ><div\n\t\t\t\n\t\t\tclass=\"so-widget-sow-editor so-widget-sow-editor-base\"\n\t\t\t\n\t\t>\n<div class=\"siteorigin-widget-tinymce textwidget\">\n\t<div class=\"border-title\">\n<div class=\"title\">\n<p>WICHTIGE INFORMATIONEN<\/p>\n<div class=\"border-left\"><\/div>\n<div class=\"border-right\"><\/div>\n<\/div>\n<\/div>\n<div class=\"content-inner content-center\"><\/div>\n<\/div>\n<\/div><\/div><div id=\"panel-1574-3-0-1\" class=\"so-panel widget widget_sow-editor panel-last-child\" data-index=\"9\" ><div\n\t\t\t\n\t\t\tclass=\"so-widget-sow-editor so-widget-sow-editor-base\"\n\t\t\t\n\t\t>\n<div class=\"siteorigin-widget-tinymce textwidget\">\n\t<h4><b> Regeln f\u00fcr das Wellnesscenter <\/b><\/h4>\n<ol>\n<li><strong>Kinder bis 3,99 Jahre <\/strong><strong>haben keinen Zutritt zum Whirlpool<\/strong>.<\/li>\n<li><strong>Kinder, die Windeln tragen, m\u00fcssen spezielle Schwimmwindeln oder spezielle Schwimmwindel-Badebekleidung tragen.<\/strong><\/li>\n<li><strong>Kinder bis 14,99 Jahre haben keinen Zutritt zum Saunabereich.<\/strong><\/li>\n<li><strong>Kinder bis 14,99 Jahre d\u00fcrfen t\u00e4glich bis 12:00 Uhr die Salzinhalationskabine und Infrarotsauna w\u00e4hrend der \u00d6ffnungszeiten des Wellnesscenters besuchen; dieser Eintritt wird als Kindereintritt mit 3 EUR\/45 Min. berechnet.<\/strong><\/li>\n<li><strong>Einschr\u00e4nkungen im Betrieb des Wellnesscenters finden Sie immer aktuell im Bereich MITTEILUNGEN.<\/strong><\/li>\n<li><strong>Mit Kauf des Eintritts zum Wellnesscenter k\u00f6nnen G\u00e4ste w\u00e4hrend der Sommersaison auch das Au\u00dfenbecken im Atrium des Wellnesscenters nutzen, das Teil des Wellnesscenters ist und f\u00fcr das alle Regeln wie beim Innenbecken gelten.<\/strong><\/li>\n<li><strong>Nach 18 Uhr<\/strong> gilt im Wellnessbereich <strong>Ruhemodus<\/strong>. In dieser Zeit ist r\u00fccksichtvolles Verhalten gegen\u00fcber anderen G\u00e4sten erforderlich.<\/li>\n<li><strong>Die Mindestgeb\u00fchr f\u00fcr den Eintritt ins Wellnesscenter ist oben im g\u00fcltigen Preisverzeichnis angegeben. Wenn der Gast die Zeit \u00fcberschreitet, f\u00e4llt eine Nachzahlung von 2,50EUR\/erwachsene Person und 1EUR\/Kind f\u00fcr jeweils angefangene 30 Minuten an. Diese Geb\u00fchr ist bei R\u00fcckgabe des Armbands an der Rezeption zu zahlen.<\/strong><\/li>\n<li><strong>Es ist strengstens <\/strong><strong>verboten<\/strong>, Speisen oder Getr\u00e4nke in den Schwimmbecken, Whirlpool, Kinderbecken, allen Saunen und im Salzinhalationsraum zu konsumieren.<\/li>\n<li><strong>Getr\u00e4nke d\u00fcrfen von G\u00e4sten an den Tischen mit Sitzgelegenheiten in der Schwimmhalle oder auf der Terrasse im Atrium w\u00e4hrend der Sommersaison konsumiert werden.<\/strong><\/li>\n<li><strong>Das Mitbringen von Glasgegenst\u00e4nden ins Wellnesscenter ist strengstens verboten.<\/strong><\/li>\n<li>Das Wellnesscenter umfasst das gesamte Gel\u00e4nde des Wellnesscenters inklusive Atrium.<\/li>\n<li><strong>Wenn G\u00e4ste im Wellnesscenter Getr\u00e4nke bestellen m\u00f6chten, k\u00f6nnen sie dies \u00fcber das Tablet in der Schwimmhalle bei den Tischen tun. Getr\u00e4nke werden vom Personal in umweltfreundlichen Verpackungen serviert, nicht in Glas. Bitte konsumieren Sie die Getr\u00e4nke an den Tischen beim Tablet. Speisen und Getr\u00e4nke k\u00f6nnen w\u00e4hrend der Sommersaison auch auf der Terrasse im Atrium bestellt und konsumiert werden, wo regelm\u00e4\u00dfig Personal vorbeikommt.<\/strong><\/li>\n<li><strong>Das Tablet in der Schwimmhalle dient auch zum Rufen des Personals und zur Kontrolle der verbrauchten Zeit seit Aktivierung des Armbands.<\/strong><\/li>\n<li><strong>Der Zutritt zum Saunabereich ist nur in Kombination mit dem Eintritt zum Schwimmbadbereich m\u00f6glich. Ein separater Eintritt nur f\u00fcr den Saunabereich ist nicht erh\u00e4ltlich.<\/strong><\/li>\n<li>Mit Kauf des Eintritts zum Schwimmbadbereich k\u00f6nnen G\u00e4ste w\u00e4hrend der Sommersaison auch das Au\u00dfenbecken besuchen.<\/li>\n<li><strong>Mit dem Eintritt \u201eSchwimmbad + Saunen\u201c erh\u00e4lt der Gast kostenlos ein Handtuch und eine Flasche Wasser.<\/strong><\/li>\n<li><strong>Der Zutritt zur finnischen Sauna ist nur mit einem Hotelhandtuch erlaubt. Benutzte Handt\u00fccher bitte in die Sammelbeh\u00e4lter in der Schwimmhalle legen. Es ist verboten, bunte Handt\u00fccher, Badet\u00fccher oder bunte Laken in der finnischen Sauna zu verwenden.<\/strong><\/li>\n<li><strong>Der Zutritt zum Wellnessbereich erfolgt auf eigene Gefahr.<\/strong><\/li>\n<li><strong>Minderj\u00e4hrige<\/strong> d\u00fcrfen das Wellnessareal nur in Begleitung eines Erwachsenen und ausschlie\u00dflich auf Verantwortung der begleitenden Erwachsenen betreten.<\/li>\n<li><strong>Eine erwachsene Person<\/strong> darf maximal 2 Minderj\u00e4hrige begleiten.<\/li>\n<li>Kinder d\u00fcrfen nur in Begleitung eines Erwachsenen im <strong>Kinderschwimmbecken baden, das ausschlie\u00dflich f\u00fcr Kinder bis 6 Jahre vorgesehen ist.<\/strong><\/li>\n<li>Erwachsene d\u00fcrfen nicht im Kinderschwimmbecken baden. Sie k\u00f6nnen am Beckenrand sitzen.<\/li>\n<li>Der Hotelbetreiber \u00fcbernimmt keine Verantwortung f\u00fcr pers\u00f6nliche Gegenst\u00e4nde, die im Wellnesscenter vergessen werden.<\/li>\n<li>Wir empfehlen unseren G\u00e4sten, Wertsachen im Safe des Hotelzimmers oder an der Hotelrezeption zu deponieren.<\/li>\n<li>Das Hotel beh\u00e4lt sich das Recht vor, den Betrieb des Wellnesscenters abh\u00e4ngig von der Auslastung einzuschr\u00e4nken. Wir empfehlen, die Verf\u00fcgbarkeit f\u00fcr nicht-\u00fcbernachtende G\u00e4ste vorab telefonisch an der Rezeption unter Tel. Nr. 034\/7746203 zu pr\u00fcfen.<\/li>\n<li>Das Wellnesscenter wird zum Schutz des Eigentums des Betreibers video\u00fcberwacht. Mit dem Kauf eines Eintritts und dem Betreten des Wellnessbereichs erkl\u00e4ren Sie sich mit der Video\u00fcberwachung w\u00e4hrend Ihres Besuchs einverstanden.<\/li>\n<li>Im Wellnesscenter gibt es keine textilfreie Zone au\u00dfer den Duschen in den Umkleider\u00e4umen und bei den Saunen, den Abk\u00fchlwannen und den Umkleider\u00e4umen. Badebekleidung ist im Schwimmbadbereich und im Atrium verpflichtend. Im Saunabereich muss sich der Besucher mit einem Handtuch bedecken. Das Betreten des Salzinhalationsraums ohne Kleidung oder ohne Bedeckung mit einem Handtuch oder Bademantel ist verboten.<\/li>\n<li>Im Wellnesscenter kann der Boden nass sein, daher ist beim Gehen Vorsicht geboten, um Ausrutschen zu vermeiden, und es wird empfohlen, rutschfeste Schuhe zu tragen.<\/li>\n<li>Springen ins Schwimmbecken, Rennen \/ Herumjagen oder andere gef\u00e4hrliche Handlungen, die Verletzungsrisiken verursachen oder erh\u00f6hen k\u00f6nnen, sind im Wellnesscenter verboten.<b><\/b><b>Private Vermietung des Wellnesscenters<\/b>2-st\u00fcndige Wellnessmiete von 9: 00-15: 00 Uhr f\u00fcr 170 \u20ac \/ Eintritt max.10 Personen; von 15:00 bis 21:00 Uhr f\u00fcr 290 \u20ac \/ max. 10 Personen. Wellness-Verleih f\u00fcr 3 Stunden nach 21:00 Uhr f\u00fcr 500 \u20ac \/ max. 10 Personen.\n<p>Der Verleih eines Wellnesscenters muss vom Gast gemeldet werden. 24 Stunden. im Voraus und ist nur g\u00fcltig, wenn es im Voraus bezahlt und auch schriftlich vom Hotel best\u00e4tigt wird.<\/p>\n<p><b>Das Hotel beh\u00e4lt sich das Recht vor, \u00c4nderungen vorzunehmen.<\/b><\/p>\n<\/li>\n<\/ol>\n<\/div>\n<\/div><\/div><\/div><\/div><\/div>","protected":false},"excerpt":{"rendered":"<p>Wellness Einstiegspreisliste Der Eintritt in das Wellnesscenter wird bei Ankunft an der Rezeption bezahlt, ein eventuell noch ausstehender Betrag wird bei Abreise bei Abgabe des Armbands an der Rezeption beglichen. Kinder unter 3,99 Jahren haben kostenfreien Zugang zum Pool und zum Kinderbecken. Der Eintrittspreis f\u00fcr Kinder gilt f\u00fcr Kinder von 4 bis 14,99 Jahren. Der [&hellip;]<\/p>\n","protected":false},"author":3,"featured_media":624,"parent":0,"menu_order":0,"comment_status":"closed","ping_status":"closed","template":"","meta":[],"acf":[],"_links":{"self":[{"href":"https:\/\/www.hotelspark.sk\/de\/wp-json\/wp\/v2\/pages\/1574"}],"collection":[{"href":"https:\/\/www.hotelspark.sk\/de\/wp-json\/wp\/v2\/pages"}],"about":[{"href":"https:\/\/www.hotelspark.sk\/de\/wp-json\/wp\/v2\/types\/page"}],"author":[{"embeddable":true,"href":"https:\/\/www.hotelspark.sk\/de\/wp-json\/wp\/v2\/users\/3"}],"replies":[{"embeddable":true,"href":"https:\/\/www.hotelspark.sk\/de\/wp-json\/wp\/v2\/comments?post=1574"}],"version-history":[{"count":36,"href":"https:\/\/www.hotelspark.sk\/de\/wp-json\/wp\/v2\/pages\/1574\/revisions"}],"predecessor-version":[{"id":7443,"href":"https:\/\/www.hotelspark.sk\/de\/wp-json\/wp\/v2\/pages\/1574\/revisions\/7443"}],"wp:featuredmedia":[{"embeddable":true,"href":"https:\/\/www.hotelspark.sk\/de\/wp-json\/wp\/v2\/media\/624"}],"wp:attachment":[{"href":"https:\/\/www.hotelspark.sk\/de\/wp-json\/wp\/v2\/media?parent=1574"}],"curies":[{"name":"wp","href":"https:\/\/api.w.org\/{rel}","templated":true}]}}