{"id":1632,"date":"2018-10-03T08:10:20","date_gmt":"2018-10-03T08:10:20","guid":{"rendered":"http:\/\/test.hotelspark.sk\/kozmetika\/"},"modified":"2018-10-31T10:58:01","modified_gmt":"2018-10-31T10:58:01","slug":"cosmetics","status":"publish","type":"page","link":"https:\/\/www.hotelspark.sk\/de\/cosmetics\/","title":{"rendered":"Cosmetics"},"content":{"rendered":"<div id=\"pl-1632\"  class=\"panel-layout\" ><div id=\"pg-1632-0\"  class=\"panel-grid panel-no-style\" ><div id=\"pgc-1632-0-0\"  class=\"panel-grid-cell\" ><div id=\"panel-1632-0-0-0\" class=\"so-panel widget widget_sow-editor panel-first-child panel-last-child\" data-index=\"0\" ><div\n\t\t\t\n\t\t\tclass=\"so-widget-sow-editor so-widget-sow-editor-base\"\n\t\t\t\n\t\t>\n<div class=\"siteorigin-widget-tinymce textwidget\">\n\t<h5 style=\"text-align: center; margin-bottom: 0px;\"><strong>Die Kur f\u00fcr fettige Haut mit erweiterten Poren und Neigung zur Akne, 90 - 120 min.<\/strong><\/h5>\n<div class=\"border-title\">\n<div class=\"title\">\n<p>30\u20ac<\/p>\n<div class=\"border-left\"><\/div>\n<div class=\"border-right\"><\/div>\n<\/div>\n<\/div>\n<div class=\"content-inner content-center\"><\/div>\n<p style=\"margin-top: 0px;\">Die Haut produziert eine erh\u00f6hte Menge an Talg, und f\u00fcr das gesunde und frische Aussehen des fettigen Hauttyps ist es wichtig, Entz\u00fcndungsprozesse regelm\u00e4\u00dfig zu reinigen und zu verhindern, w\u00e4hrend die nat\u00fcrliche Elastizit\u00e4t der Haut erhalten bleibt. Die Pr\u00e4parate f\u00fcr diese Behandlung enthalten daher Aloe Vera, Salbei, Arnika, Eichenrinde, Kaolin, Calcium und Vitamin C und E, die \u00fcbersch\u00fcssigen Talg entfernen, reinigen, Akne reduzieren und Poren reduzieren.<\/p>\n<p><strong>Beschreibung der Prozedur:<\/strong><\/p>\n<li>\u00a0Oberfl\u00e4chenreinigung<\/li>\n<li>\u00a0enzymatisches Peeling<\/li>\n<li>\u00a0Tiefenreinigung<\/li>\n<li>\u00a0Doppelmaske<\/li>\n<li>\u00a0Serum, Creme<\/li>\n<p>Diese Kur ist keine kosmetische Massage, die Pr\u00e4parate werden durch leichtes Klopfen in die Haut aufgetragen.<\/p>\n<\/div>\n<\/div><\/div><\/div><div id=\"pgc-1632-0-1\"  class=\"panel-grid-cell\" ><div id=\"panel-1632-0-1-0\" class=\"so-panel widget widget_sow-editor panel-first-child panel-last-child\" data-index=\"1\" ><div\n\t\t\t\n\t\t\tclass=\"so-widget-sow-editor so-widget-sow-editor-base\"\n\t\t\t\n\t\t>\n<div class=\"siteorigin-widget-tinymce textwidget\">\n\t<h5 style=\"text-align: center; margin-bottom: 0px;\"><strong>Pflegende und regenerierende Kur f\u00fcr empfindliche und trockene Haut, 90 - 120 min.<\/strong><\/h5>\n<div class=\"border-title\">\n<div class=\"title\">\n<p>35\u20ac<\/p>\n<div class=\"border-left\"><\/div>\n<div class=\"border-right\"><\/div>\n<\/div>\n<\/div>\n<div class=\"content-inner content-center\"><\/div>\n<p style=\"margin-top: 0px;\">Die trockene und empfindliche Haut ist sehr anf\u00e4llig f\u00fcr Verwitterungserscheinungen und mit zunehmendem Alter ist es notwendig, Substanzen zu liefern, die ihre Elastizit\u00e4t, St\u00e4rke und Helligkeit gew\u00e4hrleisten. Die Wirkstoffe in dieser Behandlung sind haupts\u00e4chlich nat\u00fcrliche \u00d6le (Oliven und Primeln), Getreidesprossen, medizinische Nektare und Vitamine, die regenerieren, normalisieren, die Elastizit\u00e4t verbessern und die Haut geschmeidig und weich machen.\n<\/p>\n<p><strong>Beschreibung der Prozedur:<\/strong><\/p>\n<li>\u00a0Oberfl\u00e4chenreinigung<\/li>\n<li>\u00a0Feines Peeling<\/li>\n<li>\u00a0Behandlung mit Hydro-NUTRITIVE und LANOMED (Maske, Serum, Creme, Salbe) mit kosmetischer Massage aufgetragen<\/li>\n<\/div>\n<\/div><\/div><\/div><div id=\"pgc-1632-0-2\"  class=\"panel-grid-cell\" ><div id=\"panel-1632-0-2-0\" class=\"so-panel widget widget_sow-editor panel-first-child panel-last-child\" data-index=\"2\" ><div\n\t\t\t\n\t\t\tclass=\"so-widget-sow-editor so-widget-sow-editor-base\"\n\t\t\t\n\t\t>\n<div class=\"siteorigin-widget-tinymce textwidget\">\n\t<h5 style=\"text-align: center; margin-bottom: 0px;\"><strong>Luxus in Form von Gold, 90 - 120 min.<\/strong><\/h5>\n<div class=\"border-title\">\n<div class=\"title\">\n<p>55\u20ac<\/p>\n<div class=\"border-left\"><\/div>\n<div class=\"border-right\"><\/div>\n<\/div>\n<\/div>\n<div class=\"content-inner content-center\"><\/div>\n<p style=\"margin-top: 0px;\">Luxuri\u00f6se und energiespendende Behandlung f\u00fcr ein perfektes \u00c4u\u00dferes mit einem Luxuskomplex aus 24 Karat vergoldetem Gold, kolloidalem Gold, Kaviar, pflanzlichen Zellextrakten, Hyalurons\u00e4ure, Kollagen und Hydratations-Vitaminkomplex. Ein hoher Komfort erh\u00f6ht die Stimulation der selbstregenerativen Hautfunktionen und die Regeneration der Zellen.<\/p>\n<p><strong>Beschreibung der Prozedur:<\/strong><\/p>\n<li>\u00a0Oberfl\u00e4chenreinigung<\/li>\n<li>\u00a0Enzymatisches AHA-Peeling<\/li>\n<li>\u00a024K Goldbehandlung (Serum, Creme) mit kosmetischer Massage<\/li>\n<li>\u00a0Aktive Kollagenmaske<\/li>\n<li>\u00a0Ultimative Creme mit 24 Karat Gold<\/li>\n<p>Geeignet f\u00fcr alle Hauttypen, besonders f\u00fcr anspruchsvolle Haut.<\/p>\n<\/div>\n<\/div><\/div><\/div><\/div><div id=\"pg-1632-1\"  class=\"panel-grid panel-no-style\" ><div id=\"pgc-1632-1-0\"  class=\"panel-grid-cell panel-grid-cell-empty\" ><\/div><\/div><div id=\"pg-1632-2\"  class=\"panel-grid panel-no-style\" ><div id=\"pgc-1632-2-0\"  class=\"panel-grid-cell\" ><div id=\"panel-1632-2-0-0\" class=\"so-panel widget widget_sow-editor panel-first-child panel-last-child\" data-index=\"3\" ><div\n\t\t\t\n\t\t\tclass=\"so-widget-sow-editor so-widget-sow-editor-base\"\n\t\t\t\n\t\t>\n<div class=\"siteorigin-widget-tinymce textwidget\">\n\t<h5 style=\"text-align: center; margin-bottom: 0px;\"><strong>Antistress-, Lifting- und Entgiftungsbehandlung, 90 - 120 min.<\/strong><\/h5>\n<div class=\"border-title\">\n<div class=\"title\">\n<p>35\u20ac<\/p>\n<div class=\"border-left\"><\/div>\n<div class=\"border-right\"><\/div>\n<\/div>\n<\/div>\n<div class=\"content-inner content-center\"><\/div>\n<p style=\"margin-top: 0px;\">Regenerative Behandlung f\u00fcr die Entgiftung der Haut und erh\u00f6hte Elastizit\u00e4t mit Lifting-Effekt f\u00fcr feine Falten, Extrakt aus gr\u00fcnem Tee, Kokos\u00f6l, Hyalurons\u00e4ure und Vitamin E f\u00fchrt zu einer weichen und strahlenden Haut.<\/p>\n<p><strong>Beschreibung der Prozedur:<\/strong><\/p>\n<li>\u00a0Oberfl\u00e4chenreinigung<\/li>\n<li>\u00a0Peeling<\/li>\n<li>\u00a0Anti-Stress-Behandlung (Maske, Serum, Creme) mit kosmetischer Massage<\/li>\n<\/div>\n<\/div><\/div><\/div><div id=\"pgc-1632-2-1\"  class=\"panel-grid-cell\" ><div id=\"panel-1632-2-1-0\" class=\"so-panel widget widget_sow-editor panel-first-child panel-last-child\" data-index=\"4\" ><div\n\t\t\t\n\t\t\tclass=\"so-widget-sow-editor so-widget-sow-editor-base\"\n\t\t\t\n\t\t>\n<div class=\"siteorigin-widget-tinymce textwidget\">\n\t<h5 style=\"text-align: center; margin-bottom: 0px;\"><strong>Der Kur mit Kollagen 90 - 120 min.<\/strong><\/h5>\n<div class=\"border-title\">\n<div class=\"title\">\n<p>35\u20ac<\/p>\n<div class=\"border-left\"><\/div>\n<div class=\"border-right\"><\/div>\n<\/div>\n<\/div>\n<div class=\"content-inner content-center\"><\/div>\n<p style=\"margin-top: 0px;\">Kollagenfasern beeinflussen die Elastizit\u00e4t und Geschmeidigkeit der Haut und ihre Alterung. Daher stimulieren Aminos\u00e4uren, Kollagen, Hyalurons\u00e4ure, Vitamin E und Panthenol, die in der Kollagenbehandlung enthalten sind, den Prozess der Synthese von Kollagenfasern, gl\u00e4tten die Haut und erzeugen ein samtiges Aussehen.<\/p>\n<p><strong>Beschreibung der Prozedur:<\/strong><\/p>\n<li>\u00a0Oberfl\u00e4chenreinigung<\/li>\n<li>\u00a0\u00a0Feines Peeling<\/li>\n<li>\u00a0Behandlung mit Hydro-NUTRITIVE und LANOMED (Maske, Serum, Creme, Salbe) durch kosmetische Massage<\/li>\n<\/div>\n<\/div><\/div><\/div><div id=\"pgc-1632-2-2\"  class=\"panel-grid-cell\" ><div id=\"panel-1632-2-2-0\" class=\"so-panel widget widget_sow-editor panel-first-child panel-last-child\" data-index=\"5\" ><div\n\t\t\t\n\t\t\tclass=\"so-widget-sow-editor so-widget-sow-editor-base\"\n\t\t\t\n\t\t>\n<div class=\"siteorigin-widget-tinymce textwidget\">\n\t<h5 style=\"text-align: center; margin-bottom: 0px;\"><strong>Entspannungskur, 45 - 60 min.<\/strong><\/h5>\n<div class=\"border-title\">\n<div class=\"title\">\n<p>22\u20ac<\/p>\n<div class=\"border-left\"><\/div>\n<div class=\"border-right\"><\/div>\n<\/div>\n<\/div>\n<div class=\"content-inner content-center\"><\/div>\n<p style=\"margin-top: 0px;\">Entspannungsf\u00f6rdernde Gesichts- und Dekollet\u00e9behandlung durch wohltuende Massage von Stirn, Gesicht und Dekollet\u00e9.<\/p>\n<p><strong>Beschreibung der Prozedur:<\/strong><\/p>\n<li>\u00a0Oberfl\u00e4chenreinigung<\/li>\n<li>\u00a0Pflegende Creme<\/li>\n<li>\u00a0Paraffinmaske<\/li>\n<li>\u00a0Massage von Stirn, Gesicht und Dekollet\u00e9<\/li>\n<\/div>\n<\/div><\/div><\/div><\/div><div id=\"pg-1632-3\"  class=\"panel-grid panel-no-style\" ><div id=\"pgc-1632-3-0\"  class=\"panel-grid-cell panel-grid-cell-empty\" ><\/div><\/div><div id=\"pg-1632-4\"  class=\"panel-grid panel-no-style\" ><div id=\"pgc-1632-4-0\"  class=\"panel-grid-cell\" ><div id=\"panel-1632-4-0-0\" class=\"so-panel widget widget_sow-editor panel-first-child panel-last-child\" data-index=\"6\" ><div\n\t\t\t\n\t\t\tclass=\"so-widget-sow-editor so-widget-sow-editor-base\"\n\t\t\t\n\t\t>\n<div class=\"siteorigin-widget-tinymce textwidget\">\n\t<h5 style=\"text-align: center; margin-bottom: 0px;\"><strong>Gesichtsmassage, 30 min <\/strong><\/h5>\n<div class=\"border-title\">\n<div class=\"title\">\n<p>15\u20ac<\/p>\n<div class=\"border-left\"><\/div>\n<div class=\"border-right\"><\/div>\n<\/div>\n<\/div>\n<div class=\"content-inner content-center\"><\/div>\n<p style=\"margin-top: 0px;\">Die kosmetische Gesichts- und Dekollet\u00e9massage eignet sich als separate Massage oder als Erg\u00e4nzung zu jeder K\u00f6rpermassage oder Behandlung.<\/p>\n<\/div>\n<\/div><\/div><\/div><div id=\"pgc-1632-4-1\"  class=\"panel-grid-cell\" ><div id=\"panel-1632-4-1-0\" class=\"so-panel widget widget_sow-editor panel-first-child panel-last-child\" data-index=\"7\" ><div\n\t\t\t\n\t\t\tclass=\"so-widget-sow-editor so-widget-sow-editor-base\"\n\t\t\t\n\t\t>\n<div class=\"siteorigin-widget-tinymce textwidget\">\n\t\n<table id=\"tablepress-30\" class=\"tablepress tablepress-id-30\">\n<thead>\n<tr class=\"row-1 odd\">\n\t<th class=\"column-1\">Formen der Augenbraue*<\/th><th class=\"column-2\">2,50\u20ac<\/th>\n<\/tr>\n<\/thead>\n<tbody class=\"row-hover\">\n<tr class=\"row-2 even\">\n\t<td class=\"column-1\">F\u00e4rben der Augenbraue*<\/td><td class=\"column-2\">2,50\u20ac<\/td>\n<\/tr>\n<tr class=\"row-3 odd\">\n\t<td class=\"column-1\">F\u00e4rben der Wimpern*<\/td><td class=\"column-2\">2,50\u20ac<\/td>\n<\/tr>\n<\/tbody>\n<\/table>\n<!-- #tablepress-30 from cache -->\n<p><strong>*lle drei Behandlungen sind nur zus\u00e4tzlich zu den oben erw\u00e4hnten kosmetischen Behandlungen m\u00f6glich.<\/strong><\/p>\n<\/div>\n<\/div><\/div><\/div><\/div><\/div>","protected":false},"excerpt":{"rendered":"<p>Die Kur f\u00fcr fettige Haut mit erweiterten Poren und Neigung zur Akne, 90 &#8211; 120 min. 30\u20ac Die Haut produziert eine erh\u00f6hte Menge an Talg, und f\u00fcr das gesunde und frische Aussehen des fettigen Hauttyps ist es wichtig, Entz\u00fcndungsprozesse regelm\u00e4\u00dfig zu reinigen und zu verhindern, w\u00e4hrend die nat\u00fcrliche Elastizit\u00e4t der Haut erhalten bleibt. Die Pr\u00e4parate [&hellip;]<\/p>\n","protected":false},"author":3,"featured_media":1260,"parent":0,"menu_order":0,"comment_status":"closed","ping_status":"closed","template":"","meta":[],"acf":[],"_links":{"self":[{"href":"https:\/\/www.hotelspark.sk\/de\/wp-json\/wp\/v2\/pages\/1632"}],"collection":[{"href":"https:\/\/www.hotelspark.sk\/de\/wp-json\/wp\/v2\/pages"}],"about":[{"href":"https:\/\/www.hotelspark.sk\/de\/wp-json\/wp\/v2\/types\/page"}],"author":[{"embeddable":true,"href":"https:\/\/www.hotelspark.sk\/de\/wp-json\/wp\/v2\/users\/3"}],"replies":[{"embeddable":true,"href":"https:\/\/www.hotelspark.sk\/de\/wp-json\/wp\/v2\/comments?post=1632"}],"version-history":[{"count":4,"href":"https:\/\/www.hotelspark.sk\/de\/wp-json\/wp\/v2\/pages\/1632\/revisions"}],"predecessor-version":[{"id":1742,"href":"https:\/\/www.hotelspark.sk\/de\/wp-json\/wp\/v2\/pages\/1632\/revisions\/1742"}],"wp:featuredmedia":[{"embeddable":true,"href":"https:\/\/www.hotelspark.sk\/de\/wp-json\/wp\/v2\/media\/1260"}],"wp:attachment":[{"href":"https:\/\/www.hotelspark.sk\/de\/wp-json\/wp\/v2\/media?parent=1632"}],"curies":[{"name":"wp","href":"https:\/\/api.w.org\/{rel}","templated":true}]}}