{"id":1637,"date":"2018-10-03T07:14:56","date_gmt":"2018-10-03T07:14:56","guid":{"rendered":"http:\/\/test.hotelspark.sk\/masaze\/"},"modified":"2026-03-19T13:54:42","modified_gmt":"2026-03-19T13:54:42","slug":"massage","status":"publish","type":"page","link":"https:\/\/www.hotelspark.sk\/de\/massage\/","title":{"rendered":"Massage"},"content":{"rendered":"<div id=\"pl-1637\"  class=\"panel-layout\" ><div id=\"pg-1637-0\"  class=\"panel-grid panel-no-style\" ><div id=\"pgc-1637-0-0\"  class=\"panel-grid-cell panel-grid-cell-empty\" ><\/div><div id=\"pgc-1637-0-1\"  class=\"panel-grid-cell panel-grid-cell-mobile-last\" ><div id=\"panel-1637-0-1-0\" class=\"so-panel widget widget_sow-editor panel-first-child\" data-index=\"0\" ><div\n\t\t\t\n\t\t\tclass=\"so-widget-sow-editor so-widget-sow-editor-base\"\n\t\t\t\n\t\t>\n<div class=\"siteorigin-widget-tinymce textwidget\">\n\t\n<table id=\"tablepress-31\" class=\"tablepress tablepress-id-31\">\n<thead>\n<tr class=\"row-1 odd\">\n\t<th class=\"column-1\">Massagetyp<\/th><th class=\"column-2\">Ganzk\u00f6rper<\/th><th class=\"column-3\">Teilk\u00f6rper <\/th>\n<\/tr>\n<\/thead>\n<tbody class=\"row-hover\">\n<tr class=\"row-2 even\">\n\t<td class=\"column-1\">Klassische Massage<\/td><td class=\"column-2\">60\u20ac\/90min.<\/td><td class=\"column-3\">25\u20ac\/30min., 40\u20ac\/60min.<\/td>\n<\/tr>\n<tr class=\"row-3 odd\">\n\t<td class=\"column-1\">Schr\u00f6pftherapie<\/td><td class=\"column-2\">45\u20ac\/60min.<\/td><td class=\"column-3\">30\u20ac\/30min.<\/td>\n<\/tr>\n<tr class=\"row-4 even\">\n\t<td class=\"column-1\">Lymphdrainage-Massage<\/td><td class=\"column-2\">85\u20ac\/120min.<\/td><td class=\"column-3\">50\u20ac\/60min<\/td>\n<\/tr>\n<tr class=\"row-5 odd\">\n\t<td class=\"column-1\">Sportmassage<\/td><td class=\"column-2\">45\u20ac\/60min.<\/td><td class=\"column-3\">30\u20ac\/30min.<\/td>\n<\/tr>\n<tr class=\"row-6 even\">\n\t<td class=\"column-1\">Lavasteinmassage<\/td><td class=\"column-2\">50\u20ac\/70min.<\/td><td class=\"column-3\">35\u20ac\/35min.<\/td>\n<\/tr>\n<\/tbody>\n<\/table>\n<!-- #tablepress-31 from cache -->\n<!-- Die Tabelle mit der ID 32 ist leer! --><!-- #tablepress-32 from cache -->\n<p>Die Massage wird bei Ankunft an der Rezeption im Voraus bezahlt.<\/p>\n<\/div>\n<\/div><\/div><div id=\"panel-1637-0-1-1\" class=\"so-panel widget widget_sow-editor panel-last-child\" data-index=\"1\" ><div\n\t\t\t\n\t\t\tclass=\"so-widget-sow-editor so-widget-sow-editor-base\"\n\t\t\t\n\t\t>\n<div class=\"siteorigin-widget-tinymce textwidget\">\n\t<p style=\"text-align: center;\"><a class=\"button\" title=\"\" href=\"https:\/\/www.fresha.com\/providers\/wellness-hotel-spark-f7nwsb2g\" target=\"_blank\" rel=\"noopener\"><span class=\"button-outer\"><span class=\"button-middle\"><span class=\"button-inner\">ONLINE ZUR MASSAGE ANMELDEN<\/span><\/span><\/span><\/a><\/p>\n<p>&nbsp;<\/p>\n<p>&nbsp;<\/p>\n<\/div>\n<\/div><\/div><\/div><div id=\"pgc-1637-0-2\"  class=\"panel-grid-cell panel-grid-cell-empty\" ><\/div><\/div><div id=\"pg-1637-1\"  class=\"panel-grid panel-no-style\" ><div id=\"pgc-1637-1-0\"  class=\"panel-grid-cell\" ><div id=\"panel-1637-1-0-0\" class=\"so-panel widget widget_sow-editor panel-first-child panel-last-child\" data-index=\"2\" ><div\n\t\t\t\n\t\t\tclass=\"so-widget-sow-editor so-widget-sow-editor-base\"\n\t\t\t\n\t\t>\n<div class=\"siteorigin-widget-tinymce textwidget\">\n\t<h5 style=\"text-align: center; margin-bottom: 0px;\"><strong>Perfekte Silhouette, 90 min.<\/strong><\/h5>\n<div class=\"border-title\">\n<div class=\"title\">\n<p>80\u20ac<\/p>\n<div class=\"border-left\"><\/div>\n<div class=\"border-right\"><\/div>\n<\/div>\n<\/div>\n<div class=\"content-inner content-center\"><\/div>\n<p style=\"margin-top: 0px;\"><em>Korrigierende Anti-Cellulite-Behandlung, die die Durchblutung der Haut f\u00f6rdert und ihre Struktur verbessert. Die Haut wird zun\u00e4chst mit einem Anti-Cellulite-Peeling behandelt, das abgestorbene Hautzellen effektiv entfernt, die Haut n\u00e4hrt und mit Feuchtigkeit versorgt. Die Haut ist somit perfekt auf die Anwendung einer Anti-Cellulite-K\u00f6rpermaske vorbereitet. W\u00e4hrend die K\u00f6rpermaske auf Tonbasis mit aktiven Pflanzenstoffen einwirkt, kann der Kunde zur Vertiefung der Entspannung zus\u00e4tzlich eine Kopf- und Nackenmassage oder eine Arm- und Handmassage w\u00e4hlen. Nach dem Entfernen der Maske wird die Behandlung mit einer auf die Problemzonen ausgerichteten Massage mit Anti-Cellulite-Massage\u00f6l mit einem wunderbaren Duft nach \u00e4therischen Orangen- und Ingwer\u00f6len abgeschlossen, das das Entspannungsgef\u00fchl verst\u00e4rkt und die Haut gleichzeitig geschmeidig und hydratisiert macht.<\/em><\/p>\n<\/div>\n<\/div><\/div><\/div><div id=\"pgc-1637-1-1\"  class=\"panel-grid-cell\" ><div id=\"panel-1637-1-1-0\" class=\"so-panel widget widget_sow-editor panel-first-child panel-last-child\" data-index=\"3\" ><div\n\t\t\t\n\t\t\tclass=\"so-widget-sow-editor so-widget-sow-editor-base\"\n\t\t\t\n\t\t>\n<div class=\"siteorigin-widget-tinymce textwidget\">\n\t<h5 style=\"text-align: center; margin-bottom: 0px;\"><strong><em>Collagen Boost: n\u00e4hrende Gesichtsbehandlung<\/em>, 70 min.<\/strong><\/h5>\n<div class=\"border-title\">\n<div class=\"title\">\n<p>50\u20ac<\/p>\n<div class=\"border-left\"><\/div>\n<div class=\"border-right\"><\/div>\n<\/div>\n<\/div>\n<div class=\"content-inner content-center\"><\/div>\n<p><em>Eine Gesichtsbehandlung f\u00fcr m\u00fcde Haut, die sie aufhellt und ihr Elastizit\u00e4t verleiht. Granatapfelextrakt, reich an Vitamin C, aktiviert den Zellstoffwechsel, n\u00e4hrt die Haut und hilft bei der Kollagenproduktion. Wertvolles Jasmin\u00f6l harmonisiert die Emotionen und wirkt gleichzeitig beruhigend und antiseptisch auf die Haut, sodass selbst empfindliche Haut optimal gepflegt wird. Die Behandlung umfasst Reinigung, sanftes Gesichtspeeling, eine n\u00e4hrende Gesichtsmaske und eine entspannende Gesichtsmassage mit einer feuchtigkeitsspendenden Massagecreme. Die Hautpflegeprodukte sind vollgepackt mit Wirkstoffen, die die Hautregeneration anregen, n\u00e4hren, befeuchten und der Haut Festigkeit, Elastizit\u00e4t und ein gesundes Aussehen verleihen. W\u00e4hrend der Maske w\u00e4hlt der Kunde eine zus\u00e4tzliche Kopf- und Nackenmassage oder ein Peeling und eine Massage f\u00fcr Arme und H\u00e4nde. Die Hautbehandlung wird mit der Anwendung einer n\u00e4hrenden Gesichtscreme mit einem Hauch von Aromatherapie abgeschlossen.<\/em><\/p>\n<\/div>\n<\/div><\/div><\/div><\/div><div id=\"pg-1637-2\"  class=\"panel-grid panel-no-style\" ><div id=\"pgc-1637-2-0\"  class=\"panel-grid-cell\" ><div id=\"panel-1637-2-0-0\" class=\"so-panel widget widget_sow-editor panel-first-child panel-last-child\" data-index=\"4\" ><div\n\t\t\t\n\t\t\tclass=\"so-widget-sow-editor so-widget-sow-editor-base\"\n\t\t\t\n\t\t>\n<div class=\"siteorigin-widget-tinymce textwidget\">\n\t<h5 style=\"text-align: center; margin-bottom: 0px;\"><strong>Entgiftende K\u00f6rperbehandlung, 90 min.<\/strong><\/h5>\n<div class=\"border-title\">\n<div class=\"title\">\n<p>80\u20ac<\/p>\n<div class=\"border-left\"><\/div>\n<div class=\"border-right\"><\/div>\n<\/div>\n<\/div>\n<div class=\"content-inner content-center\"><\/div>\n<p>Lassen Sie sich in ein Zitrusparadies entf\u00fchren, wo die D\u00fcfte der \u00e4therischen \u00d6le eines K\u00f6rperpeelings den Geist harmonisieren, w\u00e4hrend die Packung mit einer entgiftenden K\u00f6rpermaske tiefere Unreinheiten aus der Haut entfernt. Die abschlie\u00dfende Massage mit dem Aromatherapie-Massage\u00f6l mit dem Duft exotischer Fr\u00fcchte vermittelt ein Gef\u00fchl neuer Energie, vertreibt Stress und bringt Freude. Die Haut ist nach der Behandlung entspannt, gereinigt und mit Feuchtigkeit versorgt.<\/p>\n<\/div>\n<\/div><\/div><\/div><div id=\"pgc-1637-2-1\"  class=\"panel-grid-cell\" ><div id=\"panel-1637-2-1-0\" class=\"so-panel widget widget_sow-editor panel-first-child panel-last-child\" data-index=\"5\" ><div\n\t\t\t\n\t\t\tclass=\"so-widget-sow-editor so-widget-sow-editor-base\"\n\t\t\t\n\t\t>\n<div class=\"siteorigin-widget-tinymce textwidget\">\n\t<h5 style=\"text-align: center; margin-bottom: 0px;\"><strong><em>Tranquility \u2013 Frieden f\u00fcr K\u00f6rper und Geist<\/em>, 75 min.<\/strong><\/h5>\n<div class=\"border-title\">\n<div class=\"title\">\n<p>65\u20ac<\/p>\n<div class=\"border-left\"><\/div>\n<div class=\"border-right\"><\/div>\n<\/div>\n<\/div>\n<div class=\"content-inner content-center\"><\/div>\n<p><em>Eine tief entspannende und reinigende Behandlung, die mit einem Ganzk\u00f6rper-Salzpeeling auf Basis von Pflanzen\u00f6len und Sheabutter beginnt, das abgestorbene Hautzellen effektiv entfernt und gleichzeitig die Haut n\u00e4hrt und mit Feuchtigkeit versorgt. Eine anschlie\u00dfende entspannende K\u00f6rpermassage mit Aromatherapie\u00f6l harmonisiert K\u00f6rper und Geist.<\/em><\/p>\n<\/div>\n<\/div><\/div><\/div><\/div><div id=\"pg-1637-3\"  class=\"panel-grid panel-no-style\" ><div id=\"pgc-1637-3-0\"  class=\"panel-grid-cell\" ><div id=\"panel-1637-3-0-0\" class=\"so-panel widget widget_sow-editor panel-first-child panel-last-child\" data-index=\"6\" ><div\n\t\t\t\n\t\t\tclass=\"so-widget-sow-editor so-widget-sow-editor-base\"\n\t\t\t\n\t\t>\n<div class=\"siteorigin-widget-tinymce textwidget\">\n\t<h5 style=\"text-align: center; margin-bottom: 0px;\"><strong><em>Fu\u00dferfrischung: Behandlung f\u00fcr m\u00fcde und schwere Beine<\/em>, 50 min.<\/strong><\/h5>\n<div class=\"border-title\">\n<div class=\"title\">\n<p>50\u20ac<\/p>\n<div class=\"border-left\"><\/div>\n<div class=\"border-right\"><\/div>\n<\/div>\n<\/div>\n<div class=\"content-inner content-center\">\n<p><em>Die Behandlung beginnt mit einem heilenden Fu\u00dfbad in Meersalz. Anschlie\u00dfend werden abgestorbene Zellen mithilfe eines feuchtigkeitsspendenden und n\u00e4hrenden Peelings entfernt. Danach wird eine punktuelle Reflexzonenmassage der F\u00fc\u00dfe durchgef\u00fchrt, w\u00e4hrend Kn\u00f6chel und Waden zus\u00e4tzlich mit einer speziellen Fu\u00dfmassagecreme, die medizinischen Kampfer und Menthol enth\u00e4lt, gut massiert werden. Die Fu\u00dfreflexzonenmassage ist eine der wirksamsten Methoden der Alternativmedizin. Diese Behandlung lindert das Gef\u00fchl m\u00fcder Beine und hat antibakterielle und regenerierende Eigenschaften.<\/em><\/p>\n<\/div>\n<\/div>\n<\/div><\/div><\/div><div id=\"pgc-1637-3-1\"  class=\"panel-grid-cell\" ><div id=\"panel-1637-3-1-0\" class=\"so-panel widget widget_sow-editor panel-first-child panel-last-child\" data-index=\"7\" ><div\n\t\t\t\n\t\t\tclass=\"so-widget-sow-editor so-widget-sow-editor-base\"\n\t\t\t\n\t\t>\n<div class=\"siteorigin-widget-tinymce textwidget\">\n\t<h5 style=\"text-align: center; margin-bottom: 0px;\"><strong>Reflex Fu\u00dfmassage, 30 min.<\/strong><\/h5>\n<div class=\"border-title\">\n<div class=\"title\">\n<p>35\u20ac<\/p>\n<div class=\"border-left\"><\/div>\n<div class=\"border-right\"><\/div>\n<\/div>\n<\/div>\n<div class=\"content-inner content-center\"><\/div>\n<p style=\"margin-top: 0px;\"><em>Alle Nervenenden des menschlichen K\u00f6rpers haben Entsprechungen in sogenannten Reflexzonen, die den Organen oder bestimmten Bereichen des K\u00f6rpers entsprechen. Bis zu 90% dieser Fl\u00e4chen befinden sich an den F\u00fc\u00dfen, so dass der Fu\u00df ein vermindertes Bild des menschlichen K\u00f6rpers darstellt. Es ist eine der effektivsten Methoden der alternativen Medizin, denn diese Massage wirkt sich positiv auf den Stoffwechsel aus, lindert R\u00fcckenschmerzen und beugt der Bildung von Krebszellen vor. Nach der Massage wird der K\u00f6rper widerstandsf\u00e4higer, ausgeglichener und der Kunde bekommt das Gef\u00fchl, als ob seine F\u00fc\u00dfe ganz leicht w\u00e4ren.<\/em><\/p>\n<\/div>\n<\/div><\/div><\/div><\/div><div id=\"pg-1637-4\"  class=\"panel-grid panel-no-style\" ><div id=\"pgc-1637-4-0\"  class=\"panel-grid-cell panel-grid-cell-empty\" ><\/div><div id=\"pgc-1637-4-1\"  class=\"panel-grid-cell\" ><div id=\"panel-1637-4-1-0\" class=\"so-panel widget widget_sow-editor panel-first-child panel-last-child\" data-index=\"8\" ><div\n\t\t\t\n\t\t\tclass=\"so-widget-sow-editor so-widget-sow-editor-base\"\n\t\t\t\n\t\t>\n<div class=\"siteorigin-widget-tinymce textwidget\">\n\t<h5 style=\"text-align: center; margin-bottom: 0px;\"><strong>Aromatherapie-Massage, 60 min.<\/strong><\/h5>\n<div class=\"border-title\">\n<div class=\"title\">\n<p>50\u20ac<\/p>\n<div class=\"border-left\"><\/div>\n<div class=\"border-right\"><\/div>\n<\/div>\n<\/div>\n<div class=\"content-inner content-center\"><\/div>\n<p>Eine Massage mit heilenden \u00e4therischen \u00d6len, deren Wirkung durch die Haut und die Schleimh\u00e4ute in den K\u00f6rper eindringt, wo sie sich direkt positiv auf k\u00f6rperliche Symptome auswirken und auch unsere Emotionen beeinflussen, Spannungen und Stress abbauen, die Konzentration f\u00f6rdern, Freude und inneres Gleichgewicht bringen und so K\u00f6rper und Geist verbinden. Vor Beginn der Massage w\u00e4hlen Sie eines der 100 % nat\u00fcrlichen Aromatherapie-Massage\u00f6le. Die Wahl des Duftes des \u00e4therischen \u00d6ls kann auch intuitiv erfolgen, je nach den Emotionen in einem bestimmten Moment.<\/p>\n<\/div>\n<\/div><\/div><\/div><\/div><div id=\"pg-1637-5\"  class=\"panel-grid panel-no-style\" ><div id=\"pgc-1637-5-0\"  class=\"panel-grid-cell\" ><div id=\"panel-1637-5-0-0\" class=\"so-panel widget widget_sow-editor panel-first-child panel-last-child\" data-index=\"9\" ><div\n\t\t\t\n\t\t\tclass=\"so-widget-sow-editor so-widget-sow-editor-base\"\n\t\t\t\n\t\t>\n<div class=\"siteorigin-widget-tinymce textwidget\">\n\t<h5 style=\"text-align: center; margin-bottom: 0px;\"><strong><em>Jungbrunnen<\/em>, 90 min.<\/strong><\/h5>\n<div class=\"border-title\">\n<div class=\"title\">\n<p>85\u20ac<\/p>\n<div class=\"border-left\"><\/div>\n<div class=\"border-right\"><\/div>\n<\/div>\n<\/div>\n<div class=\"content-inner content-center\"><\/div>\n<p><em>Jungbrunnen ist eine Behandlung, die mit einem reinigenden Zuckerpeeling mit Kakaobohnenextrakt beginnt, das die Haut regeneriert und strafft, w\u00e4hrend der s\u00fc\u00dfe Duft von Schokolade eine belebende Wirkung auf die Psyche hat. Darauf folgt eine mit Traubenkernextrakt angereicherte K\u00f6rpermaske, die eine gro\u00dfartige antioxidative Wirkung hat, die Haut verj\u00fcngt und strafft. Ein Milchbad entspannt K\u00f6rper und Geist und macht gleichzeitig die Haut weich. Die abschlie\u00dfende Massage mit Traubenkernextrakt hydratisiert und regeneriert die Haut tiefgehend und verleiht ihr Elastizit\u00e4t und Festigkeit sowie ein gesundes und jugendliches Aussehen.<\/em><\/p>\n<\/div>\n<\/div><\/div><\/div><div id=\"pgc-1637-5-1\"  class=\"panel-grid-cell\" ><div id=\"panel-1637-5-1-0\" class=\"so-panel widget widget_sow-editor panel-first-child panel-last-child\" data-index=\"10\" ><div\n\t\t\t\n\t\t\tclass=\"so-widget-sow-editor so-widget-sow-editor-base\"\n\t\t\t\n\t\t>\n<div class=\"siteorigin-widget-tinymce textwidget\">\n\t<h5 style=\"text-align: center; margin-bottom: 0px;\"><strong>Seelenfrieden, 70 min.<\/strong><\/h5>\n<div class=\"border-title\">\n<div class=\"title\">\n<p>65\u20ac<\/p>\n<div class=\"border-left\"><\/div>\n<div class=\"border-right\"><\/div>\n<\/div>\n<\/div>\n<div class=\"content-inner content-center\"><\/div>\n<p>Seelenfrieden ist eine Behandlung zur allgemeinen Beruhigung und Entspannung des gesamten K\u00f6rpers und Geistes mit Rosenmassage\u00f6l. Rosen\u00f6l hat eine beruhigende Wirkung auf den K\u00f6rper, sein sinnlicher Duft unterst\u00fctzt die Weiblichkeit und harmonisiert die Emotionen. W\u00e4hrend der Massage regeneriert und n\u00e4hrt die 100 % nat\u00fcrliche Zusammensetzung des Massage\u00f6ls die Haut, f\u00f6rdert die Durchblutung und die Hautstraffung. Die Massage mit Rosen\u00f6l hilft dem K\u00f6rper, verlorenes Gleichgewicht und Selbstvertrauen wiederzuerlangen. Die Behandlung wird mit einem wohltuenden Blumen-Kr\u00e4uter- und Salzbad abgeschlossen.<\/p>\n<\/div>\n<\/div><\/div><\/div><div id=\"pgc-1637-5-2\"  class=\"panel-grid-cell\" ><div id=\"panel-1637-5-2-0\" class=\"so-panel widget widget_sow-editor panel-first-child panel-last-child\" data-index=\"11\" ><div\n\t\t\t\n\t\t\tclass=\"so-widget-sow-editor so-widget-sow-editor-base\"\n\t\t\t\n\t\t>\n<div class=\"siteorigin-widget-tinymce textwidget\">\n\t<h5 style=\"text-align: center; margin-bottom: 0px;\"><strong>Anti-Stress-Verfahren, 70 min.<\/strong><\/h5>\n<div class=\"border-title\">\n<div class=\"title\">\n<p>65\u20ac<\/p>\n<div class=\"border-left\"><\/div>\n<div class=\"border-right\"><\/div>\n<\/div>\n<\/div>\n<div class=\"content-inner content-center\"><\/div>\n<p style=\"margin-top: 0px;\"><em>Die entspannende Ganzk\u00f6rpermassage mit Lavendel\u00f6l sorgt f\u00fcr das Nervensystem und ein anschlie\u00dfendes Bad mit Salz aus dem Toten Meer, Lavendel und Kr\u00e4utermischung stimuliert die allgemeine Entspannung von K\u00f6rper und Geist.<\/em><\/p>\n<\/div>\n<\/div><\/div><\/div><\/div><div id=\"pg-1637-6\"  class=\"panel-grid panel-no-style\" ><div id=\"pgc-1637-6-0\"  class=\"panel-grid-cell panel-grid-cell-empty\" ><\/div><div id=\"pgc-1637-6-1\"  class=\"panel-grid-cell panel-grid-cell-mobile-last\" ><div id=\"panel-1637-6-1-0\" class=\"so-panel widget widget_sow-editor panel-first-child panel-last-child\" data-index=\"12\" ><div\n\t\t\t\n\t\t\tclass=\"so-widget-sow-editor so-widget-sow-editor-base\"\n\t\t\t\n\t\t>\n<div class=\"siteorigin-widget-tinymce textwidget\">\n\t<h3>Therapeutische massagen<\/h3>\n<\/div>\n<\/div><\/div><\/div><div id=\"pgc-1637-6-2\"  class=\"panel-grid-cell panel-grid-cell-empty\" ><\/div><\/div><div id=\"pg-1637-7\"  class=\"panel-grid panel-no-style\" ><div id=\"pgc-1637-7-0\"  class=\"panel-grid-cell\" ><div id=\"panel-1637-7-0-0\" class=\"so-panel widget widget_sow-editor panel-first-child panel-last-child\" data-index=\"13\" ><div\n\t\t\t\n\t\t\tclass=\"so-widget-sow-editor so-widget-sow-editor-base\"\n\t\t\t\n\t\t>\n<div class=\"siteorigin-widget-tinymce textwidget\">\n\t<h5 style=\"text-align: center; margin-bottom: 0px;\"><strong> Breuss Massage, 50 Min.<\/strong><\/h5>\n<div class=\"border-title\">\n<div class=\"title\">\n<p>40\u20ac<\/p>\n<div class=\"border-left\"><\/div>\n<div class=\"border-right\"><\/div>\n<\/div>\n<\/div>\n<div class=\"content-inner content-center\"><\/div>\n<p style=\"margin-top: 0px;\"><em> Die Breuss-Massage ist eine sehr effektive und schonende Therapie, die sich besonders auf die Wirbels\u00e4ule energetisch und wohltuend auswirkt. Es ist eine sensible energetische Handmassage entlang der Wirbels\u00e4ule, um k\u00f6rperliche, energetische und emotionale Blockaden aufzul\u00f6sen. Es streckt die Wirbels\u00e4ule und dekomprimiert die Wirbel. Durch die Verwendung von speziellem Johanniskraut\u00f6l unterst\u00fctzt die BREUSS Massage den Regenerationsprozess unterern\u00e4hrter Bandscheiben. <\/em><\/p>\n<\/div>\n<\/div><\/div><\/div><div id=\"pgc-1637-7-1\"  class=\"panel-grid-cell\" ><div id=\"panel-1637-7-1-0\" class=\"so-panel widget widget_sow-editor panel-first-child panel-last-child\" data-index=\"14\" ><div\n\t\t\t\n\t\t\tclass=\"so-widget-sow-editor so-widget-sow-editor-base\"\n\t\t\t\n\t\t>\n<div class=\"siteorigin-widget-tinymce textwidget\">\n\t<h5 style=\"text-align: center; margin-bottom: 0px;\"><strong> Dead Sea Touch, 60 Min.<\/strong><\/h5>\n<div class=\"border-title\">\n<div class=\"title\">\n<p>45\u20ac<\/p>\n<div class=\"border-left\"><\/div>\n<div class=\"border-right\"><\/div>\n<\/div>\n<\/div>\n<div class=\"content-inner content-center\"><\/div>\n<p style=\"margin-top: 0px;\"><em> Die wohltuende Wirkung von Schlamm aus dem Toten Meer ist seit Tausenden von Jahren bewiesen. Sie regenerieren, hydratisieren und beruhigen die Haut, remineralisieren sie und entfernen abgestorbene Zellen. In Kombination mit der Massage wirken sie wohltuend bei rheumatischen und Gelenkschmerzen und die abschlie\u00dfende W\u00e4rmepackung harmonisiert und entspannt den gesamten Organismus. <\/em><\/p>\n<\/div>\n<\/div><\/div><\/div><\/div><\/div>","protected":false},"excerpt":{"rendered":"<p>Die Massage wird bei Ankunft an der Rezeption im Voraus bezahlt. ONLINE ZUR MASSAGE ANMELDEN &nbsp; &nbsp; Perfekte Silhouette, 90 min. 80\u20ac Korrigierende Anti-Cellulite-Behandlung, die die Durchblutung der Haut f\u00f6rdert und ihre Struktur verbessert. Die Haut wird zun\u00e4chst mit einem Anti-Cellulite-Peeling behandelt, das abgestorbene Hautzellen effektiv entfernt, die Haut n\u00e4hrt und mit Feuchtigkeit versorgt. Die [&hellip;]<\/p>\n","protected":false},"author":3,"featured_media":1204,"parent":0,"menu_order":0,"comment_status":"closed","ping_status":"closed","template":"","meta":[],"acf":[],"_links":{"self":[{"href":"https:\/\/www.hotelspark.sk\/de\/wp-json\/wp\/v2\/pages\/1637"}],"collection":[{"href":"https:\/\/www.hotelspark.sk\/de\/wp-json\/wp\/v2\/pages"}],"about":[{"href":"https:\/\/www.hotelspark.sk\/de\/wp-json\/wp\/v2\/types\/page"}],"author":[{"embeddable":true,"href":"https:\/\/www.hotelspark.sk\/de\/wp-json\/wp\/v2\/users\/3"}],"replies":[{"embeddable":true,"href":"https:\/\/www.hotelspark.sk\/de\/wp-json\/wp\/v2\/comments?post=1637"}],"version-history":[{"count":42,"href":"https:\/\/www.hotelspark.sk\/de\/wp-json\/wp\/v2\/pages\/1637\/revisions"}],"predecessor-version":[{"id":7238,"href":"https:\/\/www.hotelspark.sk\/de\/wp-json\/wp\/v2\/pages\/1637\/revisions\/7238"}],"wp:featuredmedia":[{"embeddable":true,"href":"https:\/\/www.hotelspark.sk\/de\/wp-json\/wp\/v2\/media\/1204"}],"wp:attachment":[{"href":"https:\/\/www.hotelspark.sk\/de\/wp-json\/wp\/v2\/media?parent=1637"}],"curies":[{"name":"wp","href":"https:\/\/api.w.org\/{rel}","templated":true}]}}