{"id":2946,"date":"2019-10-29T07:52:55","date_gmt":"2019-10-29T07:52:55","guid":{"rendered":"http:\/\/www.hotelspark.sk\/senior-suite\/"},"modified":"2019-10-29T15:09:32","modified_gmt":"2019-10-29T15:09:32","slug":"senior-suite","status":"publish","type":"page","link":"https:\/\/www.hotelspark.sk\/de\/senior-suite\/","title":{"rendered":"Senior"},"content":{"rendered":"<div id=\"pl-2946\"  class=\"panel-layout\" ><div id=\"pg-2946-0\"  class=\"panel-grid panel-no-style\" ><div id=\"pgc-2946-0-0\"  class=\"panel-grid-cell\" ><div id=\"panel-2946-0-0-0\" class=\"so-panel widget widget_sow-editor panel-first-child panel-last-child\" data-index=\"0\" ><div\n\t\t\t\n\t\t\tclass=\"so-widget-sow-editor so-widget-sow-editor-base\"\n\t\t\t\n\t\t>\n<div class=\"siteorigin-widget-tinymce textwidget\">\n\t<h2 style=\"text-align: center;\">Senior suite<\/h2>\n<\/div>\n<\/div><\/div><\/div><\/div><div id=\"pg-2946-1\"  class=\"panel-grid panel-no-style\" ><div id=\"pgc-2946-1-0\"  class=\"panel-grid-cell panel-grid-cell-empty\" ><\/div><div id=\"pgc-2946-1-1\"  class=\"panel-grid-cell panel-grid-cell-mobile-last\" ><div id=\"panel-2946-1-1-0\" class=\"so-panel widget widget_sow-editor panel-first-child panel-last-child\" data-index=\"1\" ><div\n\t\t\t\n\t\t\tclass=\"so-widget-sow-editor so-widget-sow-editor-base\"\n\t\t\t\n\t\t>\n<div class=\"siteorigin-widget-tinymce textwidget\">\n\t<p style=\"text-align: center;\"> Genie\u00dfen Sie Ihren Aufenthalt in einem unserer Apartments f\u00fcr die anspruchsvollsten G\u00e4ste, wo Sie auch auf der gem\u00fctlichen Couch im Wohnzimmer entspannen k\u00f6nnen. Bei Bedarf kann die Couch auch als Zusatzbett f\u00fcr Kinder dienen. Die Wohnungen sind mit einem Schlafzimmer mit einem Doppelbett ausgestattet, mit der M\u00f6glichkeit eines Zusatzbettes oder eines Kinderbettes.<\/p>\n<\/div>\n<\/div><\/div><\/div><div id=\"pgc-2946-1-2\"  class=\"panel-grid-cell panel-grid-cell-empty\" ><\/div><\/div><div id=\"pg-2946-2\"  class=\"panel-grid panel-no-style\" ><div id=\"pgc-2946-2-0\"  class=\"panel-grid-cell\" ><div id=\"panel-2946-2-0-0\" class=\"so-panel widget widget_sow-image panel-first-child panel-last-child\" data-index=\"2\" ><div\n\t\t\t\n\t\t\tclass=\"so-widget-sow-image so-widget-sow-image-default-8b5b6f678277-2946\"\n\t\t\t\n\t\t>\n\n<div class=\"sow-image-container\">\n\t\t<img src=\"https:\/\/www.hotelspark.sk\/wp-content\/uploads\/2019\/10\/Double-room-Standard-1.jpg\" width=\"2500\" height=\"1664\" srcset=\"https:\/\/www.hotelspark.sk\/wp-content\/uploads\/2019\/10\/Double-room-Standard-1.jpg 2500w, https:\/\/www.hotelspark.sk\/wp-content\/uploads\/2019\/10\/Double-room-Standard-1-300x200.jpg 300w, https:\/\/www.hotelspark.sk\/wp-content\/uploads\/2019\/10\/Double-room-Standard-1-768x511.jpg 768w, https:\/\/www.hotelspark.sk\/wp-content\/uploads\/2019\/10\/Double-room-Standard-1-1024x682.jpg 1024w, https:\/\/www.hotelspark.sk\/wp-content\/uploads\/2019\/10\/Double-room-Standard-1-480x319.jpg 480w, https:\/\/www.hotelspark.sk\/wp-content\/uploads\/2019\/10\/Double-room-Standard-1-992x660.jpg 992w, https:\/\/www.hotelspark.sk\/wp-content\/uploads\/2019\/10\/Double-room-Standard-1-1200x799.jpg 1200w, https:\/\/www.hotelspark.sk\/wp-content\/uploads\/2019\/10\/Double-room-Standard-1-272x182.jpg 272w\" sizes=\"(max-width: 2500px) 100vw, 2500px\" title=\"Double room Standard\" alt=\"\" loading=\"lazy\" \t\tclass=\"so-widget-image\"\/>\n\t<\/div>\n\n<\/div><\/div><\/div><\/div><div id=\"pg-2946-3\"  class=\"panel-grid panel-no-style\" ><div id=\"pgc-2946-3-0\"  class=\"panel-grid-cell\" ><div id=\"panel-2946-3-0-0\" class=\"so-panel widget widget_sow-editor panel-first-child panel-last-child\" data-index=\"3\" ><div\n\t\t\t\n\t\t\tclass=\"so-widget-sow-editor so-widget-sow-editor-base\"\n\t\t\t\n\t\t>\n<div class=\"siteorigin-widget-tinymce textwidget\">\n\t<div class=\"border-title\">\n<div class=\"title\">\n<p>WEITERE AUSSTATTUNG<\/p>\n<div class=\"border-left\"><\/div>\n<div class=\"border-right\"><\/div>\n<\/div>\n<\/div>\n<div class=\"content-inner content-center\">\n<li style=\"text-align: center;\">LCD-Fernseher mit einer gro\u00dfen Auswahl an Programmen<\/li>\n<li style=\"text-align: center;\">Klimaanlage mit individueller Regelung<\/li>\n<li style=\"text-align: center;\">Direktwahl-Telefon<\/li>\n<li style=\"text-align: center;\">Badezimmer mit Dusche<\/li>\n<li style=\"text-align: center;\">WiFi-Verbindung, Safe (190x360x460mm)<\/li>\n<li style=\"text-align: center;\">Haartrockner, Bademantel<\/li>\n<li style=\"text-align: center;\">Minibar<\/li>\n<li style=\"text-align: center;\"> Wasserkocher mit einer Auswahl an Tees <\/li>\n<\/div>\n<\/div>\n<\/div><\/div><\/div><div id=\"pgc-2946-3-1\"  class=\"panel-grid-cell\" ><div id=\"panel-2946-3-1-0\" class=\"so-panel widget widget_sow-image panel-first-child panel-last-child\" data-index=\"4\" ><div\n\t\t\t\n\t\t\tclass=\"so-widget-sow-image so-widget-sow-image-default-8b5b6f678277-2946\"\n\t\t\t\n\t\t>\n\n<div class=\"sow-image-container\">\n\t\t<img src=\"https:\/\/www.hotelspark.sk\/wp-content\/uploads\/2019\/10\/Senior-Suit-2.jpg\" width=\"2500\" height=\"1668\" srcset=\"https:\/\/www.hotelspark.sk\/wp-content\/uploads\/2019\/10\/Senior-Suit-2.jpg 2500w, https:\/\/www.hotelspark.sk\/wp-content\/uploads\/2019\/10\/Senior-Suit-2-300x200.jpg 300w, https:\/\/www.hotelspark.sk\/wp-content\/uploads\/2019\/10\/Senior-Suit-2-768x512.jpg 768w, https:\/\/www.hotelspark.sk\/wp-content\/uploads\/2019\/10\/Senior-Suit-2-1024x683.jpg 1024w, https:\/\/www.hotelspark.sk\/wp-content\/uploads\/2019\/10\/Senior-Suit-2-480x320.jpg 480w, https:\/\/www.hotelspark.sk\/wp-content\/uploads\/2019\/10\/Senior-Suit-2-992x662.jpg 992w, https:\/\/www.hotelspark.sk\/wp-content\/uploads\/2019\/10\/Senior-Suit-2-1200x801.jpg 1200w, https:\/\/www.hotelspark.sk\/wp-content\/uploads\/2019\/10\/Senior-Suit-2-272x182.jpg 272w\" sizes=\"(max-width: 2500px) 100vw, 2500px\" title=\"Senior Suit 2\" alt=\"\" loading=\"lazy\" \t\tclass=\"so-widget-image\"\/>\n\t<\/div>\n\n<\/div><\/div><\/div><\/div><\/div>","protected":false},"excerpt":{"rendered":"<p>Senior suite Genie\u00dfen Sie Ihren Aufenthalt in einem unserer Apartments f\u00fcr die anspruchsvollsten G\u00e4ste, wo Sie auch auf der gem\u00fctlichen Couch im Wohnzimmer entspannen k\u00f6nnen. Bei Bedarf kann die Couch auch als Zusatzbett f\u00fcr Kinder dienen. Die Wohnungen sind mit einem Schlafzimmer mit einem Doppelbett ausgestattet, mit der M\u00f6glichkeit eines Zusatzbettes oder eines Kinderbettes.<\/p>\n","protected":false},"author":3,"featured_media":2852,"parent":0,"menu_order":0,"comment_status":"closed","ping_status":"closed","template":"","meta":[],"acf":[],"_links":{"self":[{"href":"https:\/\/www.hotelspark.sk\/de\/wp-json\/wp\/v2\/pages\/2946"}],"collection":[{"href":"https:\/\/www.hotelspark.sk\/de\/wp-json\/wp\/v2\/pages"}],"about":[{"href":"https:\/\/www.hotelspark.sk\/de\/wp-json\/wp\/v2\/types\/page"}],"author":[{"embeddable":true,"href":"https:\/\/www.hotelspark.sk\/de\/wp-json\/wp\/v2\/users\/3"}],"replies":[{"embeddable":true,"href":"https:\/\/www.hotelspark.sk\/de\/wp-json\/wp\/v2\/comments?post=2946"}],"version-history":[{"count":5,"href":"https:\/\/www.hotelspark.sk\/de\/wp-json\/wp\/v2\/pages\/2946\/revisions"}],"predecessor-version":[{"id":2951,"href":"https:\/\/www.hotelspark.sk\/de\/wp-json\/wp\/v2\/pages\/2946\/revisions\/2951"}],"wp:featuredmedia":[{"embeddable":true,"href":"https:\/\/www.hotelspark.sk\/de\/wp-json\/wp\/v2\/media\/2852"}],"wp:attachment":[{"href":"https:\/\/www.hotelspark.sk\/de\/wp-json\/wp\/v2\/media?parent=2946"}],"curies":[{"name":"wp","href":"https:\/\/api.w.org\/{rel}","templated":true}]}}