{"id":3583,"date":"2019-11-13T13:04:38","date_gmt":"2019-11-13T13:04:38","guid":{"rendered":"http:\/\/www.hotelspark.sk\/vyhodne-cez-tyzden-vo-dvojici\/"},"modified":"2024-02-12T15:03:49","modified_gmt":"2024-02-12T15:03:49","slug":"tolles-angebot-fuer-zwei-personen-waehrend-der-woche","status":"publish","type":"page","link":"https:\/\/www.hotelspark.sk\/de\/tolles-angebot-fuer-zwei-personen-waehrend-der-woche\/","title":{"rendered":"Tolles Angebot f\u00fcr zwei"},"content":{"rendered":"<div id=\"pl-3583\"  class=\"panel-layout\" ><div id=\"pg-3583-0\"  class=\"panel-grid panel-no-style\" ><div id=\"pgc-3583-0-0\"  class=\"panel-grid-cell panel-grid-cell-empty\" ><\/div><div id=\"pgc-3583-0-1\"  class=\"panel-grid-cell panel-grid-cell-mobile-last\" ><div id=\"panel-3583-0-1-0\" class=\"so-panel widget widget_sow-editor panel-first-child panel-last-child\" data-index=\"0\" ><div\n\t\t\t\n\t\t\tclass=\"so-widget-sow-editor so-widget-sow-editor-base\"\n\t\t\t\n\t\t>\n<div class=\"siteorigin-widget-tinymce textwidget\">\n\t<\/div>\n<\/div><\/div><\/div><div id=\"pgc-3583-0-2\"  class=\"panel-grid-cell panel-grid-cell-empty\" ><\/div><\/div><div id=\"pg-3583-1\"  class=\"panel-grid panel-no-style\" ><div id=\"pgc-3583-1-0\"  class=\"panel-grid-cell\" ><div id=\"panel-3583-1-0-0\" class=\"so-panel widget widget_sow-editor panel-first-child\" data-index=\"1\" ><div\n\t\t\t\n\t\t\tclass=\"so-widget-sow-editor so-widget-sow-editor-base\"\n\t\t\t\n\t\t>\n<div class=\"siteorigin-widget-tinymce textwidget\">\n\t<div class=\"border-title\">\n<div class=\"title\">\n<p>DER AUFENTHALT ENTH\u00c4LT<\/p>\n<div class=\"border-left\"><\/div>\n<div class=\"border-right\"><\/div>\n<\/div>\n<\/div>\n<div class=\"content-inner content-center\"><\/div>\n<p>\u2022 Unterkunft f\u00fcr 2 Erwachsene min. f\u00fcr 2 N\u00e4chte<br \/>\n\u2022 <strong>Halbpension inklusive<\/strong><\/p>\n<p style=\"padding-left: 30px;\">\u2014 reichhaltiges Fr\u00fchst\u00fccksbuffet oder Fr\u00fchst\u00fccksauswahl \/ je nach Verf\u00fcgbarkeit \/<br \/>\n\u2014 3-G\u00e4nge-Men\u00fc mit Halbpension, t\u00e4glich von 17.30 bis 20.30 Uhr<\/p>\n<p>\u2022 T\u00e4glich 3 Stunden einmaliger Eintritt in den Schwimmbadbereich\u00a0w\u00e4hrend Ihres Aufenthalts (gilt nicht am Abreisetag)<\/p>\n<p style=\"padding-left: 30px;\">\u2014 <strong>Schwimmbad<\/strong><br \/>\n\u2014 Whirlpool<br \/>\n\u2014 Kinderbecken<\/p>\n<p style=\"padding-left: 30px;\">mit Zugang zum Poolbereich, freier Eintritt in den Spa-Bereich: <strong>Finnische Sauna<\/strong>, Salzdampfsauna, Aromasauna, Infrarotsauna<br \/>\nund <strong>Salz Inhalation Ruheraum<\/strong><\/p>\n<p>\u2022 kostenlos im Aufenthaltspaket: <strong>2x klassische Massage \u00e0 30 min.<\/strong><br \/>\n\u2022 <strong>Willkommensgetr\u00e4nk<\/strong><br \/>\n\u2022<strong> Hausschuhe im Zimmer kostenlos<\/strong><br \/>\n\u2022 Beim Kauf dieses Pakets erhalten Sie 10% Rabatt auf andere Massagen und K\u00f6rperbehandlungen<br \/>\n\u2022 kostenlose WiFi-Verbindung<br \/>\n\u2022 kostenlose Parkpl\u00e4tze<br \/>\n\u2022 Kostenlose Flasche Wasser auf dem Zimmer beim Check-in<\/p>\n<\/div>\n<\/div><\/div><div id=\"panel-3583-1-0-1\" class=\"so-panel widget widget_sow-editor panel-last-child\" data-index=\"2\" ><div\n\t\t\t\n\t\t\tclass=\"so-widget-sow-editor so-widget-sow-editor-base\"\n\t\t\t\n\t\t>\n<div class=\"siteorigin-widget-tinymce textwidget\">\n\t<div class=\"border-title\">\n<div class=\"title\">\n<p>WISSENSWERTES<\/p>\n<div class=\"border-left\"><\/div>\n<div class=\"border-right\"><\/div>\n<\/div>\n<\/div>\n<div class=\"content-inner content-center\"><\/div>\n<p>Im Wellens Center bitten wir Sie, Ihr Telefon auf lautlos zu schalten und Ihre Stimme leise zu halten, besonders nach 18:00 Uhr.<br \/>\nDer Saunabereich kann nur von Erwachsenen oder Kindern ab 15 Jahren besucht werden. Kinder unter 15 Jahren k\u00f6nnen die Infrarotsauna und den Salz-Inhalationsraum t\u00e4glich bis 12:00 Uhr besuchen (am Abreisetag nicht g\u00fcltig). Die Preisliste f\u00fcr den Salz-Inhalationsraum und die Infrarotsauna finden Sie unter <a href=\"https:\/\/www.hotelspark.sk\/cennik\/\">hier<\/a>.<\/p>\n<p><strong><u>Das Hotel beh\u00e4lt sich das Recht vor, die \u00d6ffnungszeiten zu \u00e4ndern.<\/u><\/strong><\/p>\n<p><strong><u>Aktuelle Informationen zu den \u00d6ffnungszeiten erhalten Sie an der Rezeption.<\/u><\/strong><\/p>\n<\/div>\n<\/div><\/div><\/div><div id=\"pgc-3583-1-1\"  class=\"panel-grid-cell\" ><div id=\"panel-3583-1-1-0\" class=\"so-panel widget widget_sow-editor panel-first-child\" data-index=\"3\" ><div class=\"panel-widget-style panel-widget-style-for-3583-1-1-0\" ><div\n\t\t\t\n\t\t\tclass=\"so-widget-sow-editor so-widget-sow-editor-base\"\n\t\t\t\n\t\t>\n<div class=\"siteorigin-widget-tinymce textwidget\">\n\t<div class=\"border-title\">\n<div class=\"title\">\n<p>ANNEHMLICHKEITEN F\u00dcR KINDER<\/p>\n<div class=\"border-left\"><\/div>\n<div class=\"border-right\"><\/div>\n<\/div>\n<\/div>\n<div class=\"content-inner content-center\"><\/div>\n<p>\u2022 Spielplatz im Freien<br \/>\n\u2022 Kinderecke im Restaurant<br \/>\n\u2022 verschiedene Familienspiele in der Galerie<br \/>\n\u2022 Kinderb\u00fccher f\u00fcr Kinder in der Galerie<br \/>\n\u2022 Tischfu\u00dfball in der Galerie<\/p>\n<\/div>\n<\/div><\/div><\/div><div id=\"panel-3583-1-1-1\" class=\"so-panel widget widget_sow-editor panel-last-child\" data-index=\"4\" ><div class=\"panel-widget-style panel-widget-style-for-3583-1-1-1\" ><div\n\t\t\t\n\t\t\tclass=\"so-widget-sow-editor so-widget-sow-editor-base\"\n\t\t\t\n\t\t>\n<div class=\"siteorigin-widget-tinymce textwidget\">\n\t<div class=\"border-title\">\n<div class=\"title\">\n<p>ZUS\u00c4TZLICHE LEISTUNGEN GEGEN GEB\u00dcHR<\/p>\n<div class=\"border-left\"><\/div>\n<div class=\"border-right\"><\/div>\n<\/div>\n<\/div>\n<div class=\"content-inner content-center\"><\/div>\n<p>\u2022 Billard<br \/>\n\u2022 Tischtennis \/ am Spielplatz im Freien und saisonal verf\u00fcgbar \/<br \/>\n\u2022 offener Kamin mit der M\u00f6glichkeit, typische Gerichte zum Grillen am Lagerfeuer zu bestellen \/ saisonal verf\u00fcgbar, Informationen zur Verf\u00fcgbarkeit an der Rezeption \/<br \/>\n\u2022 Fahrradverleih \/begrenzte Anzahl und saisonal verf\u00fcgbar, Informationen zur Verf\u00fcgbarkeit an der Rezeption \/<br \/>\n\u2022 Volleyballplatz \/ saisonal verf\u00fcgbar \/<br \/>\n\u2022 Sportfischen mit der M\u00f6glichkeit, eine Angelrute zu mieten \/begrenzte Anzahl, Informationen zur Verf\u00fcgbarkeit an der Rezeption \/<br \/>\n\u2022 Rudern am Hotelteich \/ saisonal, Informationen zur Verf\u00fcgbarkeit an der Rezeption \/<\/p>\n<\/div>\n<\/div><\/div><\/div><\/div><\/div><div id=\"pg-3583-2\"  class=\"panel-grid panel-has-style\" ><div class=\"panel-row-style panel-row-style-for-3583-2\" ><div id=\"pgc-3583-2-0\"  class=\"panel-grid-cell panel-grid-cell-empty\" ><\/div><div id=\"pgc-3583-2-1\"  class=\"panel-grid-cell panel-grid-cell-mobile-last\" ><div id=\"panel-3583-2-1-0\" class=\"so-panel widget widget_sow-editor panel-first-child panel-last-child\" data-index=\"5\" ><div\n\t\t\t\n\t\t\tclass=\"so-widget-sow-editor so-widget-sow-editor-base\"\n\t\t\t\n\t\t>\n<div class=\"siteorigin-widget-tinymce textwidget\">\n\t<div class=\"border\">\n<p style=\"text-align: center; margin-top: -30px;\"><a class=\"button\" target=\"blank\" title=\"\" href=\"https:\/\/booking.profitroom.com\/de\/wellnesshotelspark\/pricelist\/offers\/186515\/?check-in=2019-11-24&check-out=2019-11-26&r1_adults=2&auto-dates=1&currency=EUR\"><span class=\"button-outer\"><span class=\"button-middle\"><span class=\"button-inner\">VERF\u00dcGBARKEIT PR\u00dcFEN<\/span><\/span><\/span><\/a><\/p>\n<\/div>\n<\/div>\n<\/div><\/div><\/div><div id=\"pgc-3583-2-2\"  class=\"panel-grid-cell panel-grid-cell-empty\" ><\/div><\/div><\/div><\/div>","protected":false},"excerpt":{"rendered":"<p>DER AUFENTHALT ENTH\u00c4LT \u2022 Unterkunft f\u00fcr 2 Erwachsene min. f\u00fcr 2 N\u00e4chte \u2022 Halbpension inklusive \u2014 reichhaltiges Fr\u00fchst\u00fccksbuffet oder Fr\u00fchst\u00fccksauswahl \/ je nach Verf\u00fcgbarkeit \/ \u2014 3-G\u00e4nge-Men\u00fc mit Halbpension, t\u00e4glich von 17.30 bis 20.30 Uhr \u2022 T\u00e4glich 3 Stunden einmaliger Eintritt in den Schwimmbadbereich\u00a0w\u00e4hrend Ihres Aufenthalts (gilt nicht am Abreisetag) \u2014 Schwimmbad \u2014 Whirlpool \u2014 [&hellip;]<\/p>\n","protected":false},"author":3,"featured_media":3300,"parent":0,"menu_order":0,"comment_status":"closed","ping_status":"closed","template":"","meta":[],"acf":[],"_links":{"self":[{"href":"https:\/\/www.hotelspark.sk\/de\/wp-json\/wp\/v2\/pages\/3583"}],"collection":[{"href":"https:\/\/www.hotelspark.sk\/de\/wp-json\/wp\/v2\/pages"}],"about":[{"href":"https:\/\/www.hotelspark.sk\/de\/wp-json\/wp\/v2\/types\/page"}],"author":[{"embeddable":true,"href":"https:\/\/www.hotelspark.sk\/de\/wp-json\/wp\/v2\/users\/3"}],"replies":[{"embeddable":true,"href":"https:\/\/www.hotelspark.sk\/de\/wp-json\/wp\/v2\/comments?post=3583"}],"version-history":[{"count":13,"href":"https:\/\/www.hotelspark.sk\/de\/wp-json\/wp\/v2\/pages\/3583\/revisions"}],"predecessor-version":[{"id":6361,"href":"https:\/\/www.hotelspark.sk\/de\/wp-json\/wp\/v2\/pages\/3583\/revisions\/6361"}],"wp:featuredmedia":[{"embeddable":true,"href":"https:\/\/www.hotelspark.sk\/de\/wp-json\/wp\/v2\/media\/3300"}],"wp:attachment":[{"href":"https:\/\/www.hotelspark.sk\/de\/wp-json\/wp\/v2\/media?parent=3583"}],"curies":[{"name":"wp","href":"https:\/\/api.w.org\/{rel}","templated":true}]}}