{"id":3591,"date":"2019-11-13T14:29:40","date_gmt":"2019-11-13T14:29:40","guid":{"rendered":"http:\/\/www.hotelspark.sk\/wellness-pobyt-senior\/"},"modified":"2025-02-27T15:24:10","modified_gmt":"2025-02-27T15:24:10","slug":"wellnessaufenthalt-senior","status":"publish","type":"page","link":"https:\/\/www.hotelspark.sk\/de\/wellnessaufenthalt-senior\/","title":{"rendered":"Wellnessaufenthalt"},"content":{"rendered":"<div id=\"pl-3591\"  class=\"panel-layout\" ><div id=\"pg-3591-0\"  class=\"panel-grid panel-no-style\" ><div id=\"pgc-3591-0-0\"  class=\"panel-grid-cell panel-grid-cell-empty\" ><\/div><div id=\"pgc-3591-0-1\"  class=\"panel-grid-cell panel-grid-cell-mobile-last\" ><div id=\"panel-3591-0-1-0\" class=\"so-panel widget widget_sow-editor panel-first-child panel-last-child\" data-index=\"0\" ><div\n\t\t\t\n\t\t\tclass=\"so-widget-sow-editor so-widget-sow-editor-base\"\n\t\t\t\n\t\t>\n<div class=\"siteorigin-widget-tinymce textwidget\">\n\t<\/div>\n<\/div><\/div><\/div><div id=\"pgc-3591-0-2\"  class=\"panel-grid-cell panel-grid-cell-empty\" ><\/div><\/div><div id=\"pg-3591-1\"  class=\"panel-grid panel-no-style\" ><div id=\"pgc-3591-1-0\"  class=\"panel-grid-cell\" ><div id=\"panel-3591-1-0-0\" class=\"so-panel widget widget_sow-editor panel-first-child panel-last-child\" data-index=\"1\" ><div\n\t\t\t\n\t\t\tclass=\"so-widget-sow-editor so-widget-sow-editor-base\"\n\t\t\t\n\t\t>\n<div class=\"siteorigin-widget-tinymce textwidget\">\n\t<div class=\"border-title\">\n<div class=\"title\">\n<p>DER AUFENTHALT ENTH\u00c4LT<\/p>\n<div class=\"border-left\"><\/div>\n<div class=\"border-right\"><\/div>\n<\/div>\n<\/div>\n<div class=\"content-inner content-center\"><\/div>\n<p>\u2022 Unterkunft f\u00fcr 2 Erwachsene min. f\u00fcr 2 N\u00e4chte<br \/>\n\u2022 <strong>Halbpension inklusive<\/strong><\/p>\n<p style=\"padding-left: 30px;\">\u2014 reichhaltiges Fr\u00fchst\u00fccksbuffet oder Fr\u00fchst\u00fccksauswahl \/ je nach Verf\u00fcgbarkeit \/<br \/>\n\u2014 3-G\u00e4nge-Men\u00fc mit Halbpension, t\u00e4glich von 17.30 bis 20.30 Uhr<\/p>\n<p>\u2022 <strong>3-st\u00fcndiger einmaliger Eintritt in das Poolbereich jeden Tag<\/strong> w\u00e4hrend Ihres Aufenthalts (gilt nicht am Abreisetag)<\/p>\n<p style=\"padding-left: 30px;\">\u2014 Schwimmbad<br \/>\n\u2014 Whirlpool<br \/>\n\u2014 Kinderbecken<\/p>\n<p style=\"padding-left: 30px;\">mit Zugang zum Poolbereich, freier Durchgang zum Spa-Bereich: Finnische Sauna, Salzdampfsauna, Aromasauna, Infrarotsauna und \u00a0Salz Inhalation Ruheraum<\/p>\n<p>\u2022kostenlos im Aufenthaltspaket: <strong>1x klassische Massage 30 min. f\u00fcr 1 Person<\/strong><br \/>\n\u2022 kostenlos im Aufenthaltspaket: <strong>1x Fu\u00dfreflexzonenmassage 30 min. f\u00fcr 1 Person<\/strong><br \/>\n\u2022 Beim Kauf dieses Pakets erhalten Sie 10% Rabatt auf andere Massagen und K\u00f6rperbehandlungen<br \/>\n\u2022 kostenlose WiFi-Verbindung<br \/>\n\u2022 kostenlose Parkpl\u00e4tze<br \/>\n\u2022 Kostenlose Flasche Wasser auf dem Zimmer beim Check-in<\/p>\n<\/div>\n<\/div><\/div><\/div><div id=\"pgc-3591-1-1\"  class=\"panel-grid-cell\" ><div id=\"panel-3591-1-1-0\" class=\"so-panel widget widget_sow-editor panel-first-child\" data-index=\"2\" ><div\n\t\t\t\n\t\t\tclass=\"so-widget-sow-editor so-widget-sow-editor-base\"\n\t\t\t\n\t\t>\n<div class=\"siteorigin-widget-tinymce textwidget\">\n\t<div class=\"border-title\">\n<div class=\"title\">\n<p>WISSENSWERTES<\/p>\n<\/div>\n<\/div>\n<p>Im Wellens Center bitten wir Sie, Ihr Telefon auf lautlos zu schalten und Ihre Stimme leise zu halten, besonders nach 18:00 Uhr.<br \/>\nDer Saunabereich kann nur von Erwachsenen oder Kindern ab 15 Jahren besucht werden. Kinder unter 15 Jahren k\u00f6nnen die Infrarotsauna und den Salz-Inhalationsraum t\u00e4glich bis 12:00 Uhr besuchen (am Abreisetag nicht g\u00fcltig). Die Preisliste f\u00fcr den Salz-Inhalationsraum und die Infrarotsauna finden Sie unter <a href=\"https:\/\/www.hotelspark.sk\/cennik\/\">hier<\/a>.<\/p>\n<p><strong><u>Das Hotel beh\u00e4lt sich das Recht vor, die \u00d6ffnungszeiten zu \u00e4ndern.<\/u><\/strong><\/p>\n<p><strong><u>Aktuelle Informationen zu den \u00d6ffnungszeiten erhalten Sie an der Rezeption.<\/u><\/strong><\/p>\n<\/div>\n<\/div><\/div><div id=\"panel-3591-1-1-1\" class=\"so-panel widget widget_sow-editor panel-last-child\" data-index=\"3\" ><div\n\t\t\t\n\t\t\tclass=\"so-widget-sow-editor so-widget-sow-editor-base\"\n\t\t\t\n\t\t>\n<div class=\"siteorigin-widget-tinymce textwidget\">\n\t<div class=\"border\">\n<p style=\"text-align: center; margin-top: -30px;\"><a class=\"button\" target=\"blank\" title=\"\" href=\"https:\/\/booking.profitroom.com\/sk\/wellnesshotelspark\/pricelist\/offers\/182959\/?check-in=2019-11-24&check-out=2019-11-26&r1_adults=2&auto-dates=1&currency=EUR\"><span class=\"button-outer\"><span class=\"button-middle\"><span class=\"button-inner\">VERF\u00dcGBARKEIT PR\u00dcFEN<\/span><\/span><\/span><\/a><\/p>\n<\/div>\n<\/div>\n<\/div><\/div><\/div><\/div><\/div>","protected":false},"excerpt":{"rendered":"<p>DER AUFENTHALT ENTH\u00c4LT \u2022 Unterkunft f\u00fcr 2 Erwachsene min. f\u00fcr 2 N\u00e4chte \u2022 Halbpension inklusive \u2014 reichhaltiges Fr\u00fchst\u00fccksbuffet oder Fr\u00fchst\u00fccksauswahl \/ je nach Verf\u00fcgbarkeit \/ \u2014 3-G\u00e4nge-Men\u00fc mit Halbpension, t\u00e4glich von 17.30 bis 20.30 Uhr \u2022 3-st\u00fcndiger einmaliger Eintritt in das Poolbereich jeden Tag w\u00e4hrend Ihres Aufenthalts (gilt nicht am Abreisetag) \u2014 Schwimmbad \u2014 Whirlpool [&hellip;]<\/p>\n","protected":false},"author":3,"featured_media":3305,"parent":0,"menu_order":0,"comment_status":"closed","ping_status":"closed","template":"","meta":[],"acf":[],"_links":{"self":[{"href":"https:\/\/www.hotelspark.sk\/de\/wp-json\/wp\/v2\/pages\/3591"}],"collection":[{"href":"https:\/\/www.hotelspark.sk\/de\/wp-json\/wp\/v2\/pages"}],"about":[{"href":"https:\/\/www.hotelspark.sk\/de\/wp-json\/wp\/v2\/types\/page"}],"author":[{"embeddable":true,"href":"https:\/\/www.hotelspark.sk\/de\/wp-json\/wp\/v2\/users\/3"}],"replies":[{"embeddable":true,"href":"https:\/\/www.hotelspark.sk\/de\/wp-json\/wp\/v2\/comments?post=3591"}],"version-history":[{"count":15,"href":"https:\/\/www.hotelspark.sk\/de\/wp-json\/wp\/v2\/pages\/3591\/revisions"}],"predecessor-version":[{"id":6707,"href":"https:\/\/www.hotelspark.sk\/de\/wp-json\/wp\/v2\/pages\/3591\/revisions\/6707"}],"wp:featuredmedia":[{"embeddable":true,"href":"https:\/\/www.hotelspark.sk\/de\/wp-json\/wp\/v2\/media\/3305"}],"wp:attachment":[{"href":"https:\/\/www.hotelspark.sk\/de\/wp-json\/wp\/v2\/media?parent=3591"}],"curies":[{"name":"wp","href":"https:\/\/api.w.org\/{rel}","templated":true}]}}