{"id":4449,"date":"2020-03-06T15:48:30","date_gmt":"2020-03-06T15:48:30","guid":{"rendered":"https:\/\/www.hotelspark.sk\/?page_id=4449"},"modified":"2025-02-27T15:27:52","modified_gmt":"2025-02-27T15:27:52","slug":"romantischer-wellnessurlaub","status":"publish","type":"page","link":"https:\/\/www.hotelspark.sk\/de\/romantischer-wellnessurlaub\/","title":{"rendered":"Romantischer"},"content":{"rendered":"<div id=\"pl-4449\"  class=\"panel-layout\" ><div id=\"pg-4449-0\"  class=\"panel-grid panel-no-style\" ><div id=\"pgc-4449-0-0\"  class=\"panel-grid-cell panel-grid-cell-empty\" ><\/div><div id=\"pgc-4449-0-1\"  class=\"panel-grid-cell panel-grid-cell-mobile-last\" ><div id=\"panel-4449-0-1-0\" class=\"so-panel widget widget_sow-editor panel-first-child panel-last-child\" data-index=\"0\" ><div\n\t\t\t\n\t\t\tclass=\"so-widget-sow-editor so-widget-sow-editor-base\"\n\t\t\t\n\t\t>\n<div class=\"siteorigin-widget-tinymce textwidget\">\n\t<\/div>\n<\/div><\/div><\/div><div id=\"pgc-4449-0-2\"  class=\"panel-grid-cell panel-grid-cell-empty\" ><\/div><\/div><div id=\"pg-4449-1\"  class=\"panel-grid panel-no-style\" ><div id=\"pgc-4449-1-0\"  class=\"panel-grid-cell\" ><div id=\"panel-4449-1-0-0\" class=\"so-panel widget widget_sow-editor panel-first-child\" data-index=\"1\" ><div\n\t\t\t\n\t\t\tclass=\"so-widget-sow-editor so-widget-sow-editor-base\"\n\t\t\t\n\t\t>\n<div class=\"siteorigin-widget-tinymce textwidget\">\n\t<div class=\"border-title\">\n<div class=\"title\">\n<p>DER AUFENTHALT ENTH\u00c4LT<\/p>\n<div class=\"border-left\"><\/div>\n<div class=\"border-right\"><\/div>\n<\/div>\n<\/div>\n<div class=\"content-inner content-center\"><\/div>\n<p>\u2022 Unterkunft f\u00fcr 2 Erwachsene<br \/>\n\u2022 <strong>1 Kind im Zustellbett KOSTENLOS<\/strong><br \/>\n\u2022 <strong>Halbpension inklusive<\/strong><\/p>\n<p style=\"padding-left: 30px;\">\u2014 reichhaltiges Fr\u00fchst\u00fccksbuffet oder Fr\u00fchst\u00fccksauswahl \/je nach Verf\u00fcgbarkeit\/<br \/>\n\u2014 3-G\u00e4nge-Men\u00fc mit Halbpension, das t\u00e4glich von 17:30 bis 20:30 Uhr serviert wird<\/p>\n<p>\u2022 <strong>T\u00e4glich 3-st\u00fcndiger<\/strong><strong> Zugang zum Poolbereich<\/strong>\u00a0w\u00e4hrend Ihres Aufenthalts (nicht g\u00fcltig am Abreisetag)<\/p>\n<p style=\"padding-left: 30px;\">\u2014 Schwimmbad<br \/>\n\u2014 Whirlpool<br \/>\n\u2014 Kinderbecken<br \/>\n\u2014 mit Zugang zum Poolbereich, freier Durchgang zum Spa-Bereich<strong>:<\/strong> Finnische Sauna, Salzdampfsauna, Aromasauna, Infrarotsauna und\u00a0Salz Inhalation Ruheraum<\/p>\n<p>\u2022kostenlos im Aufenthaltspaket: 1x Massage f\u00fcr 1 Person im Paketpreis w\u00e4hrend Ihres Aufenthaltes zur Auswahl zwischen Fu\u00dfreflexzonenmassage 30 min. oder klassische 30 min. Massage<br \/>\n\u2022 10% Rabatt auf Massagen und K\u00f6rperbehandlungen beim Kauf zusammen mit diesem Paket<br \/>\n\u2022\u00a0<strong>Wellness-Bademantel im Zimmer<\/strong><br \/>\n\u2022 <strong>Hotelpantoffeln im Zimmer kostenlos<\/strong><br \/>\n\u2022 kostenlose WiFi-Verbindung<br \/>\n\u2022 kostenlose Parkpl\u00e4tze<br \/>\n\u2022 Kostenlose Flasche Wasser auf dem Zimmer beim Check-in<\/p>\n<\/div>\n<\/div><\/div><div id=\"panel-4449-1-0-1\" class=\"so-panel widget widget_sow-editor panel-last-child\" data-index=\"2\" ><div\n\t\t\t\n\t\t\tclass=\"so-widget-sow-editor so-widget-sow-editor-base\"\n\t\t\t\n\t\t>\n<div class=\"siteorigin-widget-tinymce textwidget\">\n\t<div class=\"border-title\">\n<div class=\"title\">\n<p>WISSENSWERTES<\/p>\n<div class=\"border-left\"><\/div>\n<div class=\"border-right\"><\/div>\n<\/div>\n<\/div>\n<div class=\"content-inner content-center\"><\/div>\n<p>Im Wellens Center bitten wir Sie, Ihr Telefon auf lautlos zu schalten und Ihre Stimme leise zu halten, besonders nach 18:00 Uhr.<br \/>\nDer Saunabereich kann nur von Erwachsenen oder Kindern ab 15 Jahren besucht werden. Kinder unter 15 Jahren k\u00f6nnen die Infrarotsauna und den Salz-Inhalationsraum t\u00e4glich bis 12:00 Uhr besuchen (am Abreisetag nicht g\u00fcltig). Die Preisliste f\u00fcr den Salz-Inhalationsraum und die Infrarotsauna finden Sie unter <a href=\"https:\/\/www.hotelspark.sk\/cennik\/\">hier<\/a>.<\/p>\n<p><strong><u>Das Hotel beh\u00e4lt sich das Recht vor, die \u00d6ffnungszeiten zu \u00e4ndern.<\/u><\/strong><\/p>\n<p><strong><u>Aktuelle Informationen zu den \u00d6ffnungszeiten erhalten Sie an der Rezeption.<\/u><\/strong><\/p>\n<\/div>\n<\/div><\/div><\/div><div id=\"pgc-4449-1-1\"  class=\"panel-grid-cell\" ><div id=\"panel-4449-1-1-0\" class=\"so-panel widget widget_sow-editor panel-first-child\" data-index=\"3\" ><div class=\"panel-widget-style panel-widget-style-for-4449-1-1-0\" ><div\n\t\t\t\n\t\t\tclass=\"so-widget-sow-editor so-widget-sow-editor-base\"\n\t\t\t\n\t\t>\n<div class=\"siteorigin-widget-tinymce textwidget\">\n\t<div class=\"border-title\">\n<div class=\"title\">\n<p>ANNEHMLICHKEITEN F\u00dcR KINDER<\/p>\n<div class=\"border-left\"><\/div>\n<div class=\"border-right\"><\/div>\n<\/div>\n<\/div>\n<div class=\"content-inner content-center\"><\/div>\n<p>\u2022 Spielplatz im Freien<br \/>\n\u2022 Kinderecke im Restaurant<br \/>\n\u2022 verschiedene Familienspiele in der Galerie<br \/>\n\u2022 Kinderb\u00fccher f\u00fcr Kinder in der Galerie<br \/>\n\u2022 Tischfu\u00dfball in der Galerie<\/p>\n<\/div>\n<\/div><\/div><\/div><div id=\"panel-4449-1-1-1\" class=\"so-panel widget widget_sow-editor panel-last-child\" data-index=\"4\" ><div\n\t\t\t\n\t\t\tclass=\"so-widget-sow-editor so-widget-sow-editor-base\"\n\t\t\t\n\t\t>\n<div class=\"siteorigin-widget-tinymce textwidget\">\n\t<div class=\"border-title\">\n<div class=\"title\">\n<p>ZUS\u00c4TZLICHE LEISTUNGEN GEGEN GEB\u00dcHR<\/p>\n<div class=\"border-left\"><\/div>\n<div class=\"border-right\"><\/div>\n<\/div>\n<\/div>\n<div class=\"content-inner content-center\"><\/div>\n<p>\u2022 Billard<br \/>\n\u2022 Tischtennis \/ am Spielplatz im Freien und saisonal verf\u00fcgbar \/<br \/>\n\u2022 offener Kamin mit der M\u00f6glichkeit, typische Gerichte zum Grillen am Lagerfeuer zu bestellen \/saisonal verf\u00fcgbar, Informationen zur Verf\u00fcgbarkeit an der Rezeption \/<br \/>\n\u2022 Fahrradverleih \/begrenzte Anzahl und saisonal verf\u00fcgbar, Informationen zur Verf\u00fcgbarkeit an der Rezeption \/<br \/>\n\u2022 Volleyballplatz \/ saisonal verf\u00fcgbar \/<br \/>\n\u2022 Sportfischen mit der M\u00f6glichkeit, eine Angelrute zu mieten \/begrenzte Anzahl, Informationen zur Verf\u00fcgbarkeit an der Rezeption \/<br \/>\n\u2022 Rudern am Hotelteich \/ saisonal, Informationen zur Verf\u00fcgbarkeit an der Rezeption \/<\/p>\n<\/div>\n<\/div><\/div><\/div><\/div><div id=\"pg-4449-2\"  class=\"panel-grid panel-no-style\" ><div id=\"pgc-4449-2-0\"  class=\"panel-grid-cell panel-grid-cell-empty\" ><\/div><div id=\"pgc-4449-2-1\"  class=\"panel-grid-cell panel-grid-cell-mobile-last\" ><div id=\"panel-4449-2-1-0\" class=\"so-panel widget widget_sow-editor panel-first-child panel-last-child\" data-index=\"5\" ><div\n\t\t\t\n\t\t\tclass=\"so-widget-sow-editor so-widget-sow-editor-base\"\n\t\t\t\n\t\t>\n<div class=\"siteorigin-widget-tinymce textwidget\">\n\t<div class=\"border\">\n<p style=\"text-align: center; margin-top: -30px;\"><a class=\"button\" target=\"blank\" title=\"\" href=\"https:\/\/booking.profitroom.com\/de\/wellnesshotelspark\/pricelist\/offers\/192605\/?check-in=2020-03-06&check-out=2020-03-07&r1_adults=2&auto-dates=1&currency=EUR\"><span class=\"button-outer\"><span class=\"button-middle\"><span class=\"button-inner\">VERF\u00dcGBARKEIT PR\u00dcFEN<\/span><\/span><\/span><\/a><\/p>\n<\/div>\n<\/div>\n<\/div><\/div><\/div><div id=\"pgc-4449-2-2\"  class=\"panel-grid-cell panel-grid-cell-empty\" ><\/div><\/div><\/div>","protected":false},"excerpt":{"rendered":"<p>DER AUFENTHALT ENTH\u00c4LT \u2022 Unterkunft f\u00fcr 2 Erwachsene \u2022 1 Kind im Zustellbett KOSTENLOS \u2022 Halbpension inklusive \u2014 reichhaltiges Fr\u00fchst\u00fccksbuffet oder Fr\u00fchst\u00fccksauswahl \/je nach Verf\u00fcgbarkeit\/ \u2014 3-G\u00e4nge-Men\u00fc mit Halbpension, das t\u00e4glich von 17:30 bis 20:30 Uhr serviert wird \u2022 T\u00e4glich 3-st\u00fcndiger Zugang zum Poolbereich\u00a0w\u00e4hrend Ihres Aufenthalts (nicht g\u00fcltig am Abreisetag) \u2014 Schwimmbad \u2014 Whirlpool \u2014 [&hellip;]<\/p>\n","protected":false},"author":3,"featured_media":628,"parent":0,"menu_order":0,"comment_status":"closed","ping_status":"closed","template":"","meta":[],"acf":[],"_links":{"self":[{"href":"https:\/\/www.hotelspark.sk\/de\/wp-json\/wp\/v2\/pages\/4449"}],"collection":[{"href":"https:\/\/www.hotelspark.sk\/de\/wp-json\/wp\/v2\/pages"}],"about":[{"href":"https:\/\/www.hotelspark.sk\/de\/wp-json\/wp\/v2\/types\/page"}],"author":[{"embeddable":true,"href":"https:\/\/www.hotelspark.sk\/de\/wp-json\/wp\/v2\/users\/3"}],"replies":[{"embeddable":true,"href":"https:\/\/www.hotelspark.sk\/de\/wp-json\/wp\/v2\/comments?post=4449"}],"version-history":[{"count":9,"href":"https:\/\/www.hotelspark.sk\/de\/wp-json\/wp\/v2\/pages\/4449\/revisions"}],"predecessor-version":[{"id":6711,"href":"https:\/\/www.hotelspark.sk\/de\/wp-json\/wp\/v2\/pages\/4449\/revisions\/6711"}],"wp:featuredmedia":[{"embeddable":true,"href":"https:\/\/www.hotelspark.sk\/de\/wp-json\/wp\/v2\/media\/628"}],"wp:attachment":[{"href":"https:\/\/www.hotelspark.sk\/de\/wp-json\/wp\/v2\/media?parent=4449"}],"curies":[{"name":"wp","href":"https:\/\/api.w.org\/{rel}","templated":true}]}}