{"id":54,"date":"2018-09-19T11:49:59","date_gmt":"2018-09-19T11:49:59","guid":{"rendered":"http:\/\/test.hotelspark.sk\/unterkunftsauftrag\/"},"modified":"2018-11-21T08:45:33","modified_gmt":"2018-11-21T08:45:33","slug":"unterkunftsauftrag","status":"publish","type":"page","link":"https:\/\/www.hotelspark.sk\/de\/unterkunftsauftrag\/","title":{"rendered":"Unterkunftsauftrag"},"content":{"rendered":"<p>1. Wellness Hotel Spark**** (\u010falej len \u201cHotel\u201d) poskytuje hos\u0165om za \u00fahradu ubytovanie a slu\u017eby minim\u00e1lne v\u00a0rozsahu a\u00a0kvalite ur\u010denej pr\u00edslu\u0161nou vyhl\u00e1\u0161kou, pod\u013ea ktorej je hotel zatrieden\u00fd do 4. kateg\u00f3rie \u2013 4****.<\/p>\n<p>2. Hotel m\u00f4\u017ee prechodne ubytova\u0165 len hos\u0165a, ktor\u00fd je na ubytovanie riadne prihl\u00e1sen\u00fd. Za t\u00fdmto \u00fa\u010delom je hos\u0165 povinn\u00fd predlo\u017ei\u0165 pracovn\u00edkovi recepcie hotela pri pr\u00edchode na recepciu svoj platn\u00fd ob\u010diansky preukaz alebo cestovn\u00fd pas, a v\u00a0pr\u00edpade, \u017ee si zak\u00fapil pobyt cez voucher alebo dar\u010dekov\u00fd poukaz, je povinn\u00fd tieto doklady taktie\u017e predlo\u017ei\u0165 pracovn\u00edkovi recepcie. Ak hos\u0165 nie je \u0161t\u00e1tnym ob\u010danom Slovenskej Republiky, je povinn\u00fd taktie\u017e vyplni\u0165 osobitn\u00fd prihlasovac\u00ed formul\u00e1r, pri\u010dom v\u0161etky po\u017eadovan\u00e9 \u00fadaje je povinn\u00fd uvies\u0165 pravdivo a \u00faplne.<\/p>\n<p>3. Pracovn\u00edk recepcie vyd\u00e1 hos\u0165ovi pri n\u00e1stupe na pobyt hotelov\u00fd preukaz, na ktorom bude uveden\u00e9 meno hos\u0165a, \u010d\u00edslo izby a d\u00e1tum pobytu.<\/p>\n<p>4. Na z\u00e1klade objednan\u00e9ho ubytovania sa v de\u0148 pr\u00edchodu m\u00f4\u017ee hos\u0165 ubytova\u0165 v \u010dase od 14.00 h do 18.00 h. Do tejto doby hotel pre hos\u0165a izbu rezervuje, pokia\u013e v objedn\u00e1vke nebola in\u00e1 po\u017eiadavka a hotel ju potvrdil. Ak hos\u0165 do 18.00 h nenahl\u00e1si svoj neskor\u0161\u00ed pr\u00edchod, po 18.00 h m\u00f4\u017ee hotel izbou vo\u013ene disponova\u0165, pokia\u013e sa s hos\u0165om nedohodne inak. V pr\u00edpade, \u017ee hos\u0165 uhradil z\u00e1lohov\u00fa platbu, je hotel povinn\u00fd podr\u017ea\u0165 rezerv\u00e1ciu do 22.00 h. Za predpokladu, \u017ee hos\u0165 nenast\u00fapi na pobyt ani po tomto term\u00edne, hotel nie je povinn\u00fd z\u00e1lohov\u00fa platbu v cene noc\u013eahu za prv\u00fa noc hos\u0165ovi vr\u00e1ti\u0165. V\u00a0pr\u00edpade, \u017ee hos\u0165 stornuje ubytovanie sa hotel riadi bodom 35. v\u00a0tomto ubytovacom poriadku.<\/p>\n<p>5. Hotelov\u00fd check-in: Mo\u017enos\u0165 ubytova\u0165 sa na izbe je od 14:00 h. Hos\u0165, ktor\u00fd po\u017eaduje ubytovanie pred 14:00 h je povinn\u00fd zaplati\u0165 pln\u00fa cenu za ubytovanie aj za predch\u00e1dzaj\u00facu noc, pokia\u013e sa nedohodol s\u00a0hotelom inak a hotel t\u00fato zmenu check-in \u010dasu hos\u0165ovi potvrdil.<\/p>\n<p>6. Hotelov\u00fd check-out: Hos\u0165 je povinn\u00fd sa odubytova\u0165 najneskor do 11:00 h posledn\u00e9ho d\u0148a pobytu. Ak hos\u0165 tak neurob\u00ed v\u00a0stanovenej lehote, m\u00f4\u017ee mu ubytovacie zariadenie \u00fa\u010dtova\u0165 pln\u00fa cenu za ubytovanie za nasleduj\u00faci de\u0148, pokia\u013e sa hos\u0165 nedohodol vopred s\u00a0hotelom inak a hotel t\u00fato zmenu check-out \u010dasu hos\u0165ovi potvrdil. V\u00a0pr\u00edpade, \u017ee hotel vopred ods\u00fahlasil hos\u0165ovi neskor\u0161\u00ed odchod a hos\u0165 odovzd\u00e1 izbu do 14:00 hod., hotel je opr\u00e1vnen\u00fd \u00fa\u010dtova\u0165 poplatok za neskor\u0161\u00ed check-out pod\u013ea aktu\u00e1lneho cenn\u00edka, ak hos\u0165 odovzd\u00e1 izbu po 14:00 hod. ale najnesk\u00f4r do 16:00 hod., hotel je opr\u00e1vnen\u00fd \u00fa\u010dtova\u0165 poplatok 50% z\u00a0ceny ubytovania a\u00a0po 16:00 hod. pln\u00fa cenu ubytovania za nasleduj\u00facu noc. Hotel si vyhradzuje pr\u00e1vo na posun \u010dasu odchodu, tkz. check-out \u010dasu aj pred 11:00 hod., o\u00a0\u010dom je povinn\u00fd hos\u0165a bezodkladne p\u00edsomne informova\u0165. V\u00a0p\u00edpade, ak sa hos\u0165 na z\u00e1klade tejto zmeny rozhodne svoju rezerv\u00e1ciu zru\u0161i\u0165, hotel si nebude n\u00e1rokova\u0165 na storno poplatok.<\/p>\n<p>7. Hotelov\u00e1 izba sa pova\u017euje za uvo\u013enen\u00fa potom, \u010do klient vynesie z\u00a0izby v\u0161etky svoje veci, odovzd\u00e1 hotelov\u00fd k\u013e\u00fa\u010d pracovn\u00edkovi recepcie a riadne ozn\u00e1mi odhl\u00e1senie sa z\u00a0ubytovania. Hotel si vyhradzuje pr\u00e1vo skontrolova\u0165 invent\u00e1r izby \u2013 ako n\u00e1bytok, spotrebi\u010de, minibar a pod. \u2013 a \u00fahrady klienta a spotreby klienta.<\/p>\n<p>8. Ak hos\u0165 po\u017eiada o pred\u013a\u017eenie doby ubytovania, m\u00f4\u017ee mu hotel pon\u00faknu\u0165 aj in\u00fa izbu ne\u017e t\u00fa, v ktorej bol p\u00f4vodne ubytovan\u00fd.<\/p>\n<p>9. Platba za objednan\u00e9 ubytovanie a poskytnut\u00e9 slu\u017eby v s\u00falade s platn\u00fdm cenn\u00edkom sa vykon\u00e1va vopred, najnesk\u00f4r v\u0161ak pri nast\u00fapen\u00ed na pobyt, pokia\u013e sa hos\u0165 nedohodol vopred s\u00a0hotelom inak a hotel t\u00fato zmenu hostovi potvrdil.<\/p>\n<p>10. Doplatok za v\u0161etky objednan\u00e9 slu\u017eby hotela hos\u0165 uhrad\u00ed najnesk\u00f4r pri odchode z\u00a0hotela.<\/p>\n<p>11. Na prij\u00edmanie n\u00e1v\u0161tev s\u00fa k dispoz\u00edcii spolo\u010densk\u00e9 priestory hotela. Na izbe m\u00f4\u017ee klient prij\u00edma\u0165 n\u00e1v\u0161tevy iba so s\u00fahlasom recepcie. Pracovn\u00edk recpcie m\u00f4\u017ee po\u017eadova\u0165 od n\u00e1v\u0161tevy, aby sa preuk\u00e1zala platn\u00fdm ob\u010dianskym preukazom alebo cestovn\u00fdm pasom.<\/p>\n<p>12. Tento ubytovac\u00ed poriadok je z\u00e1v\u00e4zn\u00fd aj pre v\u0161etky n\u00e1v\u0161tevy na izb\u00e1ch. Klient, ktor\u00fd si ubytovanie rezervoval a na izbe je ubytovan\u00fd, je zodpovedn\u00fd za jeho dodr\u017eiavanie osobou, resp. osobami, ktor\u00e9 ho na izbe nav\u0161t\u00edvili.<\/p>\n<p>13. V pr\u00edpade, \u017ee sa n\u00e1v\u0161teva zdr\u017e\u00ed na izbe neobvykle dlh\u00fa dobu (viac, ako dve hodiny),je pracovn\u00edk recepcie splnomocnen\u00fd vy\u017eadova\u0165 \u00fahradu za ubytovanie pod\u013ea platn\u00e9ho cenn\u00edka.<\/p>\n<p>14. V opr\u00e1vnen\u00fdch pr\u00edpadoch je pracovn\u00edk recepcie splnomocnen\u00fd n\u00e1v\u0161tevu na izbe neumo\u017eni\u0165.<\/p>\n<p>15. Z bezpe\u010dnostn\u00fdch d\u00f4vodov je zak\u00e1zan\u00e9 necha\u0165 deti bez dozoru dospelej osoby na hotelovej izbe alebo kdeko\u013evek v\u00a0hoteli ako aj v\u00a0jeho are\u00e1li a po\u010das celej doby pobytu alebo n\u00e1v\u0161tevy hotela je za die\u0165a zodpovedn\u00e1 dospel\u00e1 osoba, ktor\u00e1 die\u0165a sprev\u00e1dza alebo jeho z\u00e1konn\u00fd z\u00e1stupca.<\/p>\n<p>16. Hos\u0165 nesmie vnies\u0165 ani pou\u017e\u00edva\u0165 elektrick\u00e9 spotrebi\u010de na izbe, okrem t\u00fdch, ktor\u00e9 sl\u00fa\u017eia na osobn\u00fa hygienu, ako napr\u00edklad holiaci stroj\u010dek, su\u0161i\u010d vlasov a pod.<\/p>\n<p>17. V\u00a0celom hoteli a ani v\u00a0exteri\u00e9ri hotela nem\u00f4\u017ee hos\u0165 premiestnova\u0165 zariadenia a robi\u0165 ak\u00e9ko\u013evek \u00fapravy, ani vykon\u00e1va\u0165 z\u00e1sahy do elektrickej siete \u010di in\u00fdch in\u0161tal\u00e1ci\u00ed. V\u00a0exteri\u00e9ri hotela nem\u00f4\u017ee hos\u0165 trha\u0165 kvety, po\u0161kodzova\u0165 zele\u0148, ani h\u00e1dza\u0165 predmety \u010di jedlo do hotelov\u00e9ho jazera.<\/p>\n<p>18. Cel\u00fd interi\u00e9r hotela je nefaj\u010diarsky. Poru\u0161enie tohto z\u00e1kazu je spoplatnen\u00e9 pokutou 100EUR. Faj\u010denie je povolen\u00e9 len vo vyhraden\u00fdch vonkaj\u0161ich priestoroch hotela, pre bli\u017e\u0161ie inform\u00e1cie kontaktujte recepciu.<\/p>\n<p>19. Je pr\u00edsne zak\u00e1zan\u00e9 neopr\u00e1vnene pou\u017e\u00edva\u0165 protipo\u017eiarne \u00fanikov\u00e9 v\u00fdchody. V\u00a0pr\u00edpade, \u017ee hos\u0165 neopr\u00e1vnene pou\u017eije \u00fanikov\u00fd protipo\u017eiarny v\u00fdchod z\u00a0hotela, uhrad\u00ed pokutu 250EUR.<\/p>\n<p>20. Vo vlastnom z\u00e1ujme si klient pred obsaden\u00edm izby prekontroluje stav a funk\u010dnos\u0165 zariaden\u00ed na izbe a pr\u00edpadn\u00e9 poruchy a nedostatky ihne\u010f nahl\u00e1si na recepcii.<\/p>\n<p>21. Klient s\u00fahlas\u00ed s t\u00fdm, \u017ee po\u010das celej doby trvania pren\u00e1jmu ubytovania maj\u00fa za \u00fa\u010delom vykonania svojich slu\u017eobn\u00fdch povinnost\u00ed pr\u00e1vo do jeho izby vst\u00fapi\u0165 pracovn\u00edci hotela, ako napr. chy\u017en\u00e1, \u00fadr\u017eb\u00e1r, a pod.<\/p>\n<p>22. Hos\u0165 nem\u00f4\u017ee vnies\u0165 na izbu a ani do priestorov hotela, ktor\u00e9 nie s\u00fa na to ur\u010den\u00e9 \u0161portov\u00e9 n\u00e1radie a in\u00e9 predmety, ako napr\u00edklad. bicykel, ly\u017ee a pod.<\/p>\n<p>23. V \u010dase od 22:00 hod. do 6:00 hod. mus\u00ed klient v ubytovac\u00edch priestoroch dodr\u017eiava\u0165 no\u010dn\u00fd pokoj, teda spr\u00e1va\u0165 sa tak, aby svoj\u00edm konan\u00edm nevyru\u0161oval ostatn\u00edch klientov.<\/p>\n<p>24. Ubytovan\u00fd hos\u0165 je povinn\u00fd vo vlastnom z\u00e1ujme skontrolova\u0165 spr\u00e1vne uzamknutie izby pri odchode z\u00a0nej.<\/p>\n<p>25. Za stratu k\u013e\u00fa\u010da, resp. hotelovej karty uzamykania izby, jeho po\u0161kodenia je \u00fa\u010dtovan\u00fd poplatok 20 Eur. Hos\u0165 je povinn\u00fd ihne\u010f ozn\u00e1mi\u0165 recepcii stratu k\u013e\u00fa\u010da alebo hotelovej karty uzamykania.<\/p>\n<p>26. Pred odchodom z ubytovacieho zariadenia je klient povinn\u00fd na izbe uzavrie\u0165 vodovodn\u00e9 koh\u00fatiky, zhasn\u00fa\u0165 v izbe svetlo, vypn\u00fa\u0165 v\u0161etky elektrick\u00e9 spotrebi\u010de, uzamkn\u00fa\u0165 dvere a okn\u00e1, a k\u013e\u00fa\u010d resp. hotelov\u00e1 kartu uzamykania odovzda\u0165 na recepcii.<\/p>\n<p>27. Vo verejn\u00fdch a spolo\u010densk\u00fdch priestoroch hotela je zak\u00e1zan\u00e9 konzumova\u0165 vlastn\u00e9 alkoholick\u00e9 a nealkoholick\u00e9 n\u00e1poje, ktor\u00e9 neboli zak\u00fapen\u00e9 v odbytov\u00fdch stredisk\u00e1ch hotela.<\/p>\n<p>28. Klientom je pr\u00edsne zak\u00e1zan\u00e9 vyu\u017e\u00edva\u0165 priestory wellness centra (baz\u00e9ny, sauny) pod vplyvom alkoholu a psychotropn\u00fdch l\u00e1tok. Klient, ktor\u00fd trp\u00ed srdcovo-cievnymi ochoreniami, alebo m\u00e1 ak\u00e9ko\u013evek in\u00e9 ochorenie, v d\u00f4sledku ktor\u00e9ho pobyt v baz\u00e9ne, resp. v saune m\u00f4\u017ee zhor\u0161i\u0165 jeho zdravie alebo ohrozi\u0165 \u017eivot, m\u00f4\u017ee vyu\u017e\u00edva\u0165 zariadenie s\u00e1un, resp. baz\u00e9nov wellness centra len na vlastn\u00e9 riziko a zodpovednos\u0165.<\/p>\n<p>29. Loptov\u00e9 a in\u00e9 \u0161portov\u00e9 hry sa m\u00f4\u017eu hra\u0165 na ihrisku alebo na vyhraden\u00fdch priestoroch tak, aby nebol ru\u0161en\u00fd k\u013eud a bezpe\u010dnos\u0165 ubytovan\u00fdch a \u010fal\u0161\u00edch klientov.<\/p>\n<p>30. Psy a in\u00e9 zvierat\u00e1 sa m\u00f4\u017eu nach\u00e1dza\u0165 v priestoroch Hotela len so s\u00fahlasom zodpovedn\u00e9ho zamestnanca Hotela alebo na z\u00e1klade predch\u00e1dzaj\u00facej dohody klienta s Hotelom za predpokladu, \u017ee majite\u013e preuk\u00e1\u017ee ich zdravotn\u00fa sp\u00f4sobilos\u0165. Cena za ubytovanie zviera\u0165a sa \u00fa\u010dtuje pod\u013ea platn\u00e9ho hotelov\u00e9ho cenn\u00edka. Na ubytovanie psov a in\u00fdch zvierat sa vz\u0165ahuj\u00fa nasledovn\u00e9 opatrenia:<br \/>\n\u2022 psom a in\u00fdm zvierat\u00e1m je zak\u00e1zan\u00fd vstup a pobyt v t\u00fdch priestoroch, kde s\u00fa skladovan\u00e9 a pripravovan\u00e9 potraviny, alebo sa pod\u00e1vaj\u00fa jedl\u00e1 a n\u00e1poje.<br \/>\n\u2022 psom a in\u00fdm zvierat\u00e1m je zak\u00e1zan\u00fd vstup do priestorov wellnesscentra<br \/>\n\u2022 vo v\u0161etk\u00fdch verejn\u00fdch priestoroch Hotela mus\u00ed by\u0165 ka\u017ed\u00fd pes na v\u00f4dzke a mus\u00ed ma\u0165 n\u00e1hubok a ven\u010denie zvierat nie je povolen\u00e9 v\u00a0are\u00e1li hotela. Pr\u00edpadn\u00e9 zne\u010distenie are\u00e1lu hotela je klient, ktor\u00fd zviera sprev\u00e1dza povinn\u00fd okam\u017eite odstr\u00e1ni\u0165 a\u00a0da\u0165 zne\u010disten\u00e9 miesto do p\u00f4vodn\u00e9ho stavu.<br \/>\n\u2022 psy a in\u00e9 zvierat\u00e1 sa nesm\u00fa necha\u0165 odpo\u010d\u00edva\u0165 &#8211; le\u017ea\u0165 na l\u00f4\u017eku alebo inom zariaden\u00ed, ktor\u00e9 sl\u00fa\u017ei na odpo\u010dinok klienta<br \/>\n\u2022 na k\u0155menie zvierat nesmie by\u0165 pou\u017eit\u00fd invent\u00e1r, ktor\u00fd sl\u00fa\u017ei na pr\u00edpravu alebo pod\u00e1vanie pokrmov hos\u0165om<br \/>\n\u2022 v pr\u00edpade ak\u00e9hoko\u013evek po\u0161kodenia hotelov\u00e9ho zariadenia zviera\u0165om je klient povinn\u00fd zaplati\u0165 \u0161kodu v plnej v\u00fd\u0161ke. Za zviera zodpoved\u00e1 v plnom rozsahu majite\u013e zviera\u0165a a klient, ktor\u00fd pobyt v izbe zviera\u0165u umo\u017enil.<\/p>\n<p>31. Ak hos\u0165 ak\u00fdmko\u013evek sp\u00f4sobom znehodnotil, alebo po\u0161kodil zariadenie ubytovacieho zariadenia je povinn\u00fd to ohl\u00e1si\u0165 na recepcii ubytovacieho zariadenia ihne\u010f. Za \u0161kody sp\u00f4soben\u00e9 na majetku hotela zodpoved\u00e1 hos\u0165 pod\u013ea platn\u00fdch predpisov a z\u00e1konov Slovenskej republiky.<\/p>\n<p>32. Prev\u00e1dzkovate\u013e zodpoved\u00e1 za veci, vnesen\u00e9 ubytovan\u00fdmi osobami do priestorov, ktor\u00e9 s\u00fa vyhraden\u00e9 na ubytovanie alebo na ulo\u017eenie vec\u00ed. Vnesen\u00e9 veci s\u00fa veci, ktor\u00e9 boli prinesen\u00e9 hos\u0165om do priestorov, ktor\u00e9 s\u00fa vyhraden\u00e9 na jeho ubytovanie alebo ulo\u017een\u00e9 na ur\u010denom mieste, alebo boli za t\u00fdmto \u00fa\u010delom odovzdan\u00e9 do \u00faschovy prev\u00e1dzkovate\u013eovi alebo zodpovedn\u00e9mu pracovn\u00edkovi prev\u00e1dzkovate\u013ea. Na izbe sa klenoty, peniaze a in\u00e9 cennosti ukladaj\u00fa do trezora zabudovan\u00e9ho v izbe. T\u00e1to zodpovednos\u0165 sa spravuje ustan. \u00a7 758 Ob\u010dianskeho z\u00e1konn\u00edka.<\/p>\n<p>33. Cenn\u00edk slu\u017eieb za prechodn\u00e9 ubytovanie a \u010fal\u0161ie slu\u017eby je k nahliadnutiu na recepcii hotela alebo verejne dostupn\u00e9 na webovej str\u00e1nke hotela.<\/p>\n<p>34. V pr\u00edpade skr\u00e1tenia pobytu klientom m\u00e1 hotel pr\u00e1vo klientovi vy\u00fa\u010dtova\u0165 pln\u00fa v\u00fd\u0161ku dohodnutej ceny za cel\u00fa d\u013a\u017eku pobytu.<\/p>\n<p>35. Hotel je opr\u00e1vnen\u00fd \u00fa\u010dtova\u0165 storno poplatky vopred objednan\u00fdch dohodnut\u00fdch \u00a0slu\u017eieb v pr\u00edpade, \u017ee hos\u0165 zru\u0161\u00ed svoju rezerv\u00e1ciu pobytu alebo objednanej slu\u017eby, alebo jej \u010dasti. Ozn\u00e1menie zru\u0161enia rezerv\u00e1cie pobytu, slu\u017eby, alebo jej \u010dasti hotel prij\u00edma iba p\u00edsomnou formou. Hotel je opr\u00e1vnen\u00fd \u00fa\u010dtova\u0165 zru\u0161enie rezerv\u00e1cie aj v\u00a0pr\u00edpade, \u017ee hos\u0165 zru\u0161enie neozn\u00e1mi hotelu. Hotel \u00fa\u010dtuje storno poplatky pod\u013ea nasledovn\u00fdch pravidiel:<br \/>\n\u2022 zru\u0161enie pobytu, slu\u017eby, alebo jej \u010dasti viac ako 28 dn\u00ed pred n\u00e1stupom na pobyt alebo \u010derpan\u00edm slu\u017eby bez poplatku<br \/>\n\u2022 zru\u0161enie pobytu, slu\u017eby, alebo jej \u010dasti 28 a\u017e 15 dn\u00ed pred n\u00e1stupom na pobyt alebo \u010derpan\u00edm slu\u017eby je storno poplatok 30 % z ceny ubytovania a\/alebo objednan\u00fdch slu\u017eieb<br \/>\n\u2022 zru\u0161enie pobytu, slu\u017eby, alebo jej \u010dasti 14 a\u017e 2 dni pred n\u00e1stupom na pobyt alebo \u010derpan\u00edm slu\u017eby je storno poplatok 50 % z ceny ubytovania a\/alebo objednan\u00fdch slu\u017eieb<br \/>\n\u2022 zru\u0161enie pobytu, slu\u017eby, alebo jej \u010dasti menej ako 2 dni pred n\u00e1stupom na pobyt alebo \u010derpan\u00edm slu\u017eby je storno poplatok 100 % z ceny ubytovania a\/alebo objednan\u00fdch slu\u017eieb<\/p>\n<p>36. V hoteli je na vidite\u013enom a pr\u00edstupnom mieste vyvesen\u00fd po\u017eiarny poriadok. Hostia s\u00fa povinn\u00ed riadi\u0165 sa t\u00fdmto po\u017eiarnym poriadkom.<\/p>\n<p>37. Kniha prian\u00ed a s\u0165a\u017enost\u00ed je k dispoz\u00edcii na pr\u00edstupnom mieste recepcie hotela ako aj v\u00a0hotelovej mape na izb\u00e1ch.<\/p>\n<p>38. Reklam\u00e1cie, sa vykon\u00e1vaj\u00fa v zmysle Reklama\u010dn\u00e9ho poriadku hotela, ktor\u00fd je pr\u00edstupn\u00fd hos\u0165ovi na recepcii hotela.<\/p>\n<p>39. Hos\u0165ovi sa odpor\u00fa\u010da vo vlastnom z\u00e1ujme obozn\u00e1mi\u0165 sa s\u00a0t\u00fdmto ubytovac\u00edm poriadkom ako aj so VOP hotela pred uskuto\u010dnen\u00edm rezerv\u00e1cie. Prev\u00e1dzkovate\u013e hotela si vyhradzuje pr\u00e1vo jednostranne tento ubytovac\u00ed poriadok a\/alebo VOP zmeni\u0165, pri\u010dom zmena ubytovacieho poriadku ako aj VOP je \u00fa\u010dinn\u00e1 odo d\u0148a ich zverejnenia na internetovej str\u00e1nke prev\u00e1dzkovate\u013ea hotela. Pokial hos\u0165 nes\u00fahlas\u00ed s\u00a0niektor\u00fdmi ustanoveniami tohto ubytovacieho poriadku ako aj s\u00a0ustanoveniami VOP, prev\u00e1dzkovate\u013e hotela ho \u017eiada, aby nevyu\u017e\u00edval slu\u017eby prev\u00e1dzkovate\u013ea hotela. Potvrden\u00edm rezerv\u00e1cie ako aj samotn\u00fdm ubytovan\u00edm sa v\u00a0hoteli a\/alebo vyu\u017e\u00edvan\u00edm slu\u017eieb hotela hos\u0165 vyslovuje bezv\u00fdhradn\u00fd s\u00fahlas s\u00a0t\u00fdmto ubytovac\u00edm poriadkom ako aj so\u00a0VOP hotela.<\/p>\n<p>40. Hos\u0165 je povinn\u00fd dodr\u017eiava\u0165 ustanovenia tohto ubytovacieho poriadku, v\u0161eobecn\u00fdch mor\u00e1lnych a etick\u00fdch pravidiel obvykl\u00fdch na \u00fazem\u00ed Slovenskej republiky a riadi\u0165 sa po\u017eiarnymi predpismi. V pr\u00edpade, \u017ee ich bude poru\u0161ova\u0165, m\u00e1 hotel pr\u00e1vo odst\u00fapi\u0165 od poskytovania v\u0161etk\u00fdch svojich slu\u017eieb pred uplynut\u00edm dohodnut\u00e9ho \u010dasu.<\/p>\n","protected":false},"excerpt":{"rendered":"<p>1. Wellness Hotel Spark**** (\u010falej len \u201cHotel\u201d) poskytuje hos\u0165om za \u00fahradu ubytovanie a slu\u017eby minim\u00e1lne v\u00a0rozsahu a\u00a0kvalite ur\u010denej pr\u00edslu\u0161nou vyhl\u00e1\u0161kou, pod\u013ea ktorej je hotel zatrieden\u00fd do 4. kateg\u00f3rie \u2013 4****. 2. Hotel m\u00f4\u017ee prechodne ubytova\u0165 len hos\u0165a, ktor\u00fd je na ubytovanie riadne prihl\u00e1sen\u00fd. Za t\u00fdmto \u00fa\u010delom je hos\u0165 povinn\u00fd predlo\u017ei\u0165 pracovn\u00edkovi recepcie hotela pri pr\u00edchode [&hellip;]<\/p>\n","protected":false},"author":1,"featured_media":291,"parent":0,"menu_order":0,"comment_status":"closed","ping_status":"closed","template":"","meta":[],"acf":[],"_links":{"self":[{"href":"https:\/\/www.hotelspark.sk\/de\/wp-json\/wp\/v2\/pages\/54"}],"collection":[{"href":"https:\/\/www.hotelspark.sk\/de\/wp-json\/wp\/v2\/pages"}],"about":[{"href":"https:\/\/www.hotelspark.sk\/de\/wp-json\/wp\/v2\/types\/page"}],"author":[{"embeddable":true,"href":"https:\/\/www.hotelspark.sk\/de\/wp-json\/wp\/v2\/users\/1"}],"replies":[{"embeddable":true,"href":"https:\/\/www.hotelspark.sk\/de\/wp-json\/wp\/v2\/comments?post=54"}],"version-history":[{"count":2,"href":"https:\/\/www.hotelspark.sk\/de\/wp-json\/wp\/v2\/pages\/54\/revisions"}],"predecessor-version":[{"id":2030,"href":"https:\/\/www.hotelspark.sk\/de\/wp-json\/wp\/v2\/pages\/54\/revisions\/2030"}],"wp:featuredmedia":[{"embeddable":true,"href":"https:\/\/www.hotelspark.sk\/de\/wp-json\/wp\/v2\/media\/291"}],"wp:attachment":[{"href":"https:\/\/www.hotelspark.sk\/de\/wp-json\/wp\/v2\/media?parent=54"}],"curies":[{"name":"wp","href":"https:\/\/api.w.org\/{rel}","templated":true}]}}