{"id":5440,"date":"2020-01-17T13:34:36","date_gmt":"2020-01-17T13:34:36","guid":{"rendered":"https:\/\/www.hotelspark.sk\/wellness-pobyt-spark\/"},"modified":"2024-02-12T15:01:15","modified_gmt":"2024-02-12T15:01:15","slug":"wellnessurlaub-spark","status":"publish","type":"page","link":"https:\/\/www.hotelspark.sk\/de\/wellnessurlaub-spark\/","title":{"rendered":"Wellnessurlaub SPARK"},"content":{"rendered":"<div id=\"pl-5440\"  class=\"panel-layout\" ><div id=\"pg-5440-0\"  class=\"panel-grid panel-no-style\" ><div id=\"pgc-5440-0-0\"  class=\"panel-grid-cell panel-grid-cell-empty\" ><\/div><div id=\"pgc-5440-0-1\"  class=\"panel-grid-cell panel-grid-cell-mobile-last\" ><div id=\"panel-5440-0-1-0\" class=\"so-panel widget widget_sow-editor panel-first-child panel-last-child\" data-index=\"0\" ><div\n\t\t\t\n\t\t\tclass=\"so-widget-sow-editor so-widget-sow-editor-base\"\n\t\t\t\n\t\t>\n<div class=\"siteorigin-widget-tinymce textwidget\">\n\t<h2 style=\"text-align: center;\">Wellnessurlaub SPARK<\/h2>\n<\/div>\n<\/div><\/div><\/div><div id=\"pgc-5440-0-2\"  class=\"panel-grid-cell panel-grid-cell-empty\" ><\/div><\/div><div id=\"pg-5440-1\"  class=\"panel-grid panel-no-style\" ><div id=\"pgc-5440-1-0\"  class=\"panel-grid-cell\" ><div id=\"panel-5440-1-0-0\" class=\"so-panel widget widget_sow-editor panel-first-child\" data-index=\"1\" ><div\n\t\t\t\n\t\t\tclass=\"so-widget-sow-editor so-widget-sow-editor-base\"\n\t\t\t\n\t\t>\n<div class=\"siteorigin-widget-tinymce textwidget\">\n\t<div class=\"border-title\">\n<div class=\"title\">\n<p>Das Wellness-Urlaubspaket SPARK beinhaltet<\/p>\n<div class=\"border-left\"><\/div>\n<div class=\"border-right\"><\/div>\n<\/div>\n<\/div>\n<div class=\"content-inner content-center\"><\/div>\n<ul>\n<li>Unterkunft f\u00fcr 2 Erwachsene<\/li>\n<li><strong>Halbpension inklusive<\/strong>\n<ul>\n<li>reichhaltiges Fr\u00fchst\u00fccksbuffet oder Fr\u00fchst\u00fccksauswahl \/je nach Verf\u00fcgbarkeit\/<\/li>\n<li>3-G\u00e4nge-Men\u00fc mit Halbpension, das t\u00e4glich von 17:30 bis 20:00 Uhr serviert wird<\/li>\n<\/ul>\n<\/li>\n<li><strong>ganzt\u00e4giger Eintritt zum Poolbereich<\/strong>\u00a0w\u00e4hrend des Aufenthalts und w\u00e4hrend der \u00d6ffnungszeiten des Wellnesscenters (nur w\u00e4hrend der \u00d6ffnungszeiten des Wellnesscenters und nicht am Abreisetag g\u00fcltig):\n<ul>\n<li>Schwimmbad<\/li>\n<li>Whirlpool<\/li>\n<li>Kinderbecken<\/li>\n<li>mit Zugang zum Poolbereich, freier Durchgang zum Spa-Bereich : Finnische Sauna, Salzdampfsauna, Aromasauna, Infrarotsauna und <strong>Salz Inhalation Ruheraum<\/strong><\/li>\n<li>In der Sommersaison auch Zugang zum <strong>Au\u00dfenpool<\/strong><\/li>\n<\/ul>\n<\/li>\n<li>kostenlos im Aufenthaltspaket: <strong>1x klassische 30 min. Massage f\u00fcr eine Person pro Aufenthalt<\/strong><\/li>\n<li>10% Rabatt auf Massagen und K\u00f6rperbehandlungen beim Kauf zusammen mit diesem Paket<\/li>\n<li>Wellness-Bademantel im Zimmer<\/li>\n<li>Hotelpantoffeln im Zimmer kostenlos<\/li>\n<li>kostenlose WiFi-Verbindung<\/li>\n<li>kostenlose Parkpl\u00e4tze<\/li>\n<li>Kostenlose Flasche Wasser auf dem Zimmer beim Check-in<\/li>\n<\/ul>\n<\/div>\n<\/div><\/div><div id=\"panel-5440-1-0-1\" class=\"so-panel widget widget_sow-editor panel-last-child\" data-index=\"2\" ><div\n\t\t\t\n\t\t\tclass=\"so-widget-sow-editor so-widget-sow-editor-base\"\n\t\t\t\n\t\t>\n<div class=\"siteorigin-widget-tinymce textwidget\">\n\t<div class=\"border-title\">\n<div class=\"title\">\n<p>Wissenswertes<\/p>\n<div class=\"border-left\"><\/div>\n<div class=\"border-right\"><\/div>\n<\/div>\n<\/div>\n<div class=\"content-inner content-center\"><\/div>\n<p>Im Wellens Center bitten wir Sie, Ihr Telefon auf lautlos zu schalten und Ihre Stimme leise zu halten, besonders nach 18:00 Uhr.<br \/>\nDer Saunabereich kann nur von Erwachsenen oder Kindern ab 15 Jahren besucht werden. Kinder unter 15 Jahren k\u00f6nnen die Infrarotsauna und den Salz-Inhalationsraum t\u00e4glich bis 12:00 Uhr besuchen (nur w\u00e4hrend der \u00d6ffnungszeiten des Wellnesscenters und nicht am Abreisetag g\u00fcltig).<\/p>\n<p>Der letzte Eintrag ist eine Stunde vor Schlie\u00dfung des Wellnesscenters m\u00f6glich.<\/p>\n<p>Die Infrarotsauna wird vom Gast selbst in der Infrarotsauna eingeschaltet. Die Infrarotsauna schaltet sich nach 15 Minuten Betrieb automatisch aus.<\/p>\n<p>Massagen, die in diesem Aufenthaltspaket enthalten sind, sind nur nach Verf\u00fcgbarkeit m\u00f6glich, daher empfehlen wir Ihnen, die Verf\u00fcgbarkeit zu \u00fcberpr\u00fcfen, indem Sie sich vor dem Kauf des Aufenthaltspakets an die Rezeption wenden. Wenn Massagen w\u00e4hrend des Aufenthalts nicht durchgef\u00fchrt werden k\u00f6nnen, ist eine Entsch\u00e4digung nicht m\u00f6glich.<\/p>\n<p><strong>Das Hotel beh\u00e4lt sich das Recht vor, die \u00d6ffnungszeiten zu \u00e4ndern.<\/strong><br \/>\n<strong>Aktuelle Informationen zu den \u00d6ffnungszeiten erhalten Sie an der Rezeption.<\/strong><\/p>\n<\/div>\n<\/div><\/div><\/div><div id=\"pgc-5440-1-1\"  class=\"panel-grid-cell\" ><div id=\"panel-5440-1-1-0\" class=\"so-panel widget widget_sow-editor panel-first-child\" data-index=\"3\" ><div class=\"panel-widget-style panel-widget-style-for-5440-1-1-0\" ><div\n\t\t\t\n\t\t\tclass=\"so-widget-sow-editor so-widget-sow-editor-base\"\n\t\t\t\n\t\t>\n<div class=\"siteorigin-widget-tinymce textwidget\">\n\t<div class=\"border-title\">\n<div class=\"title\">\n<p>Annehmlichkeiten f\u00fcr Kinder<\/p>\n<div class=\"border-left\"><\/div>\n<div class=\"border-right\"><\/div>\n<\/div>\n<\/div>\n<div class=\"content-inner content-center\"><\/div>\n<p>\u2022 Spielplatz im Freien<br \/>\n\u2022 Kinderecke im Restaurant<br \/>\n\u2022 verschiedene Familienspiele in der Galerie<br \/>\n\u2022 Kinderb\u00fccher f\u00fcr Kinder in der Galerie<br \/>\n\u2022 Tischfu\u00dfball in der Galerie<\/p>\n<\/div>\n<\/div><\/div><\/div><div id=\"panel-5440-1-1-1\" class=\"so-panel widget widget_sow-editor\" data-index=\"4\" ><div\n\t\t\t\n\t\t\tclass=\"so-widget-sow-editor so-widget-sow-editor-base\"\n\t\t\t\n\t\t>\n<div class=\"siteorigin-widget-tinymce textwidget\">\n\t<div class=\"border-title\">\n<div class=\"title\">\n<p>Zus\u00e4tzliche Leistungen gegen Geb\u00fchr<\/p>\n<div class=\"border-left\"><\/div>\n<div class=\"border-right\"><\/div>\n<\/div>\n<\/div>\n<div class=\"content-inner content-center\"><\/div>\n<p>\u2022 Billard<br \/>\n\u2022 Tischtennis \/ am Spielplatz im Freien und saisonal verf\u00fcgbar \/<br \/>\n\u2022 offener Kamin mit der M\u00f6glichkeit, typische Gerichte zum Grillen am Lagerfeuer zu bestellen \/saisonal verf\u00fcgbar, Informationen zur Verf\u00fcgbarkeit an der Rezeption \/<br \/>\n\u2022 Fahrradverleih \/begrenzte Anzahl und saisonal verf\u00fcgbar, Informationen zur Verf\u00fcgbarkeit an der Rezeption \/<br \/>\n\u2022 Volleyballplatz \/ saisonal verf\u00fcgbar \/<br \/>\n\u2022 Sportfischen mit der M\u00f6glichkeit, eine Angelrute zu mieten \/begrenzte Anzahl, Informationen zur Verf\u00fcgbarkeit an der Rezeption \/<br \/>\n\u2022 Rudern am Hotelteich \/ saisonal, Informationen zur Verf\u00fcgbarkeit an der Rezeption \/<br \/>\n\u2022 Fu\u00dfballplatz auf Rasenfl\u00e4che<\/p>\n<\/div>\n<\/div><\/div><div id=\"panel-5440-1-1-2\" class=\"so-panel widget widget_sow-image panel-last-child\" data-index=\"5\" ><div\n\t\t\t\n\t\t\tclass=\"so-widget-sow-image so-widget-sow-image-default-c67d20f9f743-5440\"\n\t\t\t\n\t\t>\n\n<div class=\"sow-image-container\">\n\t\t<img src=\"https:\/\/www.hotelspark.sk\/wp-content\/uploads\/2019\/03\/stamp-prispevok.png\" width=\"285\" height=\"235\" sizes=\"(max-width: 285px) 100vw, 285px\" alt=\"\" loading=\"lazy\" \t\tclass=\"so-widget-image\"\/>\n\t<\/div>\n\n<\/div><\/div><\/div><\/div><div id=\"pg-5440-2\"  class=\"panel-grid panel-no-style\" ><div id=\"pgc-5440-2-0\"  class=\"panel-grid-cell panel-grid-cell-empty\" ><\/div><div id=\"pgc-5440-2-1\"  class=\"panel-grid-cell panel-grid-cell-mobile-last\" ><div id=\"panel-5440-2-1-0\" class=\"so-panel widget widget_sow-editor panel-first-child panel-last-child\" data-index=\"6\" ><div\n\t\t\t\n\t\t\tclass=\"so-widget-sow-editor so-widget-sow-editor-base\"\n\t\t\t\n\t\t>\n<div class=\"siteorigin-widget-tinymce textwidget\">\n\t<div class=\"border\">\n<p style=\"text-align: center; margin-top: -30px;\"><a class=\"button\" target=\"blank\" title=\"\" href=\"https:\/\/booking.profitroom.com\/de\/wellnesshotelspark\/pricelist\/offers\/186515\/?check-in=2019-11-24&check-out=2019-11-26&r1_adults=2&auto-dates=1&currency=EUR\" rel=\"noopener noreferrer\"><span class=\"button-outer\"><span class=\"button-middle\"><span class=\"button-inner\">VERF\u00dcGBARKEIT PR\u00dcFEN<\/span><\/span><\/span><\/a><\/p>\n<\/div>\n<\/div>\n<\/div><\/div><\/div><div id=\"pgc-5440-2-2\"  class=\"panel-grid-cell panel-grid-cell-empty\" ><\/div><\/div><\/div>","protected":false},"excerpt":{"rendered":"<p>Wellnessurlaub SPARK Das Wellness-Urlaubspaket SPARK beinhaltet Unterkunft f\u00fcr 2 Erwachsene Halbpension inklusive reichhaltiges Fr\u00fchst\u00fccksbuffet oder Fr\u00fchst\u00fccksauswahl \/je nach Verf\u00fcgbarkeit\/ 3-G\u00e4nge-Men\u00fc mit Halbpension, das t\u00e4glich von 17:30 bis 20:00 Uhr serviert wird ganzt\u00e4giger Eintritt zum Poolbereich\u00a0w\u00e4hrend des Aufenthalts und w\u00e4hrend der \u00d6ffnungszeiten des Wellnesscenters (nur w\u00e4hrend der \u00d6ffnungszeiten des Wellnesscenters und nicht am Abreisetag g\u00fcltig): Schwimmbad [&hellip;]<\/p>\n","protected":false},"author":3,"featured_media":615,"parent":0,"menu_order":0,"comment_status":"closed","ping_status":"closed","template":"","meta":[],"acf":[],"_links":{"self":[{"href":"https:\/\/www.hotelspark.sk\/de\/wp-json\/wp\/v2\/pages\/5440"}],"collection":[{"href":"https:\/\/www.hotelspark.sk\/de\/wp-json\/wp\/v2\/pages"}],"about":[{"href":"https:\/\/www.hotelspark.sk\/de\/wp-json\/wp\/v2\/types\/page"}],"author":[{"embeddable":true,"href":"https:\/\/www.hotelspark.sk\/de\/wp-json\/wp\/v2\/users\/3"}],"replies":[{"embeddable":true,"href":"https:\/\/www.hotelspark.sk\/de\/wp-json\/wp\/v2\/comments?post=5440"}],"version-history":[{"count":18,"href":"https:\/\/www.hotelspark.sk\/de\/wp-json\/wp\/v2\/pages\/5440\/revisions"}],"predecessor-version":[{"id":6357,"href":"https:\/\/www.hotelspark.sk\/de\/wp-json\/wp\/v2\/pages\/5440\/revisions\/6357"}],"wp:featuredmedia":[{"embeddable":true,"href":"https:\/\/www.hotelspark.sk\/de\/wp-json\/wp\/v2\/media\/615"}],"wp:attachment":[{"href":"https:\/\/www.hotelspark.sk\/de\/wp-json\/wp\/v2\/media?parent=5440"}],"curies":[{"name":"wp","href":"https:\/\/api.w.org\/{rel}","templated":true}]}}