{"id":6953,"date":"2025-11-12T13:10:35","date_gmt":"2025-11-12T13:10:35","guid":{"rendered":"https:\/\/www.hotelspark.sk\/silvester-2025\/"},"modified":"2025-11-12T13:43:25","modified_gmt":"2025-11-12T13:43:25","slug":"silvester-2025","status":"publish","type":"page","link":"https:\/\/www.hotelspark.sk\/de\/silvester-2025\/","title":{"rendered":"Silvester 2025 &#8211; Tickets"},"content":{"rendered":"<div id=\"pl-6953\"  class=\"panel-layout\" ><div id=\"pg-6953-0\"  class=\"panel-grid panel-no-style\" ><div id=\"pgc-6953-0-0\"  class=\"panel-grid-cell panel-grid-cell-empty\" ><\/div><div id=\"pgc-6953-0-1\"  class=\"panel-grid-cell panel-grid-cell-mobile-last\" ><div id=\"panel-6953-0-1-0\" class=\"so-panel widget widget_sow-editor panel-first-child\" data-index=\"0\" ><div\n\t\t\t\n\t\t\tclass=\"so-widget-sow-editor so-widget-sow-editor-base\"\n\t\t\t\n\t\t>\n<div class=\"siteorigin-widget-tinymce textwidget\">\n\t<div class=\"border-title\">\n<div class=\"title\">\n<p>IM PREIS ENTHALTEN<\/p>\n<div class=\"border-left\"><\/div>\n<div class=\"border-right\"><\/div>\n<\/div>\n<\/div>\n<div class=\"content-inner content-center\"><\/div>\n<p style=\"text-align: center\">Begr\u00fc\u00dfungsgetr\u00e4nk, Live-Musik & Fotobox, Feuerwerk, 3-G\u00e4nge-Men\u00fc, sp\u00e4ter Buffet & Candy-Bar, Mitternachtstoast und Kohlsuppe.<\/p>\n<p>&nbsp;<\/p>\n<h2 style=\"margin-top: -30px; text-align: center;\">Cena: 89<strong>\u00a0EUR\/Person<\/strong><\/h2>\n<\/div>\n<\/div><\/div><div id=\"panel-6953-0-1-1\" class=\"so-panel widget widget_sow-editor panel-last-child\" data-index=\"1\" ><div\n\t\t\t\n\t\t\tclass=\"so-widget-sow-editor so-widget-sow-editor-base\"\n\t\t\t\n\t\t>\n<div class=\"siteorigin-widget-tinymce textwidget\">\n\t<p><video width=\"100%\" height=\"auto\" controls poster=\"#\"><source src=\"https:\/\/www.hotelspark.sk\/wp-content\/uploads\/2025\/11\/copy_82C6E998-9EE8-41CC-A5CA-B8025B1119F6.mp4\" type=\"video\/mp4\"\/>Ihr Browser unterst\u00fctzt keine Videowiedergabe.<\/video><\/p>\n<\/div>\n<\/div><\/div><\/div><div id=\"pgc-6953-0-2\"  class=\"panel-grid-cell panel-grid-cell-empty\" ><\/div><\/div><div id=\"pg-6953-1\"  class=\"panel-grid panel-no-style\" ><div id=\"pgc-6953-1-0\"  class=\"panel-grid-cell\" ><div id=\"panel-6953-1-0-0\" class=\"so-panel widget widget_sow-editor panel-first-child panel-last-child\" data-index=\"2\" ><div\n\t\t\t\n\t\t\tclass=\"so-widget-sow-editor so-widget-sow-editor-base\"\n\t\t\t\n\t\t>\n<div class=\"siteorigin-widget-tinymce textwidget\">\n\t<h3 style=\"text-align: center; color: #e4bb92\">Reservierungen und weitere Informationen unter <a href=\"mailto:recepcia@hotelspark.sk\">recepcia@hotelspark.sk,<\/a> tel.<a href=\"tel:034\/7746203\">034\/7746203<\/a> <\/h3>\n<\/div>\n<\/div><\/div><\/div><\/div><\/div>","protected":false},"excerpt":{"rendered":"<p>IM PREIS ENTHALTEN Begr\u00fc\u00dfungsgetr\u00e4nk, Live-Musik &#038; Fotobox, Feuerwerk, 3-G\u00e4nge-Men\u00fc, sp\u00e4ter Buffet &#038; Candy-Bar, Mitternachtstoast und Kohlsuppe. &nbsp; Cena: 89\u00a0EUR\/Person Ihr Browser unterst\u00fctzt keine Videowiedergabe. Reservierungen und weitere Informationen unter recepcia@hotelspark.sk, tel.034\/7746203<\/p>\n","protected":false},"author":3,"featured_media":440,"parent":0,"menu_order":0,"comment_status":"closed","ping_status":"closed","template":"","meta":[],"acf":[],"_links":{"self":[{"href":"https:\/\/www.hotelspark.sk\/de\/wp-json\/wp\/v2\/pages\/6953"}],"collection":[{"href":"https:\/\/www.hotelspark.sk\/de\/wp-json\/wp\/v2\/pages"}],"about":[{"href":"https:\/\/www.hotelspark.sk\/de\/wp-json\/wp\/v2\/types\/page"}],"author":[{"embeddable":true,"href":"https:\/\/www.hotelspark.sk\/de\/wp-json\/wp\/v2\/users\/3"}],"replies":[{"embeddable":true,"href":"https:\/\/www.hotelspark.sk\/de\/wp-json\/wp\/v2\/comments?post=6953"}],"version-history":[{"count":1,"href":"https:\/\/www.hotelspark.sk\/de\/wp-json\/wp\/v2\/pages\/6953\/revisions"}],"predecessor-version":[{"id":6962,"href":"https:\/\/www.hotelspark.sk\/de\/wp-json\/wp\/v2\/pages\/6953\/revisions\/6962"}],"wp:featuredmedia":[{"embeddable":true,"href":"https:\/\/www.hotelspark.sk\/de\/wp-json\/wp\/v2\/media\/440"}],"wp:attachment":[{"href":"https:\/\/www.hotelspark.sk\/de\/wp-json\/wp\/v2\/media?parent=6953"}],"curies":[{"name":"wp","href":"https:\/\/api.w.org\/{rel}","templated":true}]}}