{"id":6970,"date":"2025-11-12T14:19:54","date_gmt":"2025-11-12T14:19:54","guid":{"rendered":"https:\/\/www.hotelspark.sk\/?page_id=6970"},"modified":"2025-11-12T14:19:54","modified_gmt":"2025-11-12T14:19:54","slug":"silvester","status":"publish","type":"page","link":"https:\/\/www.hotelspark.sk\/de\/silvester\/","title":{"rendered":"Silvester"},"content":{"rendered":"<div id=\"pl-6970\"  class=\"panel-layout\" ><div id=\"pg-6970-0\"  class=\"panel-grid panel-no-style\" ><div id=\"pgc-6970-0-0\"  class=\"panel-grid-cell panel-grid-cell-empty\" ><\/div><div id=\"pgc-6970-0-1\"  class=\"panel-grid-cell panel-grid-cell-mobile-last\" ><div id=\"panel-6970-0-1-0\" class=\"so-panel widget widget_sow-editor panel-first-child panel-last-child\" data-index=\"0\" ><div\n\t\t\t\n\t\t\tclass=\"so-widget-sow-editor so-widget-sow-editor-base\"\n\t\t\t\n\t\t>\n<div class=\"siteorigin-widget-tinymce textwidget\">\n\t<h2 style=\"text-align: center;\">Verf\u00fcgbar ab 29 Dez 2025 \u2013 3 Jan 2026<\/h2>\n<\/div>\n<\/div><\/div><\/div><div id=\"pgc-6970-0-2\"  class=\"panel-grid-cell panel-grid-cell-empty\" ><\/div><\/div><div id=\"pg-6970-1\"  class=\"panel-grid panel-no-style\" ><div id=\"pgc-6970-1-0\"  class=\"panel-grid-cell\" ><div id=\"panel-6970-1-0-0\" class=\"so-panel widget widget_sow-editor panel-first-child\" data-index=\"1\" ><div\n\t\t\t\n\t\t\tclass=\"so-widget-sow-editor so-widget-sow-editor-base\"\n\t\t\t\n\t\t>\n<div class=\"siteorigin-widget-tinymce textwidget\">\n\t<div class=\"border-title\">\n<div class=\"title\">\n<p>IM PREIS IHRES AUFENTHALTS ENTHALTEN<\/p>\n<div class=\"border-left\"><\/div>\n<div class=\"border-right\"><\/div>\n<\/div>\n<\/div>\n<p>\u2022 Unterkunft f\u00fcr 2 Erwachsene<br \/>\n\u2022 reichhaltiges Fr\u00fchst\u00fccksbuffet<br \/>\n\u2022 Tickets** f\u00fcr die Silvesterparty am 31.12.2025 ab 19:00 Uhr, die Folgendes beinhalten:<\/p>\n<ul>\n<li>Welcome Drink <\/li>\n<li>3-G\u00e4nge-Men\u00fc serviert<\/li>\n<li>S\u00fc\u00dfigkeitenbar<\/li>\n<li>Snackbuffet<\/li>\n<li>Silvester-Kohlsuppe<\/li>\n<li>Neujahrs-Ansto\u00df<\/li>\n<li>Mitternachtsfeuerwerk<\/li>\n<li>gro\u00dfz\u00fcgige Tombola mit vielen interessanten Preisen (Tickets an der Rezeption erh\u00e4ltlich)<\/li>\n<li>Live-Musik<\/li>\n<\/ul>\n<p>\u2022 <b>unbegrenzter Zugang zum Wellnessbereich w\u00e4hrend des Aufenthalts*<\/b><br \/>\n\u2022 2-st\u00fcndiger Zugang zur <b>Saunawelt<\/b> w\u00e4hrend des Aufenthalts*<br \/>\n\u2022 Entspannung und <b>Inhalation im Salz-Inhalationsraum*<\/b><br \/>\n\u2022 WLAN im gesamten Hotel<br \/>\n\u2022 Kostenloses Parken w\u00e4hrend des Aufenthalts<\/p>\n<p>utritt nur w\u00e4hrend der \u00d6ffnungszeiten des Wellnessbereichs m\u00f6glich<br \/>\n** Tickets f\u00fcr die Silvesterparty sind im Preis enthalten, nur wenn der Aufenthalt in der Nacht vom 31.12.2025 auf den 1.1.2026 gebucht wird.<\/p>\n<\/div>\n<\/div><\/div><div id=\"panel-6970-1-0-1\" class=\"so-panel widget widget_sow-editor panel-last-child\" data-index=\"2\" ><div\n\t\t\t\n\t\t\tclass=\"so-widget-sow-editor so-widget-sow-editor-base\"\n\t\t\t\n\t\t>\n<div class=\"siteorigin-widget-tinymce textwidget\">\n\t<div class=\"border-title\">\n<div class=\"title\">\n<p>WISSENSWERTES<\/p>\n<div class=\"border-left\"><\/div>\n<div class=\"border-right\"><\/div>\n<\/div>\n<\/div>\n<div class=\"content-inner content-center\"><\/div>\n<p>Ab 18:00 Uhr ist im Wellnessbereich Ruhezeit.<br \/>\nDer Saunabereich ist nur f\u00fcr Erwachsene oder Kinder ab 15 Jahren zug\u00e4nglich. Kinder unter 15 Jahren k\u00f6nnen w\u00e4hrend des Aufenthalts t\u00e4glich bis 12:00 Uhr die Infrarotsauna und den Salz-Inhalationsraum besuchen (nicht am Abreisetag).<\/p>\n<\/div>\n<\/div><\/div><\/div><div id=\"pgc-6970-1-1\"  class=\"panel-grid-cell\" ><div id=\"panel-6970-1-1-0\" class=\"so-panel widget widget_sow-editor panel-first-child\" data-index=\"3\" ><div class=\"panel-widget-style panel-widget-style-for-6970-1-1-0\" ><div\n\t\t\t\n\t\t\tclass=\"so-widget-sow-editor so-widget-sow-editor-base\"\n\t\t\t\n\t\t>\n<div class=\"siteorigin-widget-tinymce textwidget\">\n\t<div class=\"border-title\">\n<div class=\"title\">\n<p>ANNEHMLICHKEITEN F\u00dcR KINDER<\/p>\n<div class=\"border-left\"><\/div>\n<div class=\"border-right\"><\/div>\n<\/div>\n<\/div>\n<div class=\"content-inner content-center\"><\/div>\n<p><b>F\u00fcr Kinder haben wir vorbereitet:<\/b><br \/>\n\u2022 au\u00dfen Kinderspielplatz<br \/>\n\u2022 Kinderecke im Restaurant<br \/>\n\u2022 zahlreiche Gesellschaftsspiele in der Galerie<br \/>\n\u2022 Kindergeschichtenb\u00fccher f\u00fcr Kinder in der Galerie verf\u00fcgbar<\/p>\n<\/div>\n<\/div><\/div><\/div><div id=\"panel-6970-1-1-1\" class=\"so-panel widget widget_sow-editor\" data-index=\"4\" ><div\n\t\t\t\n\t\t\tclass=\"so-widget-sow-editor so-widget-sow-editor-base\"\n\t\t\t\n\t\t>\n<div class=\"siteorigin-widget-tinymce textwidget\">\n\t<div class=\"border-title\">\n<div class=\"title\">\n<p>ZUS\u00c4TZLICHELEISTUNGENGEGENGEB\u00dcHR<\/p>\n<div class=\"border-left\"><\/div>\n<div class=\"border-right\"><\/div>\n<\/div>\n<\/div>\n<div class=\"content-inner content-center\"><\/div>\n<p>\u2022 Billard<\/p>\n<\/div>\n<\/div><\/div><div id=\"panel-6970-1-1-2\" class=\"so-panel widget widget_sow-image panel-last-child\" data-index=\"5\" ><div\n\t\t\t\n\t\t\tclass=\"so-widget-sow-image so-widget-sow-image-default-c67d20f9f743-6970\"\n\t\t\t\n\t\t>\n\n<div class=\"sow-image-container\">\n\t\t<img src=\"https:\/\/www.hotelspark.sk\/wp-content\/uploads\/2019\/03\/stamp-prispevok.png\" width=\"285\" height=\"235\" sizes=\"(max-width: 285px) 100vw, 285px\" alt=\"\" loading=\"lazy\" \t\tclass=\"so-widget-image\"\/>\n\t<\/div>\n\n<\/div><\/div><\/div><\/div><div id=\"pg-6970-2\"  class=\"panel-grid panel-no-style\" ><div id=\"pgc-6970-2-0\"  class=\"panel-grid-cell panel-grid-cell-empty\" ><\/div><div id=\"pgc-6970-2-1\"  class=\"panel-grid-cell panel-grid-cell-mobile-last\" ><div id=\"panel-6970-2-1-0\" class=\"so-panel widget widget_sow-editor panel-first-child\" data-index=\"6\" ><div\n\t\t\t\n\t\t\tclass=\"so-widget-sow-editor so-widget-sow-editor-base\"\n\t\t\t\n\t\t>\n<div class=\"siteorigin-widget-tinymce textwidget\">\n\t<div class=\"border\">\n<p style=\"text-align: center; margin-top: -30px;\"><a class=\"button\" target=\"blank\" title=\"\" href=\"https:\/\/booking.profitroom.com\/de\/wellnesshotelspark\/home?currency=EUR&modal=voucher_216888\" rel=\"noopener noreferrer\"><span class=\"button-outer\"><span class=\"button-middle\"><span class=\"button-inner\">PREIS UND VERF\u00dcGBARKEIT PR\u00dcFEN<\/span><\/span><\/span><\/a><\/p>\n<\/div>\n<\/div>\n<\/div><\/div><div id=\"panel-6970-2-1-1\" class=\"so-panel widget widget_sow-editor panel-last-child\" data-index=\"7\" ><div\n\t\t\t\n\t\t\tclass=\"so-widget-sow-editor so-widget-sow-editor-base\"\n\t\t\t\n\t\t>\n<div class=\"siteorigin-widget-tinymce textwidget\">\n\t<div class=\"border\">\n<p style=\"text-align: center; margin-top: -30px;\"><a class=\"button\" target=\"blank\" title=\"\" href=\"https:\/\/booking.profitroom.com\/de\/wellnesshotelspark\/home?currency=EUR&modal=voucher_216888\" rel=\"noopener noreferrer\"><span class=\"button-outer\"><span class=\"button-middle\"><span class=\"button-inner\">TICKETS<\/span><\/span><\/span><\/a><\/p>\n<\/div>\n<\/div>\n<\/div><\/div><\/div><div id=\"pgc-6970-2-2\"  class=\"panel-grid-cell panel-grid-cell-empty\" ><\/div><\/div><\/div>","protected":false},"excerpt":{"rendered":"<p>Verf\u00fcgbar ab 29 Dez 2025 \u2013 3 Jan 2026 IM PREIS IHRES AUFENTHALTS ENTHALTEN \u2022 Unterkunft f\u00fcr 2 Erwachsene \u2022 reichhaltiges Fr\u00fchst\u00fccksbuffet \u2022 Tickets** f\u00fcr die Silvesterparty am 31.12.2025 ab 19:00 Uhr, die Folgendes beinhalten: Welcome Drink 3-G\u00e4nge-Men\u00fc serviert S\u00fc\u00dfigkeitenbar Snackbuffet Silvester-Kohlsuppe Neujahrs-Ansto\u00df Mitternachtsfeuerwerk gro\u00dfz\u00fcgige Tombola mit vielen interessanten Preisen (Tickets an der Rezeption erh\u00e4ltlich) [&hellip;]<\/p>\n","protected":false},"author":3,"featured_media":764,"parent":0,"menu_order":0,"comment_status":"closed","ping_status":"closed","template":"","meta":[],"acf":[],"_links":{"self":[{"href":"https:\/\/www.hotelspark.sk\/de\/wp-json\/wp\/v2\/pages\/6970"}],"collection":[{"href":"https:\/\/www.hotelspark.sk\/de\/wp-json\/wp\/v2\/pages"}],"about":[{"href":"https:\/\/www.hotelspark.sk\/de\/wp-json\/wp\/v2\/types\/page"}],"author":[{"embeddable":true,"href":"https:\/\/www.hotelspark.sk\/de\/wp-json\/wp\/v2\/users\/3"}],"replies":[{"embeddable":true,"href":"https:\/\/www.hotelspark.sk\/de\/wp-json\/wp\/v2\/comments?post=6970"}],"version-history":[{"count":2,"href":"https:\/\/www.hotelspark.sk\/de\/wp-json\/wp\/v2\/pages\/6970\/revisions"}],"predecessor-version":[{"id":6981,"href":"https:\/\/www.hotelspark.sk\/de\/wp-json\/wp\/v2\/pages\/6970\/revisions\/6981"}],"wp:featuredmedia":[{"embeddable":true,"href":"https:\/\/www.hotelspark.sk\/de\/wp-json\/wp\/v2\/media\/764"}],"wp:attachment":[{"href":"https:\/\/www.hotelspark.sk\/de\/wp-json\/wp\/v2\/media?parent=6970"}],"curies":[{"name":"wp","href":"https:\/\/api.w.org\/{rel}","templated":true}]}}