{"id":7272,"date":"2026-03-23T12:37:34","date_gmt":"2026-03-23T12:37:34","guid":{"rendered":"https:\/\/www.hotelspark.sk\/check-in\/"},"modified":"2026-05-01T06:48:33","modified_gmt":"2026-05-01T06:48:33","slug":"check-in","status":"publish","type":"page","link":"https:\/\/www.hotelspark.sk\/de\/check-in\/","title":{"rendered":"Check in"},"content":{"rendered":"<div id=\"pl-gb7272-69f5bc4246d98\"  class=\"panel-layout\" ><div id=\"pg-gb7272-69f5bc4246d98-0\"  class=\"panel-grid panel-no-style\" ><div id=\"pgc-gb7272-69f5bc4246d98-0-0\"  class=\"panel-grid-cell panel-grid-cell-empty\" ><\/div><div id=\"pgc-gb7272-69f5bc4246d98-0-1\"  class=\"panel-grid-cell panel-grid-cell-mobile-last\" ><div id=\"panel-gb7272-69f5bc4246d98-0-1-0\" class=\"so-panel widget widget_sow-editor panel-first-child panel-last-child\" data-index=\"0\" ><div\n\t\t\t\n\t\t\tclass=\"so-widget-sow-editor so-widget-sow-editor-base\"\n\t\t\t\n\t\t>\n<div class=\"siteorigin-widget-tinymce textwidget\">\n\t<h2 style=\"text-align: center;\">Wir freuen uns sehr, dass Sie sich f\u00fcr einen Aufenthalt in unserem Hotel entschieden haben!<\/h2>\n<\/div>\n<\/div><\/div><\/div><div id=\"pgc-gb7272-69f5bc4246d98-0-2\"  class=\"panel-grid-cell panel-grid-cell-empty\" ><\/div><\/div><div id=\"pg-gb7272-69f5bc4246d98-1\"  class=\"panel-grid panel-no-style\" ><div id=\"pgc-gb7272-69f5bc4246d98-1-0\"  class=\"panel-grid-cell panel-grid-cell-empty\" ><\/div><div id=\"pgc-gb7272-69f5bc4246d98-1-1\"  class=\"panel-grid-cell panel-grid-cell-mobile-last\" ><div id=\"panel-gb7272-69f5bc4246d98-1-1-0\" class=\"so-panel widget widget_sow-editor panel-first-child panel-last-child\" data-index=\"1\" ><div\n\t\t\t\n\t\t\tclass=\"so-widget-sow-editor so-widget-sow-editor-base\"\n\t\t\t\n\t\t>\n<div class=\"siteorigin-widget-tinymce textwidget\">\n\t<p style=\"text-align: center;\">Wir glauben, dass Sie sich bei uns wohlf\u00fchlen und die Ruhe inmitten der Natur fernab vom Alltag genie\u00dfen werden. Unser Hotel bietet verschiedene Dienstleistungen, die Ihnen garantiert helfen, bestm\u00f6glich zu entspannen und neue Energie zu tanken. Wir bieten eine breite Auswahl an Massagen und Behandlungen, die K\u00f6rper und Geist gleicherma\u00dfen entspannen. Wir haben f\u00fcr Sie eine Zusammenfassung von Informationen vorbereitet, die Sie durch die Dienstleistungen unseres Hotels f\u00fchrt.<\/p>\n<\/div>\n<\/div><\/div><\/div><div id=\"pgc-gb7272-69f5bc4246d98-1-2\"  class=\"panel-grid-cell panel-grid-cell-empty\" ><\/div><\/div><div id=\"pg-gb7272-69f5bc4246d98-2\"  class=\"panel-grid panel-no-style\" ><div id=\"pgc-gb7272-69f5bc4246d98-2-0\"  class=\"panel-grid-cell\" ><div id=\"panel-gb7272-69f5bc4246d98-2-0-0\" class=\"so-panel widget widget_sow-editor panel-first-child\" data-index=\"2\" ><div\n\t\t\t\n\t\t\tclass=\"so-widget-sow-editor so-widget-sow-editor-base\"\n\t\t\t\n\t\t>\n<div class=\"siteorigin-widget-tinymce textwidget\">\n\t<h3 style=\"text-align: center;\">Fr\u00fchst\u00fcck \/ Halbpension<\/h3>\n<p style=\"text-align: center;\">\nMontag: 06:30 &#8211; 09:00 \/ 17:30 &#8211; 20:00<br \/>\nDienstag: 06:30 &#8211; 09:00 \/ 17:30 &#8211; 20:00<br \/>\nMittwoch: 06:30 &#8211; 09:00 \/ 17:30 &#8211; 20:00<br \/>\nDonnerstag: 06:30 &#8211; 09:00 \/ 17:30 &#8211; 20:00<br \/>\nFreitag: 06:30 &#8211; 09:00 \/ 17:30 &#8211; 20:00<br \/>\nSamstag: 07:30 &#8211; 09:30 \/ 17:30 &#8211; 20:00<br \/>\nSonntag und Feiertage: 07:30 &#8211; 09:30 \/ 17:30 &#8211; 20:00<\/p>\n<\/div>\n<\/div><\/div><div id=\"panel-gb7272-69f5bc4246d98-2-0-1\" class=\"so-panel widget widget_sow-editor\" data-index=\"3\" ><div\n\t\t\t\n\t\t\tclass=\"so-widget-sow-editor so-widget-sow-editor-base\"\n\t\t\t\n\t\t>\n<div class=\"siteorigin-widget-tinymce textwidget\">\n\t<h3 style=\"text-align: center;\">Restaurant<\/h3>\n<h4 style=\"text-align: center;\"><span style=\"text-decoration: underline;\">\u00d6ffnungszeiten:<\/span><\/h4>\n<p style=\"text-align: center;\">\nMontag: 11:00 &#8211; 22:00, K\u00fcche bis 20:30<br \/>\nDienstag: 11:00 &#8211; 22:00, K\u00fcche bis 20:30<br \/>\nMittwoch: 11:00 &#8211; 22:00, K\u00fcche bis 20:30<br \/>\nDonnerstag: 11:00 &#8211; 22:00, K\u00fcche bis 20:30<br \/>\nFreitag: 11:00 &#8211; 22:00, K\u00fcche bis 21:30<br \/>\nSamstag: 11:00 &#8211; 22:00, K\u00fcche bis 21:30<br \/>\nSonntag: 11:00 &#8211; 22:00, K\u00fcche bis 20:30<\/p>\n<\/div>\n<\/div><\/div><div id=\"panel-gb7272-69f5bc4246d98-2-0-2\" class=\"so-panel widget widget_sow-editor panel-last-child\" data-index=\"4\" ><div\n\t\t\t\n\t\t\tclass=\"so-widget-sow-editor so-widget-sow-editor-base\"\n\t\t\t\n\t\t>\n<div class=\"siteorigin-widget-tinymce textwidget\">\n\t<h3 style=\"text-align: center;\">Wellnesszentrum<\/h3>\n<h4 style=\"text-align: center;\"><span style=\"text-decoration: underline;\">\u00d6ffnungszeiten:<\/span><\/h4>\n<p style=\"text-align: center;\">Montag: 12:15 &#8211; 16:00 und 18:30 &#8211; 20:30<br \/>\nDienstag: 10:00 &#8211; 20:00<br \/>\nMittwoch: 12:15 &#8211; 15:45 und 19:00 &#8211; 21:00<br \/>\nDonnerstag: 10:00 &#8211; 20:00, Saunen von 16:00 &#8211; 20:00<br \/>\nFreitag: 10:00 &#8211; 21:00, Saunen von 16:00 &#8211; 21:00<br \/>\nSamstag: 10:00 &#8211; 21:00, Saunen von 16:00 &#8211; 21:00<br \/>\nSonntag und Feiertage: 10:00 &#8211; 20:00, Saunen von 16:00 &#8211; 20:00<\/p>\n<p style=\"text-align: center;\">Dienstags: 5.5., 12.5. und 19.5.: jeweils von 12:00 bis 20:00 Uhr.<\/p>\n<\/div>\n<\/div><\/div><\/div><\/div><div id=\"pg-gb7272-69f5bc4246d98-3\"  class=\"panel-grid panel-no-style\" ><div id=\"pgc-gb7272-69f5bc4246d98-3-0\"  class=\"panel-grid-cell\" ><div id=\"panel-gb7272-69f5bc4246d98-3-0-0\" class=\"so-panel widget widget_sow-editor panel-first-child panel-last-child\" data-index=\"5\" ><div\n\t\t\t\n\t\t\tclass=\"so-widget-sow-editor so-widget-sow-editor-base\"\n\t\t\t\n\t\t>\n<div class=\"siteorigin-widget-tinymce textwidget\">\n\t<hr \/>\n<\/div>\n<\/div><\/div><\/div><\/div><div id=\"pg-gb7272-69f5bc4246d98-4\"  class=\"panel-grid panel-no-style\" ><div id=\"pgc-gb7272-69f5bc4246d98-4-0\"  class=\"panel-grid-cell\" ><div id=\"panel-gb7272-69f5bc4246d98-4-0-0\" class=\"so-panel widget widget_sow-editor panel-first-child panel-last-child\" data-index=\"6\" ><div\n\t\t\t\n\t\t\tclass=\"so-widget-sow-editor so-widget-sow-editor-base\"\n\t\t\t\n\t\t>\n<div class=\"siteorigin-widget-tinymce textwidget\">\n\t<h2 style=\"text-align: center;\">Restaurant<\/h2>\n<div class=\"buttons-container style=\" style=\"text-align: center;\">\n<div class=\"buttons-container style=\" style=\"text-align: center;\"><a class=\"button\" title=\"\" href=\"https:\/\/www.hotelspark.sk\/wp-content\/uploads\/2026\/05\/LETO2026_NJ-WEB.pdf\" target=\"_blank\" rel=\"noopener noreferrer\"><span class=\"button-outer\"><span class=\"button-middle\"><span class=\"button-inner\">SPEISEKARTE<\/span><\/span><\/span><\/a><span style=\"padding-left: 20px;\"><a class=\"button\" title=\"\" href=\"https:\/\/www.hotelspark.sk\/wp-content\/uploads\/2025\/05\/VINNA-KARTA-NJ_wellness-hotel-spark.pdf\" target=\"_blank\" rel=\"noopener noreferrer\"><span class=\"button-outer\"><span class=\"button-middle\"><span class=\"button-inner\">WEINKARTE<\/span><\/span><\/span><\/a><\/span><\/div>\n<p style=\"text-align: center;\">Genie\u00dfen Sie die unvergessliche Atmosph\u00e4re im exklusiven Hotelrestaurant Spark, mit einzigartiger Architektur und einem wundersch\u00f6nen Blick auf die Natur und den See. Wir bieten eine Auswahl an hervorragenden Gerichten, zubereitet aus den hochwertigsten und stets frischen Zutaten. Lassen Sie sich verw\u00f6hnen \u2013 die Spezialit\u00e4ten unseres Spitzenkochs warten nur auf Sie.<\/p>\n<\/div>\n<\/div>\n<\/div><\/div><\/div><\/div><div id=\"pg-gb7272-69f5bc4246d98-5\"  class=\"panel-grid panel-no-style\" ><div id=\"pgc-gb7272-69f5bc4246d98-5-0\"  class=\"panel-grid-cell\" ><div id=\"panel-gb7272-69f5bc4246d98-5-0-0\" class=\"so-panel widget widget_sow-editor panel-first-child panel-last-child\" data-index=\"7\" ><div\n\t\t\t\n\t\t\tclass=\"so-widget-sow-editor so-widget-sow-editor-base\"\n\t\t\t\n\t\t>\n<div class=\"siteorigin-widget-tinymce textwidget\">\n\t<hr \/>\n<\/div>\n<\/div><\/div><\/div><\/div><div id=\"pg-gb7272-69f5bc4246d98-6\"  class=\"panel-grid panel-no-style\" ><div id=\"pgc-gb7272-69f5bc4246d98-6-0\"  class=\"panel-grid-cell panel-grid-cell-empty\" ><\/div><div id=\"pgc-gb7272-69f5bc4246d98-6-1\"  class=\"panel-grid-cell panel-grid-cell-mobile-last\" ><div id=\"panel-gb7272-69f5bc4246d98-6-1-0\" class=\"so-panel widget widget_sow-editor panel-first-child panel-last-child\" data-index=\"8\" ><div\n\t\t\t\n\t\t\tclass=\"so-widget-sow-editor so-widget-sow-editor-base\"\n\t\t\t\n\t\t>\n<div class=\"siteorigin-widget-tinymce textwidget\">\n\t<h2 style=\"text-align: center;\">Angebot unseres Wellnesszentrums<\/h2>\n<p style=\"text-align: center;\">Das Wellnesszentrum des Wellness Hotel Spark**** bietet Ihnen die M\u00f6glichkeit, K\u00f6rper und Geist vollkommen zu entspannen. Den G\u00e4sten steht ein 12&#215;6 m gro\u00dfer Ruhepool mit Gegenstromanlage und Schwalldusche zur Verf\u00fcgung, <strong>in der Sommersaison ein beheizter Au\u00dfenpool mit Relaxzone<\/strong>, ein Whirlpool f\u00fcr 5 Personen, ein gem\u00fctliches Kinderbecken, ein Dampfbad mit Salz, eine Kr\u00e4uter-Aroma-Sauna, eine Infrarotsauna, <strong>eine finnische Sauna, ein Kaltwasser-Tauchbecken<\/strong> sowie Duschen und ein <strong>Salzruheraum<\/strong>. Im Wellnesszentrum befinden sich au\u00dferdem die Spa\u2011R\u00e4ume I und II, die f\u00fcr Massagen, Kosmetikbehandlungen und verschiedene K\u00f6rperanwendungen vorgesehen sind.<\/p>\n<\/div>\n<\/div><\/div><\/div><div id=\"pgc-gb7272-69f5bc4246d98-6-2\"  class=\"panel-grid-cell panel-grid-cell-empty\" ><\/div><\/div><div id=\"pg-gb7272-69f5bc4246d98-7\"  class=\"panel-grid panel-has-style\" ><div class=\"panel-row-style panel-row-style-for-gb7272-69f5bc4246d98-7\" ><div id=\"pgc-gb7272-69f5bc4246d98-7-0\"  class=\"panel-grid-cell\" ><div id=\"panel-gb7272-69f5bc4246d98-7-0-0\" class=\"so-panel widget widget_sow-image panel-first-child panel-last-child\" data-index=\"9\" ><div\n\t\t\t\n\t\t\tclass=\"so-widget-sow-image so-widget-sow-image-default-8b5b6f678277-7272\"\n\t\t\t\n\t\t>\n\n<div class=\"sow-image-container\">\n\t\t<img decoding=\"async\" src=\"https:\/\/www.hotelspark.sk\/wp-content\/uploads\/2018\/09\/1.jpg\" width=\"994\" height=\"324\" srcset=\"https:\/\/www.hotelspark.sk\/wp-content\/uploads\/2018\/09\/1.jpg 994w, https:\/\/www.hotelspark.sk\/wp-content\/uploads\/2018\/09\/1-300x98.jpg 300w, https:\/\/www.hotelspark.sk\/wp-content\/uploads\/2018\/09\/1-768x250.jpg 768w, https:\/\/www.hotelspark.sk\/wp-content\/uploads\/2018\/09\/1-480x156.jpg 480w, https:\/\/www.hotelspark.sk\/wp-content\/uploads\/2018\/09\/1-992x323.jpg 992w\" sizes=\"(max-width: 994px) 100vw, 994px\" alt=\"\" loading=\"lazy\" \t\tclass=\"so-widget-image\"\/>\n\t<\/div>\n\n<\/div><\/div><\/div><\/div><\/div><div id=\"pg-gb7272-69f5bc4246d98-8\"  class=\"panel-grid panel-no-style\" ><div id=\"pgc-gb7272-69f5bc4246d98-8-0\"  class=\"panel-grid-cell\" ><div id=\"panel-gb7272-69f5bc4246d98-8-0-0\" class=\"so-panel widget widget_sow-image panel-first-child panel-last-child\" data-index=\"10\" ><div\n\t\t\t\n\t\t\tclass=\"so-widget-sow-image so-widget-sow-image-default-8b5b6f678277-7272\"\n\t\t\t\n\t\t>\n\n<div class=\"sow-image-container\">\n\t\t<img decoding=\"async\" src=\"https:\/\/www.hotelspark.sk\/wp-content\/uploads\/2018\/09\/2-e1538131725397.jpg\" width=\"481\" height=\"377\" srcset=\"https:\/\/www.hotelspark.sk\/wp-content\/uploads\/2018\/09\/2-e1538131725397.jpg 481w, https:\/\/www.hotelspark.sk\/wp-content\/uploads\/2018\/09\/2-e1538131725397-300x235.jpg 300w, https:\/\/www.hotelspark.sk\/wp-content\/uploads\/2018\/09\/2-e1538131725397-480x376.jpg 480w\" sizes=\"(max-width: 481px) 100vw, 481px\" title=\"2\" alt=\"\" loading=\"lazy\" \t\tclass=\"so-widget-image\"\/>\n\t<\/div>\n\n<\/div><\/div><\/div><div id=\"pgc-gb7272-69f5bc4246d98-8-1\"  class=\"panel-grid-cell\" ><div id=\"panel-gb7272-69f5bc4246d98-8-1-0\" class=\"so-panel widget widget_sow-editor panel-first-child panel-last-child\" data-index=\"11\" ><div\n\t\t\t\n\t\t\tclass=\"so-widget-sow-editor so-widget-sow-editor-base\"\n\t\t\t\n\t\t>\n<div class=\"siteorigin-widget-tinymce textwidget\">\n\t<ul>\n<li>Die Pools, Saunen und der Salz-Inhalationsraum sind gem\u00e4\u00df der g\u00fcltigen Preisliste kostenpflichtig, die Sie auf der Hotelwebsite <a href=\"https:\/\/www.hotelspark.sk\/de\/wellness-einstiegspreisliste\/\">www.hotelspark.sk<\/a> finden.<\/li>\n<li>G\u00e4ste, die Aufenthaltspakete erworben haben, nutzen die darin enthaltenen Leistungen gem\u00e4\u00df den jeweiligen Paketbedingungen.<\/li>\n<li>Ein Saunatuch erhalten Sie an der Rezeption beim Kauf des Saunaeintritts.<\/li>\n<li>Ein Handtuch erhalten Sie an der Rezeption vor dem Eintritt in das Wellnesszentrum.<\/li>\n<li>Bitte lassen Sie benutzte Saunat\u00fccher und Handt\u00fccher in den Sammelbeh\u00e4ltern im Wellnesszentrum.<\/li>\n<li>Im Wellnesszentrum befindet sich ein Tablet, \u00fcber das Sie jederzeit ein Getr\u00e4nk bestellen k\u00f6nnen, das Ihnen der Kellner im Eco-Becher bringt. Der Verzehr im Wellnesszentrum kann auf das Zimmerkonto gebucht werden.<\/li>\n<\/ul>\n<\/div>\n<\/div><\/div><\/div><\/div><div id=\"pg-gb7272-69f5bc4246d98-9\"  class=\"panel-grid panel-no-style\" ><div id=\"pgc-gb7272-69f5bc4246d98-9-0\"  class=\"panel-grid-cell panel-grid-cell-empty\" ><\/div><div id=\"pgc-gb7272-69f5bc4246d98-9-1\"  class=\"panel-grid-cell panel-grid-cell-mobile-last\" ><div id=\"panel-gb7272-69f5bc4246d98-9-1-0\" class=\"so-panel widget widget_sow-editor panel-first-child panel-last-child\" data-index=\"12\" ><div class=\"panel-widget-style panel-widget-style-for-gb7272-69f5bc4246d98-9-1-0\" ><div\n\t\t\t\n\t\t\tclass=\"so-widget-sow-editor so-widget-sow-editor-base\"\n\t\t\t\n\t\t>\n<div class=\"siteorigin-widget-tinymce textwidget\">\n\t<h4 style=\"text-align: center;\">Das Wellnesszentrum kann nicht mit der Zimmerkarte ge\u00f6ffnet werden. Bitte kommen Sie zur Rezeption, wo Sie ein Chip-Armband gem\u00e4\u00df der aktuellen Preisliste f\u00fcr den Eintritt erhalten. Das Armband muss nach dem Besuch des Wellnessbereichs an der Rezeption zur\u00fcckgegeben werden \u2013 <strong>nicht zur\u00fcckgegebene Armb\u00e4nder werden berechnet.<\/strong><\/h4>\n<\/div>\n<\/div><\/div><\/div><\/div><div id=\"pgc-gb7272-69f5bc4246d98-9-2\"  class=\"panel-grid-cell panel-grid-cell-empty\" ><\/div><\/div><div id=\"pg-gb7272-69f5bc4246d98-10\"  class=\"panel-grid panel-no-style\" ><div id=\"pgc-gb7272-69f5bc4246d98-10-0\"  class=\"panel-grid-cell\" ><div id=\"panel-gb7272-69f5bc4246d98-10-0-0\" class=\"so-panel widget widget_sow-editor panel-first-child panel-last-child\" data-index=\"13\" ><div\n\t\t\t\n\t\t\tclass=\"so-widget-sow-editor so-widget-sow-editor-base\"\n\t\t\t\n\t\t>\n<div class=\"siteorigin-widget-tinymce textwidget\">\n\t<hr \/>\n<\/div>\n<\/div><\/div><\/div><\/div><div id=\"pg-gb7272-69f5bc4246d98-11\"  class=\"panel-grid panel-no-style\" ><div id=\"pgc-gb7272-69f5bc4246d98-11-0\"  class=\"panel-grid-cell\" ><div id=\"panel-gb7272-69f5bc4246d98-11-0-0\" class=\"so-panel widget widget_sow-editor panel-first-child panel-last-child\" data-index=\"14\" ><div\n\t\t\t\n\t\t\tclass=\"so-widget-sow-editor so-widget-sow-editor-base\"\n\t\t\t\n\t\t>\n<div class=\"siteorigin-widget-tinymce textwidget\">\n\t<h2 style=\"text-align: center;\">Massagen<\/h2>\n<p style=\"text-align: center;\">F\u00fcr Massagen ist eine vorherige Reservierung erforderlich. Sie k\u00f6nnen Ihren bevorzugten Termin ganz einfach selbst \u00fcber die Hotelwebsite buchen.<\/p>\n<p style=\"text-align: center;\"><strong>Oder wir \u00fcbernehmen die Reservierung gerne f\u00fcr Sie an der Rezeption.<\/strong><\/p>\n<p style=\"text-align: center;\"><a class=\"button\" title=\"\" href=\"https:\/\/www.hotelspark.sk\/de\/massage\/\"><span class=\"button-outer\"><span class=\"button-middle\"><span class=\"button-inner\">MEHR ERFAHREN<\/span><\/span><\/span><\/a><\/p>\n<\/div>\n<\/div><\/div><\/div><div id=\"pgc-gb7272-69f5bc4246d98-11-1\"  class=\"panel-grid-cell\" ><div id=\"panel-gb7272-69f5bc4246d98-11-1-0\" class=\"so-panel widget widget_sow-editor panel-first-child panel-last-child\" data-index=\"15\" ><div\n\t\t\t\n\t\t\tclass=\"so-widget-sow-editor so-widget-sow-editor-base\"\n\t\t\t\n\t\t>\n<div class=\"siteorigin-widget-tinymce textwidget\">\n\t<h2 style=\"text-align: center;\">Salzinhalation<\/h2>\n<p style=\"text-align: center;\">Die Salzinhalation hat wohltuende Wirkungen auf K\u00f6rper und Geist. Sie funktioniert nach dem Prinzip der Verdampfung von Salz in die Luft, die der Gast einatmet. Sie hilft, Verspannungen und die Atemwege zu l\u00f6sen und ist auch bei Hauterkrankungen geeignet. Ideal ist eine Inhalation von ca. 45 Minuten.<\/p>\n<p style=\"text-align: center;\"><a class=\"button\" title=\"\" href=\"..\/solna-inhalacna-miestnost\/\"><span class=\"button-outer\"><span class=\"button-middle\"><span class=\"button-inner\">MEHR ERFAHREN<\/span><\/span><\/span><\/a><\/p>\n<\/div>\n<\/div><\/div><\/div><\/div><div id=\"pg-gb7272-69f5bc4246d98-12\"  class=\"panel-grid panel-no-style\" ><div id=\"pgc-gb7272-69f5bc4246d98-12-0\"  class=\"panel-grid-cell\" ><div id=\"panel-gb7272-69f5bc4246d98-12-0-0\" class=\"so-panel widget widget_sow-editor panel-first-child panel-last-child\" data-index=\"16\" ><div\n\t\t\t\n\t\t\tclass=\"so-widget-sow-editor so-widget-sow-editor-base\"\n\t\t\t\n\t\t>\n<div class=\"siteorigin-widget-tinymce textwidget\">\n\t<hr \/>\n<\/div>\n<\/div><\/div><\/div><\/div><div id=\"pg-gb7272-69f5bc4246d98-13\"  class=\"panel-grid panel-no-style\" ><div id=\"pgc-gb7272-69f5bc4246d98-13-0\"  class=\"panel-grid-cell\" ><div id=\"panel-gb7272-69f5bc4246d98-13-0-0\" class=\"so-panel widget widget_sow-editor panel-first-child panel-last-child\" data-index=\"17\" ><div\n\t\t\t\n\t\t\tclass=\"so-widget-sow-editor so-widget-sow-editor-base\"\n\t\t\t\n\t\t>\n<div class=\"siteorigin-widget-tinymce textwidget\">\n\t<h2 style=\"text-align: center;\">Ausstattung und Dienstleistungen<\/h2>\n<\/div>\n<\/div><\/div><\/div><\/div><div id=\"pg-gb7272-69f5bc4246d98-14\"  class=\"panel-grid panel-no-style\" ><div id=\"pgc-gb7272-69f5bc4246d98-14-0\"  class=\"panel-grid-cell\" ><div id=\"panel-gb7272-69f5bc4246d98-14-0-0\" class=\"so-panel widget widget_sow-editor panel-first-child panel-last-child\" data-index=\"18\" ><div\n\t\t\t\n\t\t\tclass=\"so-widget-sow-editor so-widget-sow-editor-base\"\n\t\t\t\n\t\t>\n<div class=\"siteorigin-widget-tinymce textwidget\">\n\t<div class=\"border-title\">\n<div class=\"title\">\n<p>MINIBAR<\/p>\n<div class=\"border-left\"><\/div>\n<div class=\"border-right\"><\/div>\n<\/div>\n<\/div>\n<p style=\"text-align: center;\">In jedem Zimmer steht Ihnen eine Minibar zur Verf\u00fcgung. Getr\u00e4nke und Snacks sind kostenpflichtig. Bitte <strong>tragen Sie Ihren Verzehr in die Liste ein<\/strong>, die sich im Zimmer befindet. <strong>Beim Check-out legen Sie diese Liste bitte an der Rezeption vor<\/strong>.<\/p>\n<\/div>\n<\/div><\/div><\/div><div id=\"pgc-gb7272-69f5bc4246d98-14-1\"  class=\"panel-grid-cell\" ><div id=\"panel-gb7272-69f5bc4246d98-14-1-0\" class=\"so-panel widget widget_sow-editor panel-first-child panel-last-child\" data-index=\"19\" ><div\n\t\t\t\n\t\t\tclass=\"so-widget-sow-editor so-widget-sow-editor-base\"\n\t\t\t\n\t\t>\n<div class=\"siteorigin-widget-tinymce textwidget\">\n\t<div class=\"border-title\">\n<div class=\"title\">\n<p>WLAN<\/p>\n<div class=\"border-left\"><\/div>\n<div class=\"border-right\"><\/div>\n<\/div>\n<\/div>\n<p style=\"text-align: center;\">Die Internetverbindung ist im gesamten Hotelbereich <strong>ohne Passwort<\/strong> verf\u00fcgbar. Da das Wellnesszentrum eine Ruhezone ist, steht dort kein WLAN zur Verf\u00fcgung.<\/p>\n<\/div>\n<\/div><\/div><\/div><\/div><div id=\"pg-gb7272-69f5bc4246d98-15\"  class=\"panel-grid panel-no-style\" ><div id=\"pgc-gb7272-69f5bc4246d98-15-0\"  class=\"panel-grid-cell\" ><div id=\"panel-gb7272-69f5bc4246d98-15-0-0\" class=\"so-panel widget widget_sow-editor panel-first-child panel-last-child\" data-index=\"20\" ><div\n\t\t\t\n\t\t\tclass=\"so-widget-sow-editor so-widget-sow-editor-base\"\n\t\t\t\n\t\t>\n<div class=\"siteorigin-widget-tinymce textwidget\">\n\t<div class=\"border-title\">\n<div class=\"title\">\n<p>KLIMAANLAGE<\/p>\n<div class=\"border-left\"><\/div>\n<div class=\"border-right\"><\/div>\n<\/div>\n<\/div>\n<p style=\"text-align: center;\">Wenn Sie die Klimaanlage nutzen m\u00f6chten, kommen Sie bitte zur Rezeption, <strong>wo wir Ihnen die Fernbedienung gerne aush\u00e4ndigen<\/strong>.<\/p>\n<\/div>\n<\/div><\/div><\/div><div id=\"pgc-gb7272-69f5bc4246d98-15-1\"  class=\"panel-grid-cell\" ><div id=\"panel-gb7272-69f5bc4246d98-15-1-0\" class=\"so-panel widget widget_sow-editor panel-first-child panel-last-child\" data-index=\"21\" ><div\n\t\t\t\n\t\t\tclass=\"so-widget-sow-editor so-widget-sow-editor-base\"\n\t\t\t\n\t\t>\n<div class=\"siteorigin-widget-tinymce textwidget\">\n\t<div class=\"border-title\">\n<div class=\"title\">\n<p>NICHTRAUCHERHOTEL<\/p>\n<div class=\"border-left\"><\/div>\n<div class=\"border-right\"><\/div>\n<\/div>\n<\/div>\n<p style=\"text-align: center;\"><strong>Rauchen in den Zimmern und im gesamten Hotelbereich ist strengstens verboten!<\/strong> F\u00fcr Raucher steht der Bereich vor dem Hoteleingang oder die Hotelterrasse zur Verf\u00fcgung. Das Rauchen in den Zimmern verursacht erh\u00f6hte Kosten f\u00fcr das Hotel, daher wird ein Versto\u00df gegen diese Regel sanktioniert!<\/p>\n<\/div>\n<\/div><\/div><\/div><\/div><div id=\"pg-gb7272-69f5bc4246d98-16\"  class=\"panel-grid panel-no-style\" ><div id=\"pgc-gb7272-69f5bc4246d98-16-0\"  class=\"panel-grid-cell\" ><div id=\"panel-gb7272-69f5bc4246d98-16-0-0\" class=\"so-panel widget widget_sow-editor panel-first-child panel-last-child\" data-index=\"22\" ><div\n\t\t\t\n\t\t\tclass=\"so-widget-sow-editor so-widget-sow-editor-base\"\n\t\t\t\n\t\t>\n<div class=\"siteorigin-widget-tinymce textwidget\">\n\t<div class=\"border-title\">\n<div class=\"title\">\n<p>F\u00dcR KINDER<\/p>\n<div class=\"border-left\"><\/div>\n<div class=\"border-right\"><\/div>\n<\/div>\n<\/div>\n<p style=\"text-align: center;\">F\u00fcr Kinder stehen ein Au\u00dfenspielplatz, eine Kinderecke im Restaurant sowie der Kinderspielraum \u201eSparky\u201c zur Verf\u00fcgung. In den Galeriebereichen finden Kinder verschiedene B\u00fccher und k\u00f6nnen gemeinsam mit ihren Eltern Gesellschaftsspiele spielen. Weitere Informationen geben wir Ihnen gerne an der Rezeption.<\/p>\n<\/div>\n<\/div><\/div><\/div><div id=\"pgc-gb7272-69f5bc4246d98-16-1\"  class=\"panel-grid-cell\" ><div id=\"panel-gb7272-69f5bc4246d98-16-1-0\" class=\"so-panel widget widget_sow-editor panel-first-child panel-last-child\" data-index=\"23\" ><div\n\t\t\t\n\t\t\tclass=\"so-widget-sow-editor so-widget-sow-editor-base\"\n\t\t\t\n\t\t>\n<div class=\"siteorigin-widget-tinymce textwidget\">\n\t<div class=\"border-title\">\n<div class=\"title\">\n<p>WEITERE DIENSTLEISTUNGEN<\/p>\n<div class=\"border-left\"><\/div>\n<div class=\"border-right\"><\/div>\n<\/div>\n<\/div>\n<ul>\n<li style=\"text-align: center;\">Billard und Tischfu\u00dfball \/im Galeriebereich\/<\/li>\n<li style=\"text-align: center;\">Tischtennis \/Au\u00dfenspielfeld, saisonal verf\u00fcgbar\/<\/li>\n<li style=\"text-align: center;\">Feuerstelle mit der M\u00f6glichkeit, ein GRILLPAKET zu bestellen<\/li>\n<li style=\"text-align: center;\">Fahrradverleih \/begrenzte Anzahl, saisonal verf\u00fcgbar,<\/li>\n<li style=\"text-align: center;\">Informationen zur Verf\u00fcgbarkeit an der Rezeption\/<\/li>\n<li style=\"text-align: center;\">Volleyballplatz \/saisonal verf\u00fcgbar\/<\/li>\n<li style=\"text-align: center;\">Sportangeln mit der M\u00f6glichkeit, Angelruten auszuleihen \/begrenzte Anzahl,<\/li>\n<li style=\"text-align: center;\">Informationen zur Verf\u00fcgbarkeit an der Rezeption\/<\/li>\n<li style=\"text-align: center;\">Bootfahren auf dem Hotelteich \/saisonal, Informationen<\/li>\n<li style=\"text-align: center;\">zur Verf\u00fcgbarkeit an der Rezeption\/<\/li>\n<li style=\"text-align: center;\">Fu\u00dfballplatz auf Rasenfl\u00e4che<\/li>\n<\/ul>\n<p style=\"text-align: center;\">Einige Dienstleistungen sind kostenpflichtig. Weitere Informationen erhalten Sie gerne an der Rezeption.<\/p>\n<\/div>\n<\/div><\/div><\/div><\/div><div id=\"pg-gb7272-69f5bc4246d98-17\"  class=\"panel-grid panel-no-style\" ><div id=\"pgc-gb7272-69f5bc4246d98-17-0\"  class=\"panel-grid-cell panel-grid-cell-empty\" ><\/div><div id=\"pgc-gb7272-69f5bc4246d98-17-1\"  class=\"panel-grid-cell panel-grid-cell-mobile-last\" ><div id=\"panel-gb7272-69f5bc4246d98-17-1-0\" class=\"so-panel widget widget_sow-editor panel-first-child panel-last-child\" data-index=\"24\" ><div\n\t\t\t\n\t\t\tclass=\"so-widget-sow-editor so-widget-sow-editor-base\"\n\t\t\t\n\t\t>\n<div class=\"siteorigin-widget-tinymce textwidget\">\n\t<h3 style=\"text-align: center;\">Gerne beantworten wir Ihnen alle weiteren Fragen pers\u00f6nlich an der Hotelrezeption oder telefonisch direkt aus Ihrem Zimmer unter der Nummer 300.<\/h3>\n<p style=\"text-align: center;\">Die Rezeption steht Ihnen rund um die Uhr zur Verf\u00fcgung. Wir hoffen, dass es Ihnen bei uns gef\u00e4llt und dass wir zu Ihrer erholsamen Auszeit beitragen k\u00f6nnen. Nach Ihrem Aufenthalt freuen wir uns \u00fcber Ihr Feedback, das Sie uns gerne an <a href=\"mailto:feedback@hotelspark.sk\">feedback@hotelspark.sk<\/a> senden k\u00f6nnen. Vielen Dank, dass Sie sich f\u00fcr unsere Dienstleistungen entschieden haben. Wir w\u00fcnschen Ihnen einen angenehmen Aufenthalt.<\/p>\n<p style=\"text-align: center;\"><strong><em>Das Team des Wellness Hotel Spark****<\/em><\/strong><\/p>\n<\/div>\n<\/div><\/div><\/div><div id=\"pgc-gb7272-69f5bc4246d98-17-2\"  class=\"panel-grid-cell panel-grid-cell-empty\" ><\/div><\/div><\/div>","protected":false},"excerpt":{"rendered":"<p>Wir freuen uns sehr, dass Sie sich f\u00fcr einen Aufenthalt in unserem Hotel entschieden haben! Wir glauben, dass Sie sich bei uns wohlf\u00fchlen und die Ruhe inmitten der Natur fernab vom Alltag genie\u00dfen werden. Unser Hotel bietet verschiedene Dienstleistungen, die Ihnen garantiert helfen, bestm\u00f6glich zu entspannen und neue Energie zu tanken. Wir bieten eine breite [&hellip;]<\/p>\n","protected":false},"author":3,"featured_media":624,"parent":0,"menu_order":0,"comment_status":"closed","ping_status":"closed","template":"","meta":[],"acf":[],"_links":{"self":[{"href":"https:\/\/www.hotelspark.sk\/de\/wp-json\/wp\/v2\/pages\/7272"}],"collection":[{"href":"https:\/\/www.hotelspark.sk\/de\/wp-json\/wp\/v2\/pages"}],"about":[{"href":"https:\/\/www.hotelspark.sk\/de\/wp-json\/wp\/v2\/types\/page"}],"author":[{"embeddable":true,"href":"https:\/\/www.hotelspark.sk\/de\/wp-json\/wp\/v2\/users\/3"}],"replies":[{"embeddable":true,"href":"https:\/\/www.hotelspark.sk\/de\/wp-json\/wp\/v2\/comments?post=7272"}],"version-history":[{"count":13,"href":"https:\/\/www.hotelspark.sk\/de\/wp-json\/wp\/v2\/pages\/7272\/revisions"}],"predecessor-version":[{"id":7458,"href":"https:\/\/www.hotelspark.sk\/de\/wp-json\/wp\/v2\/pages\/7272\/revisions\/7458"}],"wp:featuredmedia":[{"embeddable":true,"href":"https:\/\/www.hotelspark.sk\/de\/wp-json\/wp\/v2\/media\/624"}],"wp:attachment":[{"href":"https:\/\/www.hotelspark.sk\/de\/wp-json\/wp\/v2\/media?parent=7272"}],"curies":[{"name":"wp","href":"https:\/\/api.w.org\/{rel}","templated":true}]}}