{"id":1370,"date":"2018-09-27T10:18:11","date_gmt":"2018-09-27T10:18:11","guid":{"rendered":"http:\/\/test.hotelspark.sk\/gdpr\/"},"modified":"2018-09-27T10:18:11","modified_gmt":"2018-09-27T10:18:11","slug":"gdpr","status":"publish","type":"page","link":"https:\/\/www.hotelspark.sk\/en\/gdpr\/","title":{"rendered":"GDPR"},"content":{"rendered":"<div id=\"pl-1370\"  class=\"panel-layout\" ><div id=\"pg-1370-0\"  class=\"panel-grid panel-no-style\" ><div id=\"pgc-1370-0-0\"  class=\"panel-grid-cell\" ><div id=\"panel-1370-0-0-0\" class=\"so-panel widget widget_sow-editor panel-first-child panel-last-child\" data-index=\"0\" ><div\n\t\t\t\n\t\t\tclass=\"so-widget-sow-editor so-widget-sow-editor-base\"\n\t\t\t\n\t\t>\n<div class=\"siteorigin-widget-tinymce textwidget\">\n\t<h2 style=\"text-align: center;\">Pravidl\u00e1 spracovania osobn\u00fdch \u00fadajov v spolo\u010dnosti Elisis s.r.o. (prev\u00e1dzkovate\u013e Wellness Hotela Spark****)<\/h2>\n<p>&nbsp;<\/p>\n<p>Tieto pravidl\u00e1 spracovania osobn\u00fdch \u00fadajov v spolo\u010dnosti Elisis s.r.o., prev\u00e1dzkovate\u013ea Wellness Hotela Spark****, I\u010cO: 48261505, Elisis s.r.o., 90068, Plaveck\u00fd \u0160tvrtok 520 zap\u00edsanej v obchodnom registri Okresn\u00e9ho s\u00fadu Bratislava 1, Odd.: Sro, Vl. \u010d. 105535\/B (\u010falej len \u201eElisis\u201c) upravuj\u00fa z\u00e1sady spracovania osobn\u00fdch \u00fadajov n\u00e1v\u0161tevn\u00edkov zariadenia a webov\u00fdch str\u00e1nok www.hotelspark.sk (\u010falej len \u201ewebov\u00e9 str\u00e1nky\u201c), najm\u00e4 klientov Elisis, ktor\u00ed sa prihl\u00e1sia na odber newslettera, vyplnia \u00fadaje v\u00a0rezerva\u010dnom formul\u00e1ri, vyplnia \u00fadaje pre objednania dar\u010dekov\u00fdch poukazov pr\u00edp. n\u00e1s kontaktuj\u00fa prostredn\u00edctvom kontaktn\u00e9ho formul\u00e1ra (\u010falej len \u201ez\u00e1kazn\u00edk\u201c), ako aj ubytovan\u00fdch host\u00ed (\u010falej len \u201ehos\u0165\u201c).<\/p>\n<p>Spolo\u010dnos\u0165 Elisis s.r.o. pri spracovan\u00ed osobn\u00fdch \u00fadajov vystupuje ako prev\u00e1dzkovate\u013e a ur\u010duje tak, za ak\u00fdm \u00fa\u010delom a ak\u00fdmi prostriedkami bude doch\u00e1dza\u0165 k spracovaniu osobn\u00fdch \u00fadajov.<\/p>\n<p>Spolo\u010dnos\u0165 spracov\u00e1va nasleduj\u00face \u00fadaje bez s\u00fahlasu hos\u0165a na z\u00e1klade z\u00e1kona 108\/2018 Z. z., ktor\u00fdm sa men\u00ed a dop\u013a\u0148a z\u00e1kon \u010d.\u00a0<a href=\"https:\/\/www.slov-lex.sk\/pravne-predpisy\/SK\/ZZ\/2011\/404\/\">404\/2011 Z. z.<\/a>\u00a0o pobyte cudzincov a o zmene a doplnen\u00ed niektor\u00fdch z\u00e1konov v znen\u00ed neskor\u0161\u00edch predpisov a ktor\u00fdm sa menia a dop\u013a\u0148aj\u00fa niektor\u00e9 z\u00e1kony a z\u00e1kona 253\/1998 Z. z. o hl\u00e1sen\u00ed pobytu ob\u010danov Slovenskej republiky a\u00a0registra obyvate\u013eov Slovenskej republiky nasledovne:<\/p>\n<p><em>Meno a priezvisko<\/em><\/p>\n<p><em>\u010c\u00edslo ob\u010dianskeho preukazu alebo pasu<\/em><\/p>\n<p><em>D\u00e1tum narodenia<\/em><\/p>\n<p><em>Adresa trval\u00e9ho bydiska<\/em><\/p>\n<p>Kontaktn\u00e9 \u00fadaje: <em>telef\u00f3nne \u010d\u00edslo,<\/em> <em>e-mail, adresa prechodn\u00e9ho bydliska, alebo kontaktn\u00e1 adresa<\/em>, spracov\u00e1va zariadenie so s\u00fahlasom dotknutej osoby. Vyplnen\u00edm ubytovacieho listu d\u00e1va z\u00e1kazn\u00edk s\u00fahlas na spracovanie t\u00fdchto \u00fadajov.<\/p>\n<p>Spolo\u010dnos\u0165 spracov\u00e1va kontaktn\u00e9 \u00fadaje v\u00a0rozsahu <em>\u00a0e-mailov\u00e1 adresa, meno a\u00a0priezvisko<\/em> pre registr\u00e1ciu na zasielanie obchodn\u00fdch ozn\u00e1men\u00ed zasielan\u00fdch odberate\u013eom formou newsletter-a. Spracovanie prebieha v tomto pr\u00edpade len na z\u00e1klade s\u00fahlasu dotknutej osoby. S\u00fahlas so spracovan\u00edm t\u00fdchto \u00fadajov ude\u013euje v priebehu registr\u00e1cie na odber newsletter-a na webovej str\u00e1nke hotela, resp. pri rezerv\u00e1cii ubytovania. Tento s\u00fahlas m\u00f4\u017ee kedyko\u013evek odvola\u0165 kliknut\u00edm na pr\u00edslu\u0161n\u00fd odkaz umiestnen\u00fd v ka\u017edom obchodnom ozn\u00e1men\u00ed alebo m\u00f4\u017ee kontaktova\u0165 priamo na e-mailovej adrese office@hotelspark.sk.<\/p>\n<p>Spolo\u010dnos\u0165 spracov\u00e1va kontaktn\u00e9 \u00fadaje v\u00a0rozsahu <em>e-mailov\u00e1 adresa, meno a\u00a0priezvisko, d\u00e1tum pr\u00edchodu, d\u00e1tum odchodu a\u00a0telef\u00f3nne \u010dislo<\/em> pre potreby rezerv\u00e1cie ubytovania formou rezerva\u010dn\u00e9ho formul\u00e1ra na webovej str\u00e1nke hotela. S\u00fahlas so spracovan\u00edm t\u00fdchto \u00fadajov ude\u013euje v priebehu vyp\u013a\u0148ania tohto formul\u00e1ra. Tento s\u00fahlas m\u00f4\u017ee kedyko\u013evek odvola\u0165 telefonicky alebo na e-mailovej adrese <a href=\"mailto:office@hotelspark.sk\">office@hotelspark.sk<\/a>.<\/p>\n<p>Spolo\u010dnos\u0165 spracov\u00e1va kontaktn\u00e9 \u00fadaje v\u00a0rozsahu <em>e-<\/em>m<em>ailov\u00e1 adresa, meno a\u00a0priezvisko a\u00a0telef\u00f3nne \u010dislo<\/em> pre potreby evidencie objednania dar\u010dekov\u00fdch poukazov na webovej str\u00e1nke hotela. S\u00fahlas so spracovan\u00edm t\u00fdchto \u00fadajov ude\u013euje v priebehu vyp\u013a\u0148ania tohto formul\u00e1ra. Tento s\u00fahlas m\u00f4\u017ee kedyko\u013evek odvola\u0165 telefonicky alebo na e-mailovej adrese <a href=\"mailto:office@hotelspark.sk\">office@hotelspark.sk<\/a>.<\/p>\n<p><em>\u00a0<\/em><\/p>\n<p>Odvolanie s\u00fahlasu nem\u00e1 vplyv na osobn\u00e9 \u00fadaje, ktor\u00e9 boli spracov\u00e1van\u00e9 na z\u00e1klade z\u00e1konnej povinnosti prev\u00e1dzkovate\u013ea. Poskytnut\u00e9 osobn\u00e9 \u00fadaje m\u00f4\u017eu by\u0165 na\u010falej sprac\u00favan\u00e9 na archiva\u010dn\u00e9 a\u00a0\u0161tatistick\u00e9 \u00fa\u010dely.<\/p>\n<p>Osobn\u00e9 \u00fadaje, ktor\u00e9 spracov\u00e1va prev\u00e1dzkovate\u013e na z\u00e1klade poskytnut\u00e9ho s\u00fahlasu bud\u00fa v\u00a0pr\u00edpade odvolania s\u00fahlasu vymazan\u00e9.<\/p>\n<p>Dotknut\u00e1 osoba m\u00e1 pr\u00e1vo po\u017eadova\u0165 od prev\u00e1dzkovate\u013ea pr\u00edstup k\u00a0poskytnut\u00fdm osobn\u00fdm \u00fadajom, pr\u00e1vo na opravu osobn\u00fdch \u00fadajov, pr\u00e1vo na vymazanie osobn\u00fdch \u00fadajov, pr\u00e1vo na obmedzenie sprac\u00favania osobn\u00fdch \u00fadajov, pr\u00e1vo namieta\u0165 sprac\u00favanie osobn\u00fdch \u00fadajov, pr\u00e1vo na prenosnos\u0165 osobn\u00fdch \u00fadajov, pr\u00e1vo poda\u0165 n\u00e1vrh na za\u010datie konania pod\u013ea Z\u00e1kona 18\/2018 Z. z. o ochrane osobn\u00fdch \u00fadajov.<\/p>\n<p>Ot\u00e1zky oh\u013eadom ochrany osobn\u00fdch \u00fadajov spracov\u00e1van\u00fdch Wellness Hotelom Spark zasielajte elektronicky na emailov\u00fa adresu: <a href=\"mailto:zodpovedna_osoba@hotelspark.sk\">zodpovedna_osoba@hotelspark.sk<\/a>, ktor\u00e9 bud\u00fa vybavovan\u00e9\u00a0 zodpovednou osobou pre ochranu osobn\u00fdch \u00fadajov.<\/p>\n<\/div>\n<\/div><\/div><\/div><\/div><\/div>","protected":false},"excerpt":{"rendered":"<p>Pravidl\u00e1 spracovania osobn\u00fdch \u00fadajov v spolo\u010dnosti Elisis s.r.o. (prev\u00e1dzkovate\u013e Wellness Hotela Spark****) &nbsp; Tieto pravidl\u00e1 spracovania osobn\u00fdch \u00fadajov v spolo\u010dnosti Elisis s.r.o., prev\u00e1dzkovate\u013ea Wellness Hotela Spark****, I\u010cO: 48261505, Elisis s.r.o., 90068, Plaveck\u00fd \u0160tvrtok 520 zap\u00edsanej v obchodnom registri Okresn\u00e9ho s\u00fadu Bratislava 1, Odd.: Sro, Vl. \u010d. 105535\/B (\u010falej len \u201eElisis\u201c) upravuj\u00fa z\u00e1sady spracovania osobn\u00fdch \u00fadajov [&hellip;]<\/p>\n","protected":false},"author":3,"featured_media":498,"parent":0,"menu_order":0,"comment_status":"closed","ping_status":"closed","template":"","meta":[],"acf":[],"_links":{"self":[{"href":"https:\/\/www.hotelspark.sk\/en\/wp-json\/wp\/v2\/pages\/1370"}],"collection":[{"href":"https:\/\/www.hotelspark.sk\/en\/wp-json\/wp\/v2\/pages"}],"about":[{"href":"https:\/\/www.hotelspark.sk\/en\/wp-json\/wp\/v2\/types\/page"}],"author":[{"embeddable":true,"href":"https:\/\/www.hotelspark.sk\/en\/wp-json\/wp\/v2\/users\/3"}],"replies":[{"embeddable":true,"href":"https:\/\/www.hotelspark.sk\/en\/wp-json\/wp\/v2\/comments?post=1370"}],"version-history":[{"count":0,"href":"https:\/\/www.hotelspark.sk\/en\/wp-json\/wp\/v2\/pages\/1370\/revisions"}],"wp:featuredmedia":[{"embeddable":true,"href":"https:\/\/www.hotelspark.sk\/en\/wp-json\/wp\/v2\/media\/498"}],"wp:attachment":[{"href":"https:\/\/www.hotelspark.sk\/en\/wp-json\/wp\/v2\/media?parent=1370"}],"curies":[{"name":"wp","href":"https:\/\/api.w.org\/{rel}","templated":true}]}}