{"id":1377,"date":"2018-10-03T08:10:20","date_gmt":"2018-10-03T08:10:20","guid":{"rendered":"http:\/\/test.hotelspark.sk\/kozmetika\/"},"modified":"2018-10-30T11:21:30","modified_gmt":"2018-10-30T11:21:30","slug":"cosmetics","status":"publish","type":"page","link":"https:\/\/www.hotelspark.sk\/en\/cosmetics\/","title":{"rendered":"Cosmetics"},"content":{"rendered":"<div id=\"pl-1377\"  class=\"panel-layout\" ><div id=\"pg-1377-0\"  class=\"panel-grid panel-no-style\" ><div id=\"pgc-1377-0-0\"  class=\"panel-grid-cell\" ><div id=\"panel-1377-0-0-0\" class=\"so-panel widget widget_sow-editor panel-first-child panel-last-child\" data-index=\"0\" ><div\n\t\t\t\n\t\t\tclass=\"so-widget-sow-editor so-widget-sow-editor-base\"\n\t\t\t\n\t\t>\n<div class=\"siteorigin-widget-tinymce textwidget\">\n\t<h5 style=\"text-align: center; margin-bottom: 0px;\"><strong>Cure for greasy skin type with extended pores and inclination to acne, 90 - 120 min.<\/strong><\/h5>\n<div class=\"border-title\">\n<div class=\"title\">\n<p>30\u20ac<\/p>\n<div class=\"border-left\"><\/div>\n<div class=\"border-right\"><\/div>\n<\/div>\n<\/div>\n<div class=\"content-inner content-center\"><\/div>\n<p style=\"margin-top: 0px;\">The skin produces an increased amount of sebum, and for the healthy and fresh look of the oily skin type it is important to regularly clean and prevent inflammation processes while preserving the natural elasticity of the skin. The preparations for this treatment therefore contain aloe vera, sage, arnica, oak bark, kaolin, calcium and vitamin C and E, which remove excess sebum, purify, reduce acne and reduce pores.\u2028<\/p>\n<p><strong>Procedure Description:<\/strong><\/p>\n<li>\u00a0Surface cleaning<\/li>\n<li>\u00a0Enzymatic peeling<\/li>\n<li>\u00a0Deep cleaning<\/li>\n<li>\u00a0Double mask<\/li>\n<li>\u00a0Serum, cream<\/li>\n<p>This cure is free of cosmetic massage, the preparations are applied by gently tapping into the skin.<\/p>\n<\/div>\n<\/div><\/div><\/div><div id=\"pgc-1377-0-1\"  class=\"panel-grid-cell\" ><div id=\"panel-1377-0-1-0\" class=\"so-panel widget widget_sow-editor panel-first-child panel-last-child\" data-index=\"1\" ><div\n\t\t\t\n\t\t\tclass=\"so-widget-sow-editor so-widget-sow-editor-base\"\n\t\t\t\n\t\t>\n<div class=\"siteorigin-widget-tinymce textwidget\">\n\t<h5 style=\"text-align: center; margin-bottom: 0px;\"><strong>Nourishing and regenerative cure for sensitive and dry skin, 90 - 120 min.<br \/>\n<\/strong><\/h5>\n<div class=\"border-title\">\n<div class=\"title\">\n<p>35\u20ac<\/p>\n<div class=\"border-left\"><\/div>\n<div class=\"border-right\"><\/div>\n<\/div>\n<\/div>\n<div class=\"content-inner content-center\"><\/div>\n<p style=\"margin-top: 0px;\">The dry and sensitive skin is very delicate for weathering phenomena, and with increasing age it is necessary to supply substances that ensure its elasticity, strength and brightness. The active ingredients in this treatment are mainly natural oils (olive and primrose), cereal sprouts, medicinal nectars and vitamins that regenerate, normalize, improve elasticity and leave the skin supple and soft.\n<\/p>\n<p><strong>Procedure Description:<\/strong><\/p>\n<li>\u00a0Surface cleaning<\/li>\n<li>\u00a0Soft peeling<\/li>\n<li>\u00a0Treatment with hydro-NUTRITIVE and LANOMED (mask, serum, cream, ointment) applied with cosmetic massage<\/li>\n<\/div>\n<\/div><\/div><\/div><div id=\"pgc-1377-0-2\"  class=\"panel-grid-cell\" ><div id=\"panel-1377-0-2-0\" class=\"so-panel widget widget_sow-editor panel-first-child panel-last-child\" data-index=\"2\" ><div\n\t\t\t\n\t\t\tclass=\"so-widget-sow-editor so-widget-sow-editor-base\"\n\t\t\t\n\t\t>\n<div class=\"siteorigin-widget-tinymce textwidget\">\n\t<h5 style=\"text-align: center; margin-bottom: 0px;\"><strong>Luxury in the form of gold, 90 - 120 min.<\/strong><\/h5>\n<div class=\"border-title\">\n<div class=\"title\">\n<p>55\u20ac<\/p>\n<div class=\"border-left\"><\/div>\n<div class=\"border-right\"><\/div>\n<\/div>\n<\/div>\n<div class=\"content-inner content-center\"><\/div>\n<p style=\"margin-top: 0px;\">Luxurious and energizing treatment for one-stop-perfect appearance with the use of a luxury complex of 24KA gold-plated gold, colloidal gold, caviar, plant cell extracts, hyaluronic acid, collagen and hydration-vitamin complex. A high sense of comfort enhances stimulation of self-regenerative skin functions and regeneration of the cells.<\/p>\n<p><strong>Procedure Description:<\/strong><\/p>\n<li>\u00a0Surface cleaning<\/li>\n<li>\u00a0Enzymatic AHA Peeling<\/li>\n<li>\u00a024K gold treatment (serum, cream) with cosmetic massage<\/li>\n<li>\u00a0Active collagen mask<\/li>\n<li>\u00a0Ultimate cream with 24K gold\u2028<\/li>\n<p>Suitable for all skin types, especially for demanding skin.<\/p>\n<\/div>\n<\/div><\/div><\/div><\/div><div id=\"pg-1377-1\"  class=\"panel-grid panel-no-style\" ><div id=\"pgc-1377-1-0\"  class=\"panel-grid-cell panel-grid-cell-empty\" ><\/div><\/div><div id=\"pg-1377-2\"  class=\"panel-grid panel-no-style\" ><div id=\"pgc-1377-2-0\"  class=\"panel-grid-cell\" ><div id=\"panel-1377-2-0-0\" class=\"so-panel widget widget_sow-editor panel-first-child panel-last-child\" data-index=\"3\" ><div\n\t\t\t\n\t\t\tclass=\"so-widget-sow-editor so-widget-sow-editor-base\"\n\t\t\t\n\t\t>\n<div class=\"siteorigin-widget-tinymce textwidget\">\n\t<h5 style=\"text-align: center; margin-bottom: 0px;\"><strong>Antistress, lifting and detoxication treatment, 90 - 120 min.<\/strong><\/h5>\n<div class=\"border-title\">\n<div class=\"title\">\n<p>35\u20ac<\/p>\n<div class=\"border-left\"><\/div>\n<div class=\"border-right\"><\/div>\n<\/div>\n<\/div>\n<div class=\"content-inner content-center\"><\/div>\n<p style=\"margin-top: 0px;\">Regenerative treatment for skin detoxification and increased elasticity with lifting effect for fine wrinkles, extract of green tea, coconut oil, hyaluronic acid and vitamin E skin turn off, brighten and soften.<\/p>\n<p><strong>Procedure Description:<\/strong><\/p>\n<li>\u00a0Surface cleaning<\/li>\n<li>\u00a0Soft peeling<\/li>\n<\/div>\n<\/div><\/div><\/div><div id=\"pgc-1377-2-1\"  class=\"panel-grid-cell\" ><div id=\"panel-1377-2-1-0\" class=\"so-panel widget widget_sow-editor panel-first-child panel-last-child\" data-index=\"4\" ><div\n\t\t\t\n\t\t\tclass=\"so-widget-sow-editor so-widget-sow-editor-base\"\n\t\t\t\n\t\t>\n<div class=\"siteorigin-widget-tinymce textwidget\">\n\t<h5 style=\"text-align: center; margin-bottom: 0px;\"><strong>Collagen cure, 90 - 120 min.<\/strong><\/h5>\n<div class=\"border-title\">\n<div class=\"title\">\n<p>35\u20ac<\/p>\n<div class=\"border-left\"><\/div>\n<div class=\"border-right\"><\/div>\n<\/div>\n<\/div>\n<div class=\"content-inner content-center\"><\/div>\n<p style=\"margin-top: 0px;\">Collagen fibers affect the elasticity and suppleness of the skin and its aging. Therefore, amino acids, collagen, hyaluronic acid, vitamin E and panthenol contained in the collagen treatment stimulate the process of synthesis of collagen fibers, smoothen the skin and produce a velvety appearance.<\/p>\n<p><strong>Procedure Description:<\/strong><\/p>\n<li>\u00a0Surface cleaning<\/li>\n<li>\u00a0Soft peeling<\/li>\n<li>\u00a0Treatment with hydro-NUTRITIVE and LANOMED (mask, serum, cream, ointment) applied with cosmetic massage<\/li>\n<\/div>\n<\/div><\/div><\/div><div id=\"pgc-1377-2-2\"  class=\"panel-grid-cell\" ><div id=\"panel-1377-2-2-0\" class=\"so-panel widget widget_sow-editor panel-first-child panel-last-child\" data-index=\"5\" ><div\n\t\t\t\n\t\t\tclass=\"so-widget-sow-editor so-widget-sow-editor-base\"\n\t\t\t\n\t\t>\n<div class=\"siteorigin-widget-tinymce textwidget\">\n\t<h5 style=\"text-align: center; margin-bottom: 0px;\"><strong>Relaxation cure, 45 - 60 min.<\/strong><\/h5>\n<div class=\"border-title\">\n<div class=\"title\">\n<p>22\u20ac<\/p>\n<div class=\"border-left\"><\/div>\n<div class=\"border-right\"><\/div>\n<\/div>\n<\/div>\n<div class=\"content-inner content-center\"><\/div>\n<p style=\"margin-top: 0px;\">Relaxation-nourishing facial and d\u00e9colletage treatment by soothing massage of the forehead, face and d\u00e9collet\u00e9.<\/p>\n<p><strong>Procedure Description:<\/strong><\/p>\n<li>\u00a0Surface cleaning<\/li>\n<li> Nourishing cream<\/li>\n<li>\u00a0Paraffin mask<\/li>\n<li>\u00a0Massage of the forearm, face and d\u00e9collet\u00e9\u2028<\/li>\n<\/div>\n<\/div><\/div><\/div><\/div><div id=\"pg-1377-3\"  class=\"panel-grid panel-no-style\" ><div id=\"pgc-1377-3-0\"  class=\"panel-grid-cell panel-grid-cell-empty\" ><\/div><\/div><div id=\"pg-1377-4\"  class=\"panel-grid panel-no-style\" ><div id=\"pgc-1377-4-0\"  class=\"panel-grid-cell\" ><div id=\"panel-1377-4-0-0\" class=\"so-panel widget widget_sow-editor panel-first-child panel-last-child\" data-index=\"6\" ><div\n\t\t\t\n\t\t\tclass=\"so-widget-sow-editor so-widget-sow-editor-base\"\n\t\t\t\n\t\t>\n<div class=\"siteorigin-widget-tinymce textwidget\">\n\t<h5 style=\"text-align: center; margin-bottom: 0px;\"><strong>Face massage, 30 min.<\/strong><\/h5>\n<div class=\"border-title\">\n<div class=\"title\">\n<p>15\u20ac<\/p>\n<div class=\"border-left\"><\/div>\n<div class=\"border-right\"><\/div>\n<\/div>\n<\/div>\n<div class=\"content-inner content-center\"><\/div>\n<p style=\"margin-top: 0px;\">Cosmetic face and d\u00e9colletage massage is suitable as a separate massage or as a supplement to any body massage or procedure.<\/p>\n<\/div>\n<\/div><\/div><\/div><div id=\"pgc-1377-4-1\"  class=\"panel-grid-cell\" ><div id=\"panel-1377-4-1-0\" class=\"so-panel widget widget_sow-editor panel-first-child panel-last-child\" data-index=\"7\" ><div\n\t\t\t\n\t\t\tclass=\"so-widget-sow-editor so-widget-sow-editor-base\"\n\t\t\t\n\t\t>\n<div class=\"siteorigin-widget-tinymce textwidget\">\n\t\n<table id=\"tablepress-12\" class=\"tablepress tablepress-id-12\">\n<thead>\n<tr class=\"row-1 odd\">\n\t<th class=\"column-1\">Eyebrow forming*<\/th><th class=\"column-2\">2,50\u20ac<\/th>\n<\/tr>\n<\/thead>\n<tbody class=\"row-hover\">\n<tr class=\"row-2 even\">\n\t<td class=\"column-1\">Eyebrow coloring*<\/td><td class=\"column-2\">2,50\u20ac<\/td>\n<\/tr>\n<tr class=\"row-3 odd\">\n\t<td class=\"column-1\">Eyelashes coloring*<\/td><td class=\"column-2\">2,50\u20ac<\/td>\n<\/tr>\n<\/tbody>\n<\/table>\n<!-- #tablepress-12 from cache -->\n<p><strong>*<\/strong><strong>Eyebrow forming and eyebrow or eyelashes coloring is available purely as a\u00a0supplement to cosmetic treatments. <\/strong><\/p>\n<\/div>\n<\/div><\/div><\/div><\/div><\/div>","protected":false},"excerpt":{"rendered":"<p>Cure for greasy skin type with extended pores and inclination to acne, 90 &#8211; 120 min. 30\u20ac The skin produces an increased amount of sebum, and for the healthy and fresh look of the oily skin type it is important to regularly clean and prevent inflammation processes while preserving the natural elasticity of the skin. [&hellip;]<\/p>\n","protected":false},"author":3,"featured_media":1259,"parent":0,"menu_order":0,"comment_status":"closed","ping_status":"closed","template":"","meta":[],"acf":[],"_links":{"self":[{"href":"https:\/\/www.hotelspark.sk\/en\/wp-json\/wp\/v2\/pages\/1377"}],"collection":[{"href":"https:\/\/www.hotelspark.sk\/en\/wp-json\/wp\/v2\/pages"}],"about":[{"href":"https:\/\/www.hotelspark.sk\/en\/wp-json\/wp\/v2\/types\/page"}],"author":[{"embeddable":true,"href":"https:\/\/www.hotelspark.sk\/en\/wp-json\/wp\/v2\/users\/3"}],"replies":[{"embeddable":true,"href":"https:\/\/www.hotelspark.sk\/en\/wp-json\/wp\/v2\/comments?post=1377"}],"version-history":[{"count":7,"href":"https:\/\/www.hotelspark.sk\/en\/wp-json\/wp\/v2\/pages\/1377\/revisions"}],"predecessor-version":[{"id":1466,"href":"https:\/\/www.hotelspark.sk\/en\/wp-json\/wp\/v2\/pages\/1377\/revisions\/1466"}],"wp:featuredmedia":[{"embeddable":true,"href":"https:\/\/www.hotelspark.sk\/en\/wp-json\/wp\/v2\/media\/1259"}],"wp:attachment":[{"href":"https:\/\/www.hotelspark.sk\/en\/wp-json\/wp\/v2\/media?parent=1377"}],"curies":[{"name":"wp","href":"https:\/\/api.w.org\/{rel}","templated":true}]}}